{"id":1090,"date":"2018-01-23T13:46:37","date_gmt":"2018-01-23T12:46:37","guid":{"rendered":"https:\/\/www.mydriverparis.com\/?page_id=1090"},"modified":"2018-03-27T17:21:05","modified_gmt":"2018-03-27T15:21:05","slug":"transport-de-bagages","status":"publish","type":"page","link":"https:\/\/www.mydriverparis.com\/fr\/nos-services\/transport-de-bagages\/","title":{"rendered":"Transport de bagages"},"content":{"rendered":"MyDriverParis peut mettre \u00e0 votre disposition un <strong>van pour nos clients avec des exc\u00e9dents de bagages.<\/strong><\/p>\n<p>Le Van \u00e0 bagages est un service que nous offrons, pour les clients qui ont des bagages en trop, y compris des valises, de l&#8217;\u00e9quipement musical et m\u00eame des meubles.<\/p>\n<p>Nous comprenons que toutes les voitures avec chauffeur ne peuvent pas couvrir les exc\u00e9dents de bagages, ce qui explique pourquoi le van \u00e0 bagages est une solution id\u00e9ale. Le van permet \u00e0 vos bagages d&#8217;atteindre votre destination <strong>en toute s\u00e9curit\u00e9<\/strong>.<\/p>\n<p>Si vous souhaitez <strong>transf\u00e9rer vos bagages \u00e0 destination<\/strong> ou si vous souhaitez d\u00e9placer quelque chose discr\u00e8tement, contactez-nous et nous organiserons tout.\n","protected":false},"excerpt":{"rendered":"","protected":false},"author":1,"featured_media":0,"parent":1078,"menu_order":0,"comment_status":"closed","ping_status":"closed","template":"","meta":{"om_disable_all_campaigns":false,"footnotes":""},"class_list":["post-1090","page","type-page","status-publish","hentry"],"_links":{"self":[{"href":"https:\/\/www.mydriverparis.com\/fr\/wp-json\/wp\/v2\/pages\/1090","targetHints":{"allow":["GET"]}}],"collection":[{"href":"https:\/\/www.mydriverparis.com\/fr\/wp-json\/wp\/v2\/pages"}],"about":[{"href":"https:\/\/www.mydriverparis.com\/fr\/wp-json\/wp\/v2\/types\/page"}],"author":[{"embeddable":true,"href":"https:\/\/www.mydriverparis.com\/fr\/wp-json\/wp\/v2\/users\/1"}],"replies":[{"embeddable":true,"href":"https:\/\/www.mydriverparis.com\/fr\/wp-json\/wp\/v2\/comments?post=1090"}],"version-history":[{"count":0,"href":"https:\/\/www.mydriverparis.com\/fr\/wp-json\/wp\/v2\/pages\/1090\/revisions"}],"up":[{"embeddable":true,"href":"https:\/\/www.mydriverparis.com\/fr\/wp-json\/wp\/v2\/pages\/1078"}],"wp:attachment":[{"href":"https:\/\/www.mydriverparis.com\/fr\/wp-json\/wp\/v2\/media?parent=1090"}],"curies":[{"name":"wp","href":"https:\/\/api.w.org\/{rel}","templated":true}]}}