{"id":1324,"date":"2018-03-22T17:22:05","date_gmt":"2018-03-22T16:22:05","guid":{"rendered":"https:\/\/www.mydriverparis.com\/?page_id=1324"},"modified":"2018-03-22T17:24:02","modified_gmt":"2018-03-22T16:24:02","slug":"visite","status":"publish","type":"page","link":"https:\/\/www.mydriverparis.com\/fr\/visite\/","title":{"rendered":"Excursion depuis Paris"},"content":{"rendered":"MyDriverParis vous propose une gamme vari\u00e9e d\u2019excursions en compagnie d\u2019un chauffeur priv\u00e9. Au gr\u00e9 de vos envies, pour une journ\u00e9e ou plus, vous pourrez visiter les plus beaux lieux de Paris,\u00a0les mus\u00e9es et monuments historiques et les villes aux alentours<\/p>\n<p>Notre \u00e9quipe de chauffeurs priv\u00e9s assureront vos d\u00e9placements tout au long de votre s\u00e9jour, dans le\u00a0confort et la s\u00e9curit\u00e9\u00a0dont vous avez besoin, gr\u00e2ce \u00e0 notre service de\u00a0transport de personnes.<\/p>\n<p>Avec notre exp\u00e9rience et de notre savoir-faire, vous profiterez pleinement du charme de notre\u00a0r\u00e9gion. Toutes nos excursions en v\u00e9hicules haut de gamme sont caract\u00e9ris\u00e9es par un service personnalis\u00e9 et adapt\u00e9. En Mini\u00a0Van , Mini bus ou avec une luxueuse berline, un chauffeur bilingue d\u00e9di\u00e9 est \u00e0\u00a0votre service vous attend \u00e0 votre h\u00f4tel, \u00e0 votre domicile ou encore \u00e0 la descente de votre bateau de croisi\u00e8re au Havre<\/p>\n<p>Nous vous proposons aussi des excursions \u00a0sur-mesure . Vous choisissez votre destination et les lieux que\u00a0vous souhaitez d\u00e9couvrir, la date, le v\u00e9hicule, la dur\u00e9e de votre s\u00e9jour. Nous pourrons vous conseiller sur les\u00a0lieux \u00e0 ne pas manquer, les \u00e9tablissements les plus luxueux o\u00f9 s\u00e9journer. N\u2019h\u00e9sitez pas \u00e0 nous contacter \u00e0 l\u2019adresse suivante\u00a0: contact@mydriverparis.com\n","protected":false},"excerpt":{"rendered":"","protected":false},"author":1,"featured_media":0,"parent":0,"menu_order":0,"comment_status":"closed","ping_status":"closed","template":"","meta":{"om_disable_all_campaigns":false,"footnotes":""},"class_list":["post-1324","page","type-page","status-publish","hentry"],"_links":{"self":[{"href":"https:\/\/www.mydriverparis.com\/fr\/wp-json\/wp\/v2\/pages\/1324","targetHints":{"allow":["GET"]}}],"collection":[{"href":"https:\/\/www.mydriverparis.com\/fr\/wp-json\/wp\/v2\/pages"}],"about":[{"href":"https:\/\/www.mydriverparis.com\/fr\/wp-json\/wp\/v2\/types\/page"}],"author":[{"embeddable":true,"href":"https:\/\/www.mydriverparis.com\/fr\/wp-json\/wp\/v2\/users\/1"}],"replies":[{"embeddable":true,"href":"https:\/\/www.mydriverparis.com\/fr\/wp-json\/wp\/v2\/comments?post=1324"}],"version-history":[{"count":0,"href":"https:\/\/www.mydriverparis.com\/fr\/wp-json\/wp\/v2\/pages\/1324\/revisions"}],"wp:attachment":[{"href":"https:\/\/www.mydriverparis.com\/fr\/wp-json\/wp\/v2\/media?parent=1324"}],"curies":[{"name":"wp","href":"https:\/\/api.w.org\/{rel}","templated":true}]}}