{"id":1330,"date":"2018-03-23T16:30:30","date_gmt":"2018-03-23T15:30:30","guid":{"rendered":"https:\/\/www.mydriverparis.com\/?page_id=1330"},"modified":"2018-03-23T16:31:03","modified_gmt":"2018-03-23T15:31:03","slug":"reims-champagne","status":"publish","type":"page","link":"https:\/\/www.mydriverparis.com\/fr\/visite\/reims-champagne\/","title":{"rendered":"Reims Champagne"},"content":{"rendered":"<img loading=\"lazy\" decoding=\"async\" width=\"300\" height=\"225\" class=\"alignnone size-medium wp-image-1298\" src=\"https:\/\/www.mydriverparis.com\/wp-content\/uploads\/2018\/03\/reims-champagne-tour-from-paris-300x225.jpg\" alt=\"Reims champagne tour from paris\" srcset=\"https:\/\/www.mydriverparis.com\/wp-content\/uploads\/2018\/03\/reims-champagne-tour-from-paris-300x225.jpg 300w, https:\/\/www.mydriverparis.com\/wp-content\/uploads\/2018\/03\/reims-champagne-tour-from-paris-768x576.jpg 768w, https:\/\/www.mydriverparis.com\/wp-content\/uploads\/2018\/03\/reims-champagne-tour-from-paris-100x75.jpg 100w, https:\/\/www.mydriverparis.com\/wp-content\/uploads\/2018\/03\/reims-champagne-tour-from-paris.jpg 800w\" sizes=\"auto, (max-width: 300px) 100vw, 300px\" \/><\/p>\n<p>1 heure 30 de route de Paris, vous arriverez \u00e0 la r\u00e9gion de Champagne connue \u00e0 l&#8217;\u00e9poque romaine et depuis l&#8217;\u00e9poque de Dom P\u00e9rignon pour ses \u00e9tonnants vins mousseux.<\/p>\n<p>En longeant la route du champagne, vous serez conduit \u00e0 Chatillon sur marne c\u00e9l\u00e8bre pour \u00eatre le berceau du pape dont la statue g\u00e9ante surplombe la vall\u00e9e de la Marne. Apr\u00e8s avoir profit\u00e9 de la vue panoramique palpitante, vous continuerez votre voyage vers Epernay, la capitale de la Champagne. Vous visiterez \u00e9galement le plus prestigieux producteur de champagne du monde: Mo\u00ebt et Chandon.<\/p>\n<p>Un expert du vin de la maison vous expliquera les d\u00e9tails de la m\u00e9thode de fabrication de Champagne de la cueillette de raisins \u00e0 la mise en bouteille. La visite dure au moins une heure et est suivie d&#8217;une d\u00e9gustation.<\/p>\n<p>Apr\u00e8s cette d\u00e9cilieuse d\u00e9gustation, vous continuerez votre voyage vers le village de Hautvillers, le village natal de Dom P\u00e9rignon o\u00f9 vous d\u00e9couvrirez l&#8217;incroyable \u00e9glise locale.<\/p>\n<p>Apr\u00e8s cela, vous pouvez avoir un merveilleux d\u00e9jeuner (non inclus) dans l&#8217;un des restaurants locaux typiques. Votre chauffeur vous am\u00e8nera \u00e0 <strong>Reims<\/strong> pour visiter la cath\u00e9drale NOTRE-DAME DE REIMS.<\/p>\n<p>\u00c0 l&#8217;int\u00e9rieur de ce chef-d&#8217;\u0153uvre architectural et site des sacres des rois de France, vous pouvez admirer plus de 2 300 statues et ses vitraux du XIIIe si\u00e8cle. En centre-ville, des sp\u00e9cialit\u00e9s comme les fromages Chaource et Langres, les c\u00e9l\u00e8bres biscuits roses de Reims et le boudin blanc.<\/p>\n<p>Avant de retourner \u00e0 Paris, vous pouvez \u00e9galement visiter une maison de champagne familiale. Au cours de cette visite, les vignerons eux-m\u00eames partageront avec vous leur passion, leur histoire familiale et bien s\u00fbr leur champafgne. Les Maisons de Champagne familiales que nous recommandons sont Roger Constant Lemaire Ployez Jacquemart et Tribaut.<\/p>\n<p>Les d\u00e9gustations co\u00fbtent environ 25\/35 euros par personne et par d\u00e9gustation.<\/p>\n<p><strong>Tarifs :<\/strong><\/p>\n<table>\n<tbody>\n<tr>\n<td data-title=\"Column 1\">Mercedes Classe E<\/td>\n<td data-title=\"Column 1\">\u00a0Personnes : 4<\/td>\n<td data-title=\"Column 1\">Prix : 850\u20ac<\/td>\n<\/tr>\n<tr>\n<td data-title=\"Column 2\">Mercedes Classe V<\/td>\n<td data-title=\"Column 2\">\u00a0Personnes : 7<\/td>\n<td data-title=\"Column 2\">Prix : 950\u20ac<\/td>\n<\/tr>\n<tr>\n<td data-title=\"Column 3\">Mercedes Classe S<\/td>\n<td data-title=\"Column 3\">\u00a0Personnes : 4<\/td>\n<td data-title=\"Column 3\">Prix : 1400\u20ac<\/td>\n<\/tr>\n<tr>\n<td data-title=\"Column 4\">Mercedes Sprinter<\/td>\n<td data-title=\"Column 4\">\u00a0Personnes : de 12 \u00e0 30<\/td>\n<td data-title=\"Column 4\">Prix : 2200\u20ac<\/td>\n<\/tr>\n<\/tbody>\n<\/table>\n<p>Pour r\u00e9server ce tour , merci de nous contacter par e-mail \u00e0 l&#8217;adresse suivante : contact@mydriverparis.com\n","protected":false},"excerpt":{"rendered":"","protected":false},"author":1,"featured_media":0,"parent":1324,"menu_order":0,"comment_status":"closed","ping_status":"closed","template":"","meta":{"om_disable_all_campaigns":false,"footnotes":""},"class_list":["post-1330","page","type-page","status-publish","hentry"],"_links":{"self":[{"href":"https:\/\/www.mydriverparis.com\/fr\/wp-json\/wp\/v2\/pages\/1330","targetHints":{"allow":["GET"]}}],"collection":[{"href":"https:\/\/www.mydriverparis.com\/fr\/wp-json\/wp\/v2\/pages"}],"about":[{"href":"https:\/\/www.mydriverparis.com\/fr\/wp-json\/wp\/v2\/types\/page"}],"author":[{"embeddable":true,"href":"https:\/\/www.mydriverparis.com\/fr\/wp-json\/wp\/v2\/users\/1"}],"replies":[{"embeddable":true,"href":"https:\/\/www.mydriverparis.com\/fr\/wp-json\/wp\/v2\/comments?post=1330"}],"version-history":[{"count":0,"href":"https:\/\/www.mydriverparis.com\/fr\/wp-json\/wp\/v2\/pages\/1330\/revisions"}],"up":[{"embeddable":true,"href":"https:\/\/www.mydriverparis.com\/fr\/wp-json\/wp\/v2\/pages\/1324"}],"wp:attachment":[{"href":"https:\/\/www.mydriverparis.com\/fr\/wp-json\/wp\/v2\/media?parent=1330"}],"curies":[{"name":"wp","href":"https:\/\/api.w.org\/{rel}","templated":true}]}}