{"id":1332,"date":"2018-03-23T16:34:45","date_gmt":"2018-03-23T15:34:45","guid":{"rendered":"https:\/\/www.mydriverparis.com\/?page_id=1332"},"modified":"2018-03-23T16:34:45","modified_gmt":"2018-03-23T15:34:45","slug":"debarquement","status":"publish","type":"page","link":"https:\/\/www.mydriverparis.com\/fr\/visite\/debarquement\/","title":{"rendered":"D\u00e9barquement"},"content":{"rendered":"<img loading=\"lazy\" decoding=\"async\" width=\"300\" height=\"201\" class=\"alignnone size-medium wp-image-1288\" src=\"https:\/\/www.mydriverparis.com\/wp-content\/uploads\/2018\/03\/d-day-300x201.jpg\" alt=\"D-Day tour from paris\" srcset=\"https:\/\/www.mydriverparis.com\/wp-content\/uploads\/2018\/03\/d-day-300x201.jpg 300w, https:\/\/www.mydriverparis.com\/wp-content\/uploads\/2018\/03\/d-day-100x67.jpg 100w, https:\/\/www.mydriverparis.com\/wp-content\/uploads\/2018\/03\/d-day.jpg 730w\" sizes=\"auto, (max-width: 300px) 100vw, 300px\" \/><\/p>\n<p>Apr\u00e8s avoir quitt\u00e9 Paris \u00e0 7h00, votre chauffeur s&#8217;arr\u00eatera sur la route pour un caf\u00e9 et des croissants.<\/p>\n<p>En Normandie, vous commencerez votre visite par le pont Pegasus, le ponts le plus c\u00e9l\u00e8bre de la Seconde Guerre mondiale avec Remagen et Arnhem et vous vous arr\u00eaterez au caf\u00e9 Gondre, la premi\u00e8re maison de Normandie \u00e0 \u00eatre lib\u00e9r\u00e9e par les Alli\u00e9s.<\/p>\n<p>Vous visiterez \u00e9galement <strong>ARROMANCHES<\/strong> pour d\u00e9couvrir les vestiges du port artificiel (Mulberry) qui a jou\u00e9 un r\u00f4le essentiel dans le succ\u00e8s du d\u00e9barquement.<\/p>\n<p>Depuis Arromanches, votre chauffeur vous am\u00e8nera \u00e0 la batterie d&#8217;artillerie c\u00f4ti\u00e8re allemande de Longues sur mer qui faisait partie des fortifications c\u00f4ti\u00e8res de l&#8217;Atlantique.<\/p>\n<p>Apr\u00e8s avoir visit\u00e9 Longues sur Mer, vous pourrez d\u00e9jeuner dans un restaurant typique normand typique.<\/p>\n<p>Apr\u00e8s le d\u00e9jeuner, le tour continue avec une visite du cimeti\u00e8re am\u00e9ricain de Colleville, qui contient les tombes de 9387 morts militaires, dont la plupart ont perdu leur vie dans les atterrissages<\/p>\n<p>Apr\u00e8s cela, nous vous conduisons \u00e0 OMAHA BEACH qui, depuis le 6 juin 1944, est devenu le symbole du sacrifice des soldats am\u00e9ricains durant la Seconde Guerre mondiale. L&#8217;objectif principal d&#8217;Omaha \u00e9tait de s\u00e9curiser une t\u00eate de pont entre Port en Bessin et la rivi\u00e8re Vire, en liaison avec les d\u00e9barquements britanniques \u00e0 Gold Beach et les Am\u00e9ricains \u00e0 Utah Beach.<\/p>\n<p>Apr\u00e8s votre arr\u00eat \u00e0 Omaha Beach, vous terminerez votre p\u00e9riple avec la visite de la POINTE DU HOC, o\u00f9 les Allemands ont mise en place une batterie de canons de 155 mm. Situ\u00e9es entre Utah Beach et Omaha Beach, ces armes mena\u00e7aient les d\u00e9barquements alli\u00e9s, risquant de lourdes pertes dans les forces de d\u00e9barquement.<\/p>\n<p><strong>Tarifs :<\/strong><\/p>\n<table>\n<tbody>\n<tr>\n<td data-title=\"Column 1\">Mercedes Classe E<\/td>\n<td data-title=\"Column 1\">\u00a0Personnes : 4<\/td>\n<td data-title=\"Column 1\">Prix : 1200\u20ac<\/td>\n<\/tr>\n<tr>\n<td data-title=\"Column 2\">Mercedes Classe V<\/td>\n<td data-title=\"Column 2\">\u00a0Personnes : 7<\/td>\n<td data-title=\"Column 2\">Prix : 1600\u20ac<\/td>\n<\/tr>\n<tr>\n<td data-title=\"Column 3\">Mercedes Classe S<\/td>\n<td data-title=\"Column 3\">\u00a0Personnes : 4<\/td>\n<td data-title=\"Column 3\">Prix : 2000\u20ac<\/td>\n<\/tr>\n<tr>\n<td data-title=\"Column 4\">Mercedes Sprinter<\/td>\n<td data-title=\"Column 4\">\u00a0Personnes : de 12 \u00e0 30<\/td>\n<td data-title=\"Column 4\">Prix : 2600\u20ac<\/td>\n<\/tr>\n<\/tbody>\n<\/table>\n<p>Pour r\u00e9server ce tour , merci de nous contacter par e-mail \u00e0 l&#8217;adresse suivante : contact@mydriverparis.com\n","protected":false},"excerpt":{"rendered":"","protected":false},"author":1,"featured_media":0,"parent":1324,"menu_order":0,"comment_status":"closed","ping_status":"closed","template":"","meta":{"om_disable_all_campaigns":false,"footnotes":""},"class_list":["post-1332","page","type-page","status-publish","hentry"],"_links":{"self":[{"href":"https:\/\/www.mydriverparis.com\/fr\/wp-json\/wp\/v2\/pages\/1332","targetHints":{"allow":["GET"]}}],"collection":[{"href":"https:\/\/www.mydriverparis.com\/fr\/wp-json\/wp\/v2\/pages"}],"about":[{"href":"https:\/\/www.mydriverparis.com\/fr\/wp-json\/wp\/v2\/types\/page"}],"author":[{"embeddable":true,"href":"https:\/\/www.mydriverparis.com\/fr\/wp-json\/wp\/v2\/users\/1"}],"replies":[{"embeddable":true,"href":"https:\/\/www.mydriverparis.com\/fr\/wp-json\/wp\/v2\/comments?post=1332"}],"version-history":[{"count":0,"href":"https:\/\/www.mydriverparis.com\/fr\/wp-json\/wp\/v2\/pages\/1332\/revisions"}],"up":[{"embeddable":true,"href":"https:\/\/www.mydriverparis.com\/fr\/wp-json\/wp\/v2\/pages\/1324"}],"wp:attachment":[{"href":"https:\/\/www.mydriverparis.com\/fr\/wp-json\/wp\/v2\/media?parent=1332"}],"curies":[{"name":"wp","href":"https:\/\/api.w.org\/{rel}","templated":true}]}}