{"id":1334,"date":"2018-03-23T16:38:17","date_gmt":"2018-03-23T15:38:17","guid":{"rendered":"https:\/\/www.mydriverparis.com\/?page_id=1334"},"modified":"2018-03-23T16:38:17","modified_gmt":"2018-03-23T15:38:17","slug":"chateaux-de-la-loire","status":"publish","type":"page","link":"https:\/\/www.mydriverparis.com\/fr\/visite\/chateaux-de-la-loire\/","title":{"rendered":"Chateaux de la Loire"},"content":{"rendered":"<img loading=\"lazy\" decoding=\"async\" width=\"300\" height=\"225\" class=\"alignnone size-medium wp-image-1294\" src=\"https:\/\/www.mydriverparis.com\/wp-content\/uploads\/2018\/03\/loire-castle-tour-from-paris-300x225.jpg\" alt=\"Loire castle tour from paris\" srcset=\"https:\/\/www.mydriverparis.com\/wp-content\/uploads\/2018\/03\/loire-castle-tour-from-paris-300x225.jpg 300w, https:\/\/www.mydriverparis.com\/wp-content\/uploads\/2018\/03\/loire-castle-tour-from-paris-768x576.jpg 768w, https:\/\/www.mydriverparis.com\/wp-content\/uploads\/2018\/03\/loire-castle-tour-from-paris-1024x768.jpg 1024w, https:\/\/www.mydriverparis.com\/wp-content\/uploads\/2018\/03\/loire-castle-tour-from-paris-100x75.jpg 100w, https:\/\/www.mydriverparis.com\/wp-content\/uploads\/2018\/03\/loire-castle-tour-from-paris.jpg 1200w\" sizes=\"auto, (max-width: 300px) 100vw, 300px\" \/><\/p>\n<p>Apr\u00e8s 2 heures de route de Paris avec une pause pour un caf\u00e9 et des croissants, le tour commence par une visite de <strong>Chambord<\/strong> , l&#8217;immense et unique palais de Fran\u00e7ois Ier, construit au d\u00e9but de la Renaissance.<\/p>\n<p>Vous emprunterez l&#8217;escalier en colima\u00e7on \u00e0 double tour dessin\u00e9 par L\u00e9onard de Vinci vers les appartements royaux de Fran\u00e7ois Ier et de Louis XIV, immerg\u00e9 \u00e0 l&#8217;\u00e9tage sup\u00e9rieur dans le monde des chasses royales et continuez jusqu&#8217;aux terrasses o\u00f9 vous vous retrouverez entour\u00e9 de toitures et des chemin\u00e9es formant un village de conte de f\u00e9es qui offre un panorama magnifique.<\/p>\n<p>Chambord est bien plus qu&#8217;un ch\u00e2teau; c&#8217;est un joyau architectural, un colosse de pierre, le r\u00eave d&#8217;un jeune roi qui devient r\u00e9alit\u00e9.<\/p>\n<p>Apr\u00e8s avoir visit\u00e9 Chambord et une merveilleuse balade le long de la Loire, vous arriverez \u00e0 la ville d&#8217;<strong>Amboise<\/strong> o\u00f9 vous pourrez visiter la derni\u00e8re r\u00e9sidence de L\u00e9onard de Vinci le ch\u00e2teau du clos luc\u00e9.<\/p>\n<p>Apr\u00e8s un d\u00e9jeuner dans un joli restaurant typique de la Vall\u00e9e de la Loire, vous serez conduit au ch\u00e2teau de Chenonceau.<\/p>\n<p>Ce magnifique ch\u00e2teau a toujours attir\u00e9 le talent et inspir\u00e9 de grands artistes, v\u00e9hiculant la beaut\u00e9 et alliant l&#8217;\u00e9l\u00e9gance de l&#8217;architecture \u00e0 celle de l&#8217;esprit. La Salle des 5 Reines, le salon de Louis XIV, la Grande Galerie surplombant le Cher, le Cabinet Vert de Catherine de M\u00e9dicis, la Chapelle Royale vous emm\u00e8ne dans le temps pour partager les r\u00eaves de Chenonceau et d\u00e9voiler ses secrets.<\/p>\n<p>C&#8217;est un site exceptionnel avec son design original, la richesse de ses collections (Murillo, Il Tintoretto, Poussin, Il Corr\u00e8ge, Rubens Il Primatice, Van Loo &#8230;), ses meubles, ses d\u00e9cors et ses jardins, mais aussi parce qu&#8217;il \u00e9tait aim\u00e9 par des femmes extraordinaires qui ont marqu\u00e9 l&#8217;histoire comme Diane de Poitiers, Catherine de M\u00e9dicis, Madame Dupin.<\/p>\n<p><strong>Tarifs :<\/strong><\/p>\n<table>\n<tbody>\n<tr>\n<td data-title=\"Column 1\">Mercedes Classe E<\/td>\n<td data-title=\"Column 1\">\u00a0Personnes : 4<\/td>\n<td data-title=\"Column 1\">Prix : 1200\u20ac<\/td>\n<\/tr>\n<tr>\n<td data-title=\"Column 2\">Mercedes Classe V<\/td>\n<td data-title=\"Column 2\">\u00a0Personnes : 7<\/td>\n<td data-title=\"Column 2\">Prix : 1600\u20ac<\/td>\n<\/tr>\n<tr>\n<td data-title=\"Column 3\">Mercedes Classe S<\/td>\n<td data-title=\"Column 3\">\u00a0Personnes : 4<\/td>\n<td data-title=\"Column 3\">Prix : 2000\u20ac<\/td>\n<\/tr>\n<tr>\n<td data-title=\"Column 4\">Mercedes Sprinter<\/td>\n<td data-title=\"Column 4\">\u00a0Personnes : de 12 \u00e0 30<\/td>\n<td data-title=\"Column 4\">Prix : 2600\u20ac<\/td>\n<\/tr>\n<\/tbody>\n<\/table>\n<p>Pour r\u00e9server ce tour , merci de nous contacter par e-mail \u00e0 l&#8217;adresse suivante : contact@mydriverparis.com\n","protected":false},"excerpt":{"rendered":"","protected":false},"author":1,"featured_media":0,"parent":1324,"menu_order":0,"comment_status":"closed","ping_status":"closed","template":"","meta":{"om_disable_all_campaigns":false,"footnotes":""},"class_list":["post-1334","page","type-page","status-publish","hentry"],"_links":{"self":[{"href":"https:\/\/www.mydriverparis.com\/fr\/wp-json\/wp\/v2\/pages\/1334","targetHints":{"allow":["GET"]}}],"collection":[{"href":"https:\/\/www.mydriverparis.com\/fr\/wp-json\/wp\/v2\/pages"}],"about":[{"href":"https:\/\/www.mydriverparis.com\/fr\/wp-json\/wp\/v2\/types\/page"}],"author":[{"embeddable":true,"href":"https:\/\/www.mydriverparis.com\/fr\/wp-json\/wp\/v2\/users\/1"}],"replies":[{"embeddable":true,"href":"https:\/\/www.mydriverparis.com\/fr\/wp-json\/wp\/v2\/comments?post=1334"}],"version-history":[{"count":0,"href":"https:\/\/www.mydriverparis.com\/fr\/wp-json\/wp\/v2\/pages\/1334\/revisions"}],"up":[{"embeddable":true,"href":"https:\/\/www.mydriverparis.com\/fr\/wp-json\/wp\/v2\/pages\/1324"}],"wp:attachment":[{"href":"https:\/\/www.mydriverparis.com\/fr\/wp-json\/wp\/v2\/media?parent=1334"}],"curies":[{"name":"wp","href":"https:\/\/api.w.org\/{rel}","templated":true}]}}