{"id":1336,"date":"2018-03-23T16:43:53","date_gmt":"2018-03-23T15:43:53","guid":{"rendered":"https:\/\/www.mydriverparis.com\/?page_id=1336"},"modified":"2018-03-23T16:43:53","modified_gmt":"2018-03-23T15:43:53","slug":"mont-st-michel","status":"publish","type":"page","link":"https:\/\/www.mydriverparis.com\/fr\/visite\/mont-st-michel\/","title":{"rendered":"Mont St Michel"},"content":{"rendered":"<img loading=\"lazy\" decoding=\"async\" width=\"300\" height=\"199\" class=\"alignnone size-medium wp-image-1296\" src=\"https:\/\/www.mydriverparis.com\/wp-content\/uploads\/2018\/03\/mont-st-michel-tour-from-paris-300x199.jpg\" alt=\"Mont St Michel tour from paris\" srcset=\"https:\/\/www.mydriverparis.com\/wp-content\/uploads\/2018\/03\/mont-st-michel-tour-from-paris-300x199.jpg 300w, https:\/\/www.mydriverparis.com\/wp-content\/uploads\/2018\/03\/mont-st-michel-tour-from-paris-100x66.jpg 100w, https:\/\/www.mydriverparis.com\/wp-content\/uploads\/2018\/03\/mont-st-michel-tour-from-paris.jpg 674w\" sizes=\"auto, (max-width: 300px) 100vw, 300px\" \/><\/p>\n<p>Le Mont Saint-Michel est une ile en Normandie, en France. L&#8217;\u00eele a tenu des fortifications strat\u00e9giques depuis les temps anciens et depuis le 8\u00e8me si\u00e8cle apr\u00e8s JC a \u00e9t\u00e9 le si\u00e8ge du monast\u00e8re d&#8217;o\u00f9 il tire son nom. La composition structurelle de la ville illustre la soci\u00e9t\u00e9 f\u00e9odale qui l&#8217;a construite : au sommet, Dieu, l&#8217;abbaye et le monast\u00e8re; en bas, les grandes salles; puis magasins et logements; et en bas, \u00e0 l&#8217;ext\u00e9rieur des murs, des maisons pour p\u00eacheurs et agriculteurs.<\/p>\n<p>Beaucoup d&#8217;auteurs ont essay\u00e9 de d\u00e9finir la merveille de l&#8217;Occident, certains disent que c&#8217;est \u00e0 la mer ce que la pyramide de Keops est au d\u00e9sert, certains le d\u00e9crivent comme un manoir imaginaire, stup\u00e9fiant comme un palais de r\u00eave, d&#8217;autres disent ce n&#8217;est pas la terre s\u00e8che et pourtant pas la mer. Entour\u00e9 par la mer avec l&#8217;un des plus hauts marnages du monde, le Mont Saint-Michel est tout simplement unique.<\/p>\n<p>Sur le Mont Saint-Michel, la visite commence par une visite guid\u00e9e de l&#8217;abbaye au d\u00e9but du VIIIe si\u00e8cle qui devint un important centre culturel et de p\u00e8lerinage au Moyen \u00c2ge. Vous pourrez admirer l&#8217;\u00e9glise romane, le r\u00e9fectoire du moine, la salle des chevaliers, la chambre d&#8217;amis, le r\u00e9fectoire, ainsi que diverses chapelles.<\/p>\n<p><strong>Tarifs :<\/strong><\/p>\n<table>\n<tbody>\n<tr>\n<td data-title=\"Column 1\">Mercedes Classe E<\/td>\n<td data-title=\"Column 1\">\u00a0Personnes : 4<\/td>\n<td data-title=\"Column 1\">Prix : 1200\u20ac<\/td>\n<\/tr>\n<tr>\n<td data-title=\"Column 2\">Mercedes Classe V<\/td>\n<td data-title=\"Column 2\">\u00a0Personnes : 7<\/td>\n<td data-title=\"Column 2\">Prix : 1600\u20ac<\/td>\n<\/tr>\n<tr>\n<td data-title=\"Column 3\">Mercedes Classe S<\/td>\n<td data-title=\"Column 3\">\u00a0Personnes : 4<\/td>\n<td data-title=\"Column 3\">Prix : 2000\u20ac<\/td>\n<\/tr>\n<tr>\n<td data-title=\"Column 4\">Mercedes Sprinter<\/td>\n<td data-title=\"Column 4\">\u00a0Personnes : de 12 \u00e0 30<\/td>\n<td data-title=\"Column 4\">Prix : 2600\u20ac<\/td>\n<\/tr>\n<\/tbody>\n<\/table>\n<p>Pour r\u00e9server ce tour , merci de nous contacter par e-mail \u00e0 l&#8217;adresse suivante : contact@mydriverparis.com\n","protected":false},"excerpt":{"rendered":"","protected":false},"author":1,"featured_media":0,"parent":1324,"menu_order":0,"comment_status":"closed","ping_status":"closed","template":"","meta":{"om_disable_all_campaigns":false,"footnotes":""},"class_list":["post-1336","page","type-page","status-publish","hentry"],"_links":{"self":[{"href":"https:\/\/www.mydriverparis.com\/fr\/wp-json\/wp\/v2\/pages\/1336","targetHints":{"allow":["GET"]}}],"collection":[{"href":"https:\/\/www.mydriverparis.com\/fr\/wp-json\/wp\/v2\/pages"}],"about":[{"href":"https:\/\/www.mydriverparis.com\/fr\/wp-json\/wp\/v2\/types\/page"}],"author":[{"embeddable":true,"href":"https:\/\/www.mydriverparis.com\/fr\/wp-json\/wp\/v2\/users\/1"}],"replies":[{"embeddable":true,"href":"https:\/\/www.mydriverparis.com\/fr\/wp-json\/wp\/v2\/comments?post=1336"}],"version-history":[{"count":0,"href":"https:\/\/www.mydriverparis.com\/fr\/wp-json\/wp\/v2\/pages\/1336\/revisions"}],"up":[{"embeddable":true,"href":"https:\/\/www.mydriverparis.com\/fr\/wp-json\/wp\/v2\/pages\/1324"}],"wp:attachment":[{"href":"https:\/\/www.mydriverparis.com\/fr\/wp-json\/wp\/v2\/media?parent=1336"}],"curies":[{"name":"wp","href":"https:\/\/api.w.org\/{rel}","templated":true}]}}