{"id":1338,"date":"2018-03-23T16:46:59","date_gmt":"2018-03-23T15:46:59","guid":{"rendered":"https:\/\/www.mydriverparis.com\/?page_id=1338"},"modified":"2018-03-23T16:46:59","modified_gmt":"2018-03-23T15:46:59","slug":"giverny","status":"publish","type":"page","link":"https:\/\/www.mydriverparis.com\/fr\/visite\/giverny\/","title":{"rendered":"Giverny"},"content":{"rendered":"<img loading=\"lazy\" decoding=\"async\" width=\"300\" height=\"200\" class=\"alignnone size-medium wp-image-1292\" src=\"https:\/\/www.mydriverparis.com\/wp-content\/uploads\/2018\/03\/giverny-tour-from-paris-300x200.jpg\" alt=\"Giverny tour from paris\" srcset=\"https:\/\/www.mydriverparis.com\/wp-content\/uploads\/2018\/03\/giverny-tour-from-paris-300x200.jpg 300w, https:\/\/www.mydriverparis.com\/wp-content\/uploads\/2018\/03\/giverny-tour-from-paris-100x67.jpg 100w, https:\/\/www.mydriverparis.com\/wp-content\/uploads\/2018\/03\/giverny-tour-from-paris.jpg 640w\" sizes=\"auto, (max-width: 300px) 100vw, 300px\" \/><\/p>\n<p>Giverny est class\u00e9 par les fran\u00e7ais comme faisant partie des plus beaux villages de France. Quand vous arriverez, vous serez s\u00e9duit par son charme. Le fait que Monet a v\u00e9cu et travaill\u00e9 l\u00e0-bas ajoute \u00e0 sa magie. En fait, c&#8217;est \u00e0 cause de sa beaut\u00e9 et de son emplacement pittoresque qu&#8217;il s&#8217;y installe, le faisant sortir de l&#8217;ombre pour toujours dans la lumi\u00e8re.<\/p>\n<p>MyDriverParis vous emm\u00e8nera dans cette magnifique r\u00e9gion situ\u00e9e \u00e0 une heure au nord-ouest de Paris dans le Parc Naturel R\u00e9gional du Vexin, une r\u00e9gion prot\u00e9g\u00e9e vallonn\u00e9e et pr\u00e9serv\u00e9e avec des falaises surplombant les magnifiques paysages de la Seine entre Paris et l&#8217;oc\u00e9an Atlantique, fl\u00e2ner dans l&#8217;histoire et la beaut\u00e9 naturelle immortalis\u00e9e par des peintres comme Claude Monet et Vincent Van Gogh.<\/p>\n<p>En route vers Giverny, vous d\u00e9couvrirez le panorama exceptionnel de la vall\u00e9e de la Seine, vous visiterez le village de V\u00e9theuil, o\u00f9 v\u00e9cut Monet avant de s&#8217;installer \u00e0 Giverny et le village et ch\u00e2teau de La Roche Guyon et au dessus une ancienne tour de guet du 10\u00e8me si\u00e8cle.<\/p>\n<p>D\u00e8s votre arriv\u00e9e \u00e0 Giverny, vous visiterez l&#8217;\u00e9glise locale peinte plusieurs fois par Monet qui m\u00e8ne au cimeti\u00e8re du village o\u00f9 vous pourrez observer de pr\u00e8s la tombe de Monet.<\/p>\n<p>Vous pouvez \u00e9galement visiter le jardin que Monet a cr\u00e9\u00e9 sur un terrain voisin de sa propri\u00e9t\u00e9 et travers\u00e9 par un petit ruisseau. Il s&#8217;inspire des jardins japonais que Monet connaissait gr\u00e2ce aux estampes qu&#8217;il collectionnait.<\/p>\n<p>Apr\u00e8s cela, vous arriverez au jardin de la fleur nomm\u00e9 Le Clos Normand, plein de perspectives, de sym\u00e9tries et de couleurs. Il est divis\u00e9 en plates-bandes o\u00f9 des touffes de fleurs de diff\u00e9rentes hauteurs cr\u00e9ent du volume. Monet n&#8217;aimait pas les jardins organis\u00e9s ou contraints. Il a \u00e9pous\u00e9 des fleurs selon l&#8217;harmonie de leurs couleurs et les a laiss\u00e9 grandir librement. Ensuite, vous arriverez \u00e0 la maison de Monet.<\/p>\n<p>Votre chauffeur peut vous montrer une place pr\u00e8s d&#8217;une rivi\u00e8re comme le Moulin de Fourges, un ancien moulin construit en 1790, transform\u00e9 en restaurant dans les ann\u00e9es 90, un lieu qui semble faire partie d&#8217;une sc\u00e8ne peinte inspir\u00e9e par le Hamlet de la Reine Marie Antoinette dans Versailles<\/p>\n<p>Votre chauffeur priv\u00e9 vous conduira au Domaine de Villarceaux, un site paisible fond\u00e9 au 11\u00e8me \/ 12\u00e8me si\u00e8cle. Au d\u00e9but c\u2019\u00e9tait un couvent, l&#8217;endroit a \u00e9t\u00e9 transform\u00e9 en une \u00e9l\u00e9gante r\u00e9sidence au 16\u00e8me si\u00e8cle avec de magnifiques jardins et piscines redessin\u00e9s selon le style de la Renaissance italienne.<\/p>\n<p>Apr\u00e8s ce merveilleux tour \u00e0 Giverny, il sera temps de retourner \u00e0 Paris.<\/p>\n<p><strong>Tarifs :<\/strong><\/p>\n<table>\n<tbody>\n<tr>\n<td data-title=\"Column 1\">Mercedes Classe E<\/td>\n<td data-title=\"Column 1\">\u00a0Personnes : 4<\/td>\n<td data-title=\"Column 1\">Prix : 850\u20ac<\/td>\n<\/tr>\n<tr>\n<td data-title=\"Column 2\">Mercedes Classe V<\/td>\n<td data-title=\"Column 2\">\u00a0Personnes : 7<\/td>\n<td data-title=\"Column 2\">Prix : 950\u20ac<\/td>\n<\/tr>\n<tr>\n<td data-title=\"Column 3\">Mercedes Classe S<\/td>\n<td data-title=\"Column 3\">\u00a0Personnes : 4<\/td>\n<td data-title=\"Column 3\">Prix : 1400\u20ac<\/td>\n<\/tr>\n<tr>\n<td data-title=\"Column 4\">Mercedes Sprinter<\/td>\n<td data-title=\"Column 4\">\u00a0Personnes : de 12 \u00e0 30<\/td>\n<td data-title=\"Column 4\">Prix : 1900\u20ac<\/td>\n<\/tr>\n<\/tbody>\n<\/table>\n<p>Pour r\u00e9server ce tour , merci de nous contacter par e-mail \u00e0 l&#8217;adresse suivante : contact@mydriverparis.com\n","protected":false},"excerpt":{"rendered":"","protected":false},"author":1,"featured_media":0,"parent":1324,"menu_order":0,"comment_status":"closed","ping_status":"closed","template":"","meta":{"om_disable_all_campaigns":false,"footnotes":""},"class_list":["post-1338","page","type-page","status-publish","hentry"],"_links":{"self":[{"href":"https:\/\/www.mydriverparis.com\/fr\/wp-json\/wp\/v2\/pages\/1338","targetHints":{"allow":["GET"]}}],"collection":[{"href":"https:\/\/www.mydriverparis.com\/fr\/wp-json\/wp\/v2\/pages"}],"about":[{"href":"https:\/\/www.mydriverparis.com\/fr\/wp-json\/wp\/v2\/types\/page"}],"author":[{"embeddable":true,"href":"https:\/\/www.mydriverparis.com\/fr\/wp-json\/wp\/v2\/users\/1"}],"replies":[{"embeddable":true,"href":"https:\/\/www.mydriverparis.com\/fr\/wp-json\/wp\/v2\/comments?post=1338"}],"version-history":[{"count":0,"href":"https:\/\/www.mydriverparis.com\/fr\/wp-json\/wp\/v2\/pages\/1338\/revisions"}],"up":[{"embeddable":true,"href":"https:\/\/www.mydriverparis.com\/fr\/wp-json\/wp\/v2\/pages\/1324"}],"wp:attachment":[{"href":"https:\/\/www.mydriverparis.com\/fr\/wp-json\/wp\/v2\/media?parent=1338"}],"curies":[{"name":"wp","href":"https:\/\/api.w.org\/{rel}","templated":true}]}}