{"id":1340,"date":"2018-03-23T16:50:28","date_gmt":"2018-03-23T15:50:28","guid":{"rendered":"https:\/\/www.mydriverparis.com\/?page_id=1340"},"modified":"2018-03-23T16:50:28","modified_gmt":"2018-03-23T15:50:28","slug":"versailles","status":"publish","type":"page","link":"https:\/\/www.mydriverparis.com\/fr\/visite\/versailles\/","title":{"rendered":"Versailles"},"content":{"rendered":"<img loading=\"lazy\" decoding=\"async\" width=\"300\" height=\"150\" class=\"alignnone size-medium wp-image-1302\" src=\"https:\/\/www.mydriverparis.com\/wp-content\/uploads\/2018\/03\/versailles-tour-from-paris-300x150.jpg\" alt=\"Versailles tour from Paris\" srcset=\"https:\/\/www.mydriverparis.com\/wp-content\/uploads\/2018\/03\/versailles-tour-from-paris-300x150.jpg 300w, https:\/\/www.mydriverparis.com\/wp-content\/uploads\/2018\/03\/versailles-tour-from-paris-100x50.jpg 100w, https:\/\/www.mydriverparis.com\/wp-content\/uploads\/2018\/03\/versailles-tour-from-paris.jpg 680w\" sizes=\"auto, (max-width: 300px) 100vw, 300px\" \/><\/p>\n<p>VERSAILLES est la plus belle r\u00e9alisation de l&#8217;art fran\u00e7ais du XVIIIe si\u00e8cle, symbole de la monarchie absolue depuis plus d&#8217;un si\u00e8cle. Cette visite priv\u00e9e de Paris vous embarque dans un voyage qui vous fera d\u00e9couvrir la splendeur et la trag\u00e9die de Versailles<\/p>\n<p>La construction du ch\u00e2teau de Versailles qui dura plus de 50 ans commen\u00e7a comme pavillon de chasse de Louis XIII avant que son fils Louis XIV le transforme et l&#8217;agrandisse, d\u00e9pla\u00e7ant la cour et le gouvernement de la France \u00e0 Versailles, utilisant le ch\u00e2teau pour d\u00e9montrer son succ\u00e8s politique, \u00e9conomique et militaire.<\/p>\n<p>Votre chauffeur priv\u00e9 MyDriverParis viendra vous chercher dans une voiture de luxe (berline, van). Versailles est \u00e0 30 minutes en voiture de Paris. Vous visiterez la chapelle royale, suivie de la visite du grand appartement du roi : Cette prestigieuse enfilade de sept pi\u00e8ces a servi d&#8217;appartement de parade.<\/p>\n<p>Apr\u00e8s la visite de ce magnifique ch\u00e2teau, vous pourrez vous promener dans les jardins pour d\u00e9couvrir les motifs architecturaux plant\u00e9s et les bosquets et fontaines.<\/p>\n<p>Vous pouvez \u00e9galement visiter le <strong>grand trianon<\/strong> qui est probablement le groupe de b\u00e2timents le plus raffin\u00e9 du domaine de Versailles, \u00e9l\u00e9gamment proportionn\u00e9, rayonnant \u00e0 la fois d&#8217;un sentiment de confort, de douceur et de grandeur<\/p>\n<p>A la fin de cette journ\u00e9e tr\u00e8s charg\u00e9e, le chauffeur vous ram\u00e8nera \u00e0 Paris<\/p>\n<p><strong>Tarifs :<\/strong><\/p>\n<table>\n<tbody>\n<tr>\n<td data-title=\"Column 1\">Mercedes Classe E<\/td>\n<td data-title=\"Column 1\">\u00a0Personnes : 4<\/td>\n<td data-title=\"Column 1\">Prix : 700\u20ac<\/td>\n<\/tr>\n<tr>\n<td data-title=\"Column 2\">Mercedes Classe V<\/td>\n<td data-title=\"Column 2\">\u00a0Personnes : 7<\/td>\n<td data-title=\"Column 2\">Prix : 800\u20ac<\/td>\n<\/tr>\n<tr>\n<td data-title=\"Column 3\">Mercedes Classe S<\/td>\n<td data-title=\"Column 3\">\u00a0Personnes : 4<\/td>\n<td data-title=\"Column 3\">Prix : 1000\u20ac<\/td>\n<\/tr>\n<tr>\n<td data-title=\"Column 4\">Mercedes Sprinter<\/td>\n<td data-title=\"Column 4\">\u00a0Personnes : de 12 \u00e0 30<\/td>\n<td data-title=\"Column 4\">Prix : 1600\u20ac<\/td>\n<\/tr>\n<\/tbody>\n<\/table>\n<p>Pour r\u00e9server ce tour , merci de nous contacter par e-mail \u00e0 l&#8217;adresse suivante : contact@mydriverparis.com\n","protected":false},"excerpt":{"rendered":"","protected":false},"author":1,"featured_media":0,"parent":1324,"menu_order":0,"comment_status":"closed","ping_status":"closed","template":"","meta":{"om_disable_all_campaigns":false,"footnotes":""},"class_list":["post-1340","page","type-page","status-publish","hentry"],"_links":{"self":[{"href":"https:\/\/www.mydriverparis.com\/fr\/wp-json\/wp\/v2\/pages\/1340","targetHints":{"allow":["GET"]}}],"collection":[{"href":"https:\/\/www.mydriverparis.com\/fr\/wp-json\/wp\/v2\/pages"}],"about":[{"href":"https:\/\/www.mydriverparis.com\/fr\/wp-json\/wp\/v2\/types\/page"}],"author":[{"embeddable":true,"href":"https:\/\/www.mydriverparis.com\/fr\/wp-json\/wp\/v2\/users\/1"}],"replies":[{"embeddable":true,"href":"https:\/\/www.mydriverparis.com\/fr\/wp-json\/wp\/v2\/comments?post=1340"}],"version-history":[{"count":0,"href":"https:\/\/www.mydriverparis.com\/fr\/wp-json\/wp\/v2\/pages\/1340\/revisions"}],"up":[{"embeddable":true,"href":"https:\/\/www.mydriverparis.com\/fr\/wp-json\/wp\/v2\/pages\/1324"}],"wp:attachment":[{"href":"https:\/\/www.mydriverparis.com\/fr\/wp-json\/wp\/v2\/media?parent=1340"}],"curies":[{"name":"wp","href":"https:\/\/api.w.org\/{rel}","templated":true}]}}