{"id":1344,"date":"2018-03-23T16:58:31","date_gmt":"2018-03-23T15:58:31","guid":{"rendered":"https:\/\/www.mydriverparis.com\/?page_id=1344"},"modified":"2022-09-08T23:33:31","modified_gmt":"2022-09-08T21:33:31","slug":"batailles-wwi","status":"publish","type":"page","link":"https:\/\/www.mydriverparis.com\/fr\/visite\/batailles-wwi\/","title":{"rendered":"Batailles WWI"},"content":{"rendered":"\n<img loading=\"lazy\" decoding=\"async\" width=\"300\" height=\"215\" class=\"alignnone size-medium wp-image-1304\" src=\"https:\/\/www.mydriverparis.com\/wp-content\/uploads\/2018\/03\/wwi-tour-from-paris-300x215.jpg\" alt=\"WWI tour from Paris\" srcset=\"https:\/\/www.mydriverparis.com\/wp-content\/uploads\/2018\/03\/wwi-tour-from-paris-300x215.jpg 300w, https:\/\/www.mydriverparis.com\/wp-content\/uploads\/2018\/03\/wwi-tour-from-paris-768x551.jpg 768w, https:\/\/www.mydriverparis.com\/wp-content\/uploads\/2018\/03\/wwi-tour-from-paris-1024x735.jpg 1024w, https:\/\/www.mydriverparis.com\/wp-content\/uploads\/2018\/03\/wwi-tour-from-paris-100x72.jpg 100w, https:\/\/www.mydriverparis.com\/wp-content\/uploads\/2018\/03\/wwi-tour-from-paris.jpg 1500w\" sizes=\"auto, (max-width: 300px) 100vw, 300px\" \/><\/p>\n<p>Apr\u00e8s avoir quitt\u00e9 Paris, votre chauffeur priv\u00e9 vous donnera une introduction historique rapide aux batailles de la 1\u00e8re guerre mondiale. Cette guerre a eu lieu dans plusieurs r\u00e9gions d&#8217;Europe et a co\u00fbt\u00e9 la vie \u00e0 plus de 22 millions de personnes. Apr\u00e8s la premi\u00e8re ann\u00e9e de guerre, les arm\u00e9es adverses sont pass\u00e9es d&#8217;une guerre mobile \u00e0 une guerre statique, la tristement c\u00e9l\u00e8bre guerre des tranch\u00e9es. L&#8217;effort majeur des Forces de l&#8217;Empire britannique \u00e9tait en France et en Belgique. D&#8217;autre part, l&#8217;\u00e9v\u00e9nement de guerre le plus m\u00e9morable pour l&#8217;arm\u00e9e am\u00e9ricaine a \u00e9t\u00e9 dans la vall\u00e9e de la Marne qui a combattu les Allemands autour de la ville de Ch\u00e2teau-Thierry.<\/p>\n<p>Au cours de ce voyage, un nombre important de monuments comm\u00e9moratifs, de mus\u00e9es, de cimeti\u00e8res et de sites historiques peuvent \u00eatre trouv\u00e9s dans ces anciens champs de bataille et la t\u00e2che difficile est de les visiter tous, en particulier en une journ\u00e9e. Seulement pour le d\u00e9partement de Calais, il y a 575 cimeti\u00e8res de la Premi\u00e8re Guerre mondiale.<\/p>\n<p>Tout le monde conna\u00eet l&#8217;intervention d\u00e9cisive des forces alli\u00e9es pendant la Seconde Guerre mondiale. Tr\u00e8s peu connaissent cependant leur action pendant la Premi\u00e8re Guerre mondiale. Avec MyDriverParis, nous vous proposons de d\u00e9couvrir cette visite m\u00e9morable oubli\u00e9e.<\/p>\n<p>Au cours de cette visite priv\u00e9e de Paris, il est possible de se concentrer sur les sites o\u00f9 les Canadiens, les Australiens, les Am\u00e9ricains, les N\u00e9o-Z\u00e9landais et les Sud-Africains se sont battus. Beaucoup de champs de bataille sont sans aucun doute plus chers \u00e0 certaines nationalit\u00e9s que d&#8217;autres afin que vous puissiez choisir les sites o\u00f9 aller.<\/p>\n<p><strong>Tarifs :<\/strong><\/p>\n<table>\n<tbody>\n<tr>\n<td data-title=\"Column 1\">Mercedes Classe E<\/td>\n<td data-title=\"Column 1\">\u00a0Personnes : 4<\/td>\n<td data-title=\"Column 1\">Prix : 1200\u20ac<\/td>\n<\/tr>\n<tr>\n<td data-title=\"Column 2\">Mercedes Classe V<\/td>\n<td data-title=\"Column 2\">\u00a0Personnes : 7<\/td>\n<td data-title=\"Column 2\">Prix : 1600\u20ac<\/td>\n<\/tr>\n<tr>\n<td data-title=\"Column 3\">Mercedes Classe S<\/td>\n<td data-title=\"Column 3\">\u00a0Personnes : 4<\/td>\n<td data-title=\"Column 3\">Prix : 2000\u20ac<\/td>\n<\/tr>\n<tr>\n<td data-title=\"Column 4\">Mercedes Sprinter<\/td>\n<td data-title=\"Column 4\">\u00a0Personnes : de 12 \u00e0 30<\/td>\n<td data-title=\"Column 4\">Prix : 2600\u20ac<\/td>\n<\/tr>\n<\/tbody>\n<\/table>\n<p>Pour r\u00e9server ce tour , merci de nous contacter par e-mail \u00e0 l&#8217;adresse suivante : contact@mydriverparis.com\n","protected":false},"excerpt":{"rendered":"<p>Apr\u00e8s avoir quitt\u00e9 Paris, votre chauffeur priv\u00e9 vous donnera une introduction historique rapide aux batailles de la 1\u00e8re guerre mondiale. Cette guerre a eu lieu dans plusieurs r\u00e9gions d&#8217;Europe et a co\u00fbt\u00e9 la vie \u00e0 plus de 22 millions de personnes. Apr\u00e8s la premi\u00e8re ann\u00e9e de guerre, les arm\u00e9es adverses sont pass\u00e9es d&#8217;une guerre mobile [&hellip;]<\/p>\n","protected":false},"author":1,"featured_media":0,"parent":1324,"menu_order":0,"comment_status":"closed","ping_status":"closed","template":"","meta":{"om_disable_all_campaigns":false,"footnotes":""},"class_list":["post-1344","page","type-page","status-publish","hentry"],"_links":{"self":[{"href":"https:\/\/www.mydriverparis.com\/fr\/wp-json\/wp\/v2\/pages\/1344","targetHints":{"allow":["GET"]}}],"collection":[{"href":"https:\/\/www.mydriverparis.com\/fr\/wp-json\/wp\/v2\/pages"}],"about":[{"href":"https:\/\/www.mydriverparis.com\/fr\/wp-json\/wp\/v2\/types\/page"}],"author":[{"embeddable":true,"href":"https:\/\/www.mydriverparis.com\/fr\/wp-json\/wp\/v2\/users\/1"}],"replies":[{"embeddable":true,"href":"https:\/\/www.mydriverparis.com\/fr\/wp-json\/wp\/v2\/comments?post=1344"}],"version-history":[{"count":2,"href":"https:\/\/www.mydriverparis.com\/fr\/wp-json\/wp\/v2\/pages\/1344\/revisions"}],"predecessor-version":[{"id":10089,"href":"https:\/\/www.mydriverparis.com\/fr\/wp-json\/wp\/v2\/pages\/1344\/revisions\/10089"}],"up":[{"embeddable":true,"href":"https:\/\/www.mydriverparis.com\/fr\/wp-json\/wp\/v2\/pages\/1324"}],"wp:attachment":[{"href":"https:\/\/www.mydriverparis.com\/fr\/wp-json\/wp\/v2\/media?parent=1344"}],"curies":[{"name":"wp","href":"https:\/\/api.w.org\/{rel}","templated":true}]}}