{"id":1346,"date":"2018-03-23T17:02:36","date_gmt":"2018-03-23T16:02:36","guid":{"rendered":"https:\/\/www.mydriverparis.com\/?page_id=1346"},"modified":"2018-03-23T17:02:36","modified_gmt":"2018-03-23T16:02:36","slug":"fontainebleau","status":"publish","type":"page","link":"https:\/\/www.mydriverparis.com\/fr\/visite\/fontainebleau\/","title":{"rendered":"Fontainebleau"},"content":{"rendered":"<\/p>\n<p style=\"background: white;\"><span style=\"font-size: 10.5pt; font-family: Arial; color: black;\"><img loading=\"lazy\" decoding=\"async\" width=\"300\" height=\"160\" class=\"alignnone size-medium wp-image-1290\" src=\"https:\/\/www.mydriverparis.com\/wp-content\/uploads\/2018\/03\/fontainebleau-tour-from-paris-300x160.jpg\" alt=\"Fontainebleau tour from paris\" srcset=\"https:\/\/www.mydriverparis.com\/wp-content\/uploads\/2018\/03\/fontainebleau-tour-from-paris-300x160.jpg 300w, https:\/\/www.mydriverparis.com\/wp-content\/uploads\/2018\/03\/fontainebleau-tour-from-paris-100x53.jpg 100w, https:\/\/www.mydriverparis.com\/wp-content\/uploads\/2018\/03\/fontainebleau-tour-from-paris-110x60.jpg 110w, https:\/\/www.mydriverparis.com\/wp-content\/uploads\/2018\/03\/fontainebleau-tour-from-paris.jpg 640w\" sizes=\"auto, (max-width: 300px) 100vw, 300px\" \/><\/span><\/p>\n<p style=\"background: white;\"><span style=\"font-size: 10.5pt; font-family: Arial; color: black;\">Votre chauffeur priv\u00e9 viendra vous chercher \u00e0 votre h\u00f4tel \u00e0 13h00 dans une luxueuse berline ou van Mercedes et vous ram\u00e8nera \u00e0 la fin de votre visite vers 18h30. Sur le chemin de Fontainebleau qui est \u00e0 1 heure de route de Paris, votre chauffeur vous donnera une introduction du ch\u00e2teau. La visite priv\u00e9e et guid\u00e9e du ch\u00e2teau et de ses 3 types de jardins diff\u00e9rents ouvrira une vue in\u00e9gal\u00e9e sur l&#8217;histoire de la France, l&#8217;histoire de l&#8217;art et l&#8217;architecture.<\/span><\/p>\n<p style=\"background: white;\"><span style=\"font-size: 10.5pt; font-family: Arial; color: black;\">Avec plus de 1500 chambres au c\u0153ur de 130 hectares de parcs et jardins, le ch\u00e2teau de Fontainebleau peut pr\u00e9tendre avoir \u00e9t\u00e9 une r\u00e9sidence souveraine pendant 8 si\u00e8cles: Cap\u00e9tiens, Valois, Bourbons et Orl\u00e9ans, tous les membres des dynasties r\u00e9gnantes fran\u00e7aises ont v\u00e9cu dans ces murs. Les rois et les reines, les empereurs et les imp\u00e9ratrices se sont tous efforc\u00e9s d&#8217;apporter leurs propres am\u00e9liorations au ch\u00e2teau construit autour du donjon central.<\/span><\/p>\n<p style=\"background: white;\"><span style=\"font-size: 10.5pt; font-family: Arial; color: black;\">La premi\u00e8re r\u00e9f\u00e9rence enregistr\u00e9e au ch\u00e2teau de Fontainebleau dans une charte royale date de 1137. Le donjon central date de cette p\u00e9riode. En 1259, Saint Louis y \u00e9tablit un monast\u00e8re.<\/span><\/p>\n<p style=\"background: white;\"><span style=\"font-size: 10.5pt; font-family: Arial; color: black;\">Le monast\u00e8re a \u00e9t\u00e9 acquis par le roi Fran\u00e7ois qui fit d&#8217;impressionnantes extensions en 1528. Le ch\u00e2teau de Fontainebleau fut \u00e9galement celui o\u00f9 Catherine de M\u00e9dicis donna naissance \u00e0 six de ses enfants. Les derniers grands travaux d&#8217;agrandissement du ch\u00e2teau ont \u00e9t\u00e9 r\u00e9alis\u00e9s sous le r\u00e8gne du roi Henri IV dont il \u00e9tait le favori apr\u00e8s le Louvre. Le 18\u00e8me si\u00e8cle a vu la c\u00e9r\u00e9monie de mariage du Roi Louis XV et de son \u00e9pouse Marie Leczynska \u00e0 la chapelle de la Trinit\u00e9 \u00e0 Fontainebleau. La vie au ch\u00e2teau de Fontainebleau sous le Premier Empire \u00e9tait \u00e9troitement li\u00e9e \u00e0 l&#8217;ascension et \u00e0 la chute de l&#8217;Aigle imp\u00e9rial. Napol\u00e9on fit plus que quiconque pour restaurer le ch\u00e2teau de Fontainebleau, le r\u00e9am\u00e9nager compl\u00e8tement apr\u00e8s la R\u00e9volution.<\/span><\/p>\n<p style=\"margin-top: 0cm; background: white;\"><span style=\"font-size: 10.5pt; font-family: Arial; color: black;\">Le ch\u00e2teau de Fontainebleau abrite une collection exceptionnelle d&#8217;\u0153uvres d&#8217;art repr\u00e9sentant les go\u00fbts stylistiques et esth\u00e9tiques de ceux qui ont v\u00e9cu dans ses appartements. Ils fournissent une le\u00e7on d&#8217;histoire de l&#8217;art fascinante.<\/span><\/p>\n<p><strong>Tarifs :<\/strong><\/p>\n<table>\n<tbody>\n<tr>\n<td data-title=\"Column 1\">Mercedes Classe E<\/td>\n<td data-title=\"Column 1\">\u00a0Personnes : 4<\/td>\n<td data-title=\"Column 1\">Prix : 850\u20ac<\/td>\n<\/tr>\n<tr>\n<td data-title=\"Column 2\">Mercedes Classe V<\/td>\n<td data-title=\"Column 2\">\u00a0Personnes : 7<\/td>\n<td data-title=\"Column 2\">Prix : 950\u20ac<\/td>\n<\/tr>\n<tr>\n<td data-title=\"Column 3\">Mercedes Classe S<\/td>\n<td data-title=\"Column 3\">\u00a0Personnes : 4<\/td>\n<td data-title=\"Column 3\">Prix : 1400\u20ac<\/td>\n<\/tr>\n<tr>\n<td data-title=\"Column 4\">Mercedes Sprinter<\/td>\n<td data-title=\"Column 4\">\u00a0Personnes : de 12 \u00e0 30<\/td>\n<td data-title=\"Column 4\">Prix : 1800\u20ac<\/td>\n<\/tr>\n<\/tbody>\n<\/table>\n<p>Pour r\u00e9server ce tour , merci de nous contacter par e-mail \u00e0 l&#8217;adresse suivante : contact@mydriverparis.com\n","protected":false},"excerpt":{"rendered":"","protected":false},"author":1,"featured_media":0,"parent":1324,"menu_order":0,"comment_status":"closed","ping_status":"closed","template":"","meta":{"om_disable_all_campaigns":false,"footnotes":""},"class_list":["post-1346","page","type-page","status-publish","hentry"],"_links":{"self":[{"href":"https:\/\/www.mydriverparis.com\/fr\/wp-json\/wp\/v2\/pages\/1346","targetHints":{"allow":["GET"]}}],"collection":[{"href":"https:\/\/www.mydriverparis.com\/fr\/wp-json\/wp\/v2\/pages"}],"about":[{"href":"https:\/\/www.mydriverparis.com\/fr\/wp-json\/wp\/v2\/types\/page"}],"author":[{"embeddable":true,"href":"https:\/\/www.mydriverparis.com\/fr\/wp-json\/wp\/v2\/users\/1"}],"replies":[{"embeddable":true,"href":"https:\/\/www.mydriverparis.com\/fr\/wp-json\/wp\/v2\/comments?post=1346"}],"version-history":[{"count":0,"href":"https:\/\/www.mydriverparis.com\/fr\/wp-json\/wp\/v2\/pages\/1346\/revisions"}],"up":[{"embeddable":true,"href":"https:\/\/www.mydriverparis.com\/fr\/wp-json\/wp\/v2\/pages\/1324"}],"wp:attachment":[{"href":"https:\/\/www.mydriverparis.com\/fr\/wp-json\/wp\/v2\/media?parent=1346"}],"curies":[{"name":"wp","href":"https:\/\/api.w.org\/{rel}","templated":true}]}}