{"id":1348,"date":"2018-03-23T17:06:42","date_gmt":"2018-03-23T16:06:42","guid":{"rendered":"https:\/\/www.mydriverparis.com\/?page_id=1348"},"modified":"2018-03-23T17:06:42","modified_gmt":"2018-03-23T16:06:42","slug":"bruges","status":"publish","type":"page","link":"https:\/\/www.mydriverparis.com\/fr\/visite\/bruges\/","title":{"rendered":"Bruges"},"content":{"rendered":"<img loading=\"lazy\" decoding=\"async\" width=\"300\" height=\"225\" class=\"alignnone size-medium wp-image-1282\" src=\"https:\/\/www.mydriverparis.com\/wp-content\/uploads\/2018\/03\/bruges-tour-from-paris-300x225.jpg\" alt=\"\" srcset=\"https:\/\/www.mydriverparis.com\/wp-content\/uploads\/2018\/03\/bruges-tour-from-paris-300x225.jpg 300w, https:\/\/www.mydriverparis.com\/wp-content\/uploads\/2018\/03\/bruges-tour-from-paris-768x576.jpg 768w, https:\/\/www.mydriverparis.com\/wp-content\/uploads\/2018\/03\/bruges-tour-from-paris-100x75.jpg 100w, https:\/\/www.mydriverparis.com\/wp-content\/uploads\/2018\/03\/bruges-tour-from-paris.jpg 940w\" sizes=\"auto, (max-width: 300px) 100vw, 300px\" \/><\/p>\n<p>Votre chauffeur priv\u00e9 viendra vous chercher \u00e0 votre h\u00f4tel ou appartement \u00e0 07h00 pour ce merveilleux voyage de Paris \u00e0 Bruges. Le trajet dure environ 3h30.<\/p>\n<p>Apr\u00e8s le stationnement dans le centre de la ville, votre chauffeur vous conduira \u00e0 la place du march\u00e9, le c\u0153ur m\u00e9di\u00e9val de la ville entour\u00e9 de b\u00e2timents n\u00e9o-gothiques spectaculaires o\u00f9 vous commencerez votre tour beffroi, symbole de l&#8217;ind\u00e9pendance de Bruges pendant des si\u00e8cles.<\/p>\n<p>Apr\u00e8s avoir pass\u00e9 les statues de Jan Breydel et Peter de Coninck, les h\u00e9ros de la bataille des Golden Spurs, vous allez voir\u00a0 le palais de justice provincial avant de rejoindre la place Burg, le coeur de la Bruges administrative avec la mairie gothique l&#8217;un des plus de beaux b\u00e2timents de la ville, sa fa\u00e7ade monumentale affichant les armes de la ville et son grand escalier menant \u00e0 la salle gothique avec des peintures murales spectaculaires qui illustrent les \u00e9v\u00e9nements historiques les plus importants de Bruges.<\/p>\n<p>Vous visiterez \u00e9galement l&#8217;ancienne cour de justice avec les statues de Mo\u00efse et d&#8217;Aaron sur la fa\u00e7ade et sa c\u00e9l\u00e8bre chemin\u00e9e en bois, marbre et alb\u00e2tre construite en 1528, avant de visiter la chapelle qui affiche l&#8217;ampoule r\u00e9put\u00e9e contenir le sang du Christ.<\/p>\n<p>Apr\u00e8s cela, vous pouvez faire une croisi\u00e8re en bateau qui dure environ 45 minutes sur les canaux de Bruges, ces art\u00e8res remarquables de la ville o\u00f9 vous d\u00e9couvrirez des jardins secrets, des ponts pittoresques et des natures mortes merveilleuses.<\/p>\n<p>Apr\u00e8s la visite en bateau et avant de retourner \u00e0 Paris, vous aurez le temps d&#8217;explorer quelques boutiques de chocolat de Bruges comme vous le savez, Bruges est la capitale mondiale du chocolat.<\/p>\n<p>Bruges, une splendide ville m\u00e9di\u00e9vale, appel\u00e9e aussi &#8220;la Venise du Nord&#8221;, est l&#8217;un des joyaux de la couronne belge. Dans aucune autre ville europ\u00e9enne, la sensation et l&#8217;apparence de l&#8217;\u00e9poque m\u00e9di\u00e9vale sont si pr\u00e9sents que dans cette ville proche de la mer du Nord.<\/p>\n<p><strong>Tarifs :<\/strong><\/p>\n<table>\n<tbody>\n<tr>\n<td data-title=\"Column 1\">Mercedes Classe E<\/td>\n<td data-title=\"Column 1\">\u00a0Personnes : 4<\/td>\n<td data-title=\"Column 1\">Prix : 1500\u20ac<\/td>\n<\/tr>\n<tr>\n<td data-title=\"Column 2\">Mercedes Classe V<\/td>\n<td data-title=\"Column 2\">\u00a0Personnes : 7<\/td>\n<td data-title=\"Column 2\">Prix : 1800\u20ac<\/td>\n<\/tr>\n<tr>\n<td data-title=\"Column 3\">Mercedes Classe S<\/td>\n<td data-title=\"Column 3\">\u00a0Personnes : 4<\/td>\n<td data-title=\"Column 3\">Prix : 2200\u20ac<\/td>\n<\/tr>\n<tr>\n<td data-title=\"Column 4\">Mercedes Sprinter<\/td>\n<td data-title=\"Column 4\">\u00a0Personnes : de 12 \u00e0 30<\/td>\n<td data-title=\"Column 4\">Prix : 2800\u20ac<\/td>\n<\/tr>\n<\/tbody>\n<\/table>\n<p>Pour r\u00e9server ce tour , merci de nous contacter par e-mail \u00e0 l&#8217;adresse suivante : contact@mydriverparis.com\n","protected":false},"excerpt":{"rendered":"","protected":false},"author":1,"featured_media":0,"parent":1324,"menu_order":0,"comment_status":"closed","ping_status":"closed","template":"","meta":{"om_disable_all_campaigns":false,"footnotes":""},"class_list":["post-1348","page","type-page","status-publish","hentry"],"_links":{"self":[{"href":"https:\/\/www.mydriverparis.com\/fr\/wp-json\/wp\/v2\/pages\/1348","targetHints":{"allow":["GET"]}}],"collection":[{"href":"https:\/\/www.mydriverparis.com\/fr\/wp-json\/wp\/v2\/pages"}],"about":[{"href":"https:\/\/www.mydriverparis.com\/fr\/wp-json\/wp\/v2\/types\/page"}],"author":[{"embeddable":true,"href":"https:\/\/www.mydriverparis.com\/fr\/wp-json\/wp\/v2\/users\/1"}],"replies":[{"embeddable":true,"href":"https:\/\/www.mydriverparis.com\/fr\/wp-json\/wp\/v2\/comments?post=1348"}],"version-history":[{"count":0,"href":"https:\/\/www.mydriverparis.com\/fr\/wp-json\/wp\/v2\/pages\/1348\/revisions"}],"up":[{"embeddable":true,"href":"https:\/\/www.mydriverparis.com\/fr\/wp-json\/wp\/v2\/pages\/1324"}],"wp:attachment":[{"href":"https:\/\/www.mydriverparis.com\/fr\/wp-json\/wp\/v2\/media?parent=1348"}],"curies":[{"name":"wp","href":"https:\/\/api.w.org\/{rel}","templated":true}]}}