{"id":1350,"date":"2018-03-23T17:10:25","date_gmt":"2018-03-23T16:10:25","guid":{"rendered":"https:\/\/www.mydriverparis.com\/?page_id=1350"},"modified":"2018-03-23T17:10:25","modified_gmt":"2018-03-23T16:10:25","slug":"burgundy","status":"publish","type":"page","link":"https:\/\/www.mydriverparis.com\/fr\/visite\/burgundy\/","title":{"rendered":"Burgundy"},"content":{"rendered":"<img loading=\"lazy\" decoding=\"async\" width=\"300\" height=\"200\" class=\"alignnone size-medium wp-image-1284\" src=\"https:\/\/www.mydriverparis.com\/wp-content\/uploads\/2018\/03\/burgundy-tour-from-paris-300x200.jpg\" alt=\"burgundy tour\" srcset=\"https:\/\/www.mydriverparis.com\/wp-content\/uploads\/2018\/03\/burgundy-tour-from-paris-300x200.jpg 300w, https:\/\/www.mydriverparis.com\/wp-content\/uploads\/2018\/03\/burgundy-tour-from-paris-768x513.jpg 768w, https:\/\/www.mydriverparis.com\/wp-content\/uploads\/2018\/03\/burgundy-tour-from-paris.jpg 1024w, https:\/\/www.mydriverparis.com\/wp-content\/uploads\/2018\/03\/burgundy-tour-from-paris-100x67.jpg 100w\" sizes=\"auto, (max-width: 300px) 100vw, 300px\" \/><\/p>\n<p>Situ\u00e9e \u00e0 3 heures de route de Paris, Burgundy est une ville m\u00e9di\u00e9vale de V\u00e9zelay, c\u00e9l\u00e8bre pour sa basilique romane, class\u00e9e au patrimoine mondial de l&#8217;Unesco. Avec votre chauffeur priv\u00e9, vous visiterez ce monument o\u00f9 saint Bernard a pr\u00each\u00e9 la deuxi\u00e8me croisade en 1146. Apr\u00e8s cela, vous visiterez le jardin derri\u00e8re la basilique o\u00f9 vous profiterez de la merveilleuse vue sur la r\u00e9gion du morvan.<\/p>\n<p>Vous visiterez \u00e9galement Beaune, une petite ville entour\u00e9e par les vignobles de renomm\u00e9e mondiale. Une fois que vous \u00eates arriv\u00e9, vous commencerez une visite des vignobles. Un guide local vous montrera les caves vo\u00fbt\u00e9es du 13\u00e8me et 14\u00e8me si\u00e8cle. Cette visite se termine par une d\u00e9gustation de vin. Vous pouvez \u00e9galement visiter le plus beau b\u00e2timent de Beaune: l&#8217;H\u00f4tel-Dieu, \u00e9galement appel\u00e9 Hospices de Beaune. Cet h\u00f4pital a \u00e9t\u00e9 fond\u00e9 au milieu du XVe si\u00e8cle par Nicolas Rolin pour soigner les pauvres de la ville.<\/p>\n<p>\u00c0 proximit\u00e9 de Beaune, vous pouvez visiter Chablis, c\u00e9l\u00e8bre pour son vin blanc fait de chardonnay.<\/p>\n<p><strong>Tarifs :<\/strong><\/p>\n<table>\n<tbody>\n<tr>\n<td data-title=\"Column 1\">Mercedes Classe E<\/td>\n<td data-title=\"Column 1\">\u00a0Personnes : 4<\/td>\n<td data-title=\"Column 1\">Prix : 1200\u20ac<\/td>\n<\/tr>\n<tr>\n<td data-title=\"Column 2\">Mercedes Classe V<\/td>\n<td data-title=\"Column 2\">\u00a0Personnes : 7<\/td>\n<td data-title=\"Column 2\">Prix : 1600\u20ac<\/td>\n<\/tr>\n<tr>\n<td data-title=\"Column 3\">Mercedes Classe S<\/td>\n<td data-title=\"Column 3\">\u00a0Personnes : 4<\/td>\n<td data-title=\"Column 3\">Prix : 2000\u20ac<\/td>\n<\/tr>\n<tr>\n<td data-title=\"Column 4\">Mercedes Sprinter<\/td>\n<td data-title=\"Column 4\">\u00a0Personnes : de 12 \u00e0 30<\/td>\n<td data-title=\"Column 4\">Prix : 2600\u20ac<\/td>\n<\/tr>\n<\/tbody>\n<\/table>\n<p>Pour r\u00e9server ce tour , merci de nous contacter par e-mail \u00e0 l&#8217;adresse suivante : contact@mydriverparis.com\n","protected":false},"excerpt":{"rendered":"","protected":false},"author":1,"featured_media":0,"parent":1324,"menu_order":0,"comment_status":"closed","ping_status":"closed","template":"","meta":{"om_disable_all_campaigns":false,"footnotes":""},"class_list":["post-1350","page","type-page","status-publish","hentry"],"_links":{"self":[{"href":"https:\/\/www.mydriverparis.com\/fr\/wp-json\/wp\/v2\/pages\/1350","targetHints":{"allow":["GET"]}}],"collection":[{"href":"https:\/\/www.mydriverparis.com\/fr\/wp-json\/wp\/v2\/pages"}],"about":[{"href":"https:\/\/www.mydriverparis.com\/fr\/wp-json\/wp\/v2\/types\/page"}],"author":[{"embeddable":true,"href":"https:\/\/www.mydriverparis.com\/fr\/wp-json\/wp\/v2\/users\/1"}],"replies":[{"embeddable":true,"href":"https:\/\/www.mydriverparis.com\/fr\/wp-json\/wp\/v2\/comments?post=1350"}],"version-history":[{"count":0,"href":"https:\/\/www.mydriverparis.com\/fr\/wp-json\/wp\/v2\/pages\/1350\/revisions"}],"up":[{"embeddable":true,"href":"https:\/\/www.mydriverparis.com\/fr\/wp-json\/wp\/v2\/pages\/1324"}],"wp:attachment":[{"href":"https:\/\/www.mydriverparis.com\/fr\/wp-json\/wp\/v2\/media?parent=1350"}],"curies":[{"name":"wp","href":"https:\/\/api.w.org\/{rel}","templated":true}]}}