{"id":1352,"date":"2018-03-23T17:12:45","date_gmt":"2018-03-23T16:12:45","guid":{"rendered":"https:\/\/www.mydriverparis.com\/?page_id=1352"},"modified":"2018-03-23T17:12:45","modified_gmt":"2018-03-23T16:12:45","slug":"chartres","status":"publish","type":"page","link":"https:\/\/www.mydriverparis.com\/fr\/visite\/chartres\/","title":{"rendered":"Chartres"},"content":{"rendered":"<img loading=\"lazy\" decoding=\"async\" width=\"300\" height=\"229\" class=\"alignnone size-medium wp-image-1286\" src=\"https:\/\/www.mydriverparis.com\/wp-content\/uploads\/2018\/03\/Chartres-tour-from-paris-300x229.jpg\" alt=\"Chartres tour from paris\" srcset=\"https:\/\/www.mydriverparis.com\/wp-content\/uploads\/2018\/03\/Chartres-tour-from-paris-300x229.jpg 300w, https:\/\/www.mydriverparis.com\/wp-content\/uploads\/2018\/03\/Chartres-tour-from-paris-768x586.jpg 768w, https:\/\/www.mydriverparis.com\/wp-content\/uploads\/2018\/03\/Chartres-tour-from-paris-1024x782.jpg 1024w, https:\/\/www.mydriverparis.com\/wp-content\/uploads\/2018\/03\/Chartres-tour-from-paris-100x76.jpg 100w\" sizes=\"auto, (max-width: 300px) 100vw, 300px\" \/><\/p>\n<p>Notre chauffeur priv\u00e9 viendra vous chercher \u00e0 votre h\u00f4tel pour vous amener de Paris \u00e0 Chartres (1 heure de route) dans une luxueuse berline Mercedes ou un mini van.<\/p>\n<p>Situ\u00e9e \u00e0 environ 50 kilom\u00e8tres au sud-ouest de Paris, dans la ville de Chartres, capitale de la lumi\u00e8re et du parfum, la cath\u00e9drale Notre-Dame de Chartres est le plus bel exemple d&#8217;architecture gothique au monde. La cath\u00e9drale a \u00e9t\u00e9 construite sur une p\u00e9riode de 26 ans apr\u00e8s l&#8217;incendie de 1194. Lorsque vous arriverez, vous visiterez cette incroyable \u00e9glise. Orn\u00e9e de plus de quatre mille sculptures, la cath\u00e9drale a \u00e9t\u00e9 une destination importante pour les voyageurs dont beaucoup viennent v\u00e9n\u00e9rer sa c\u00e9l\u00e8bre relique: la Santa Camisa qui est la tunique port\u00e9e par la Vierge Marie \u00e0 la naissance du Christ et les autres qui viennent admirer le remarquable collection de 176 vitraux.<\/p>\n<p>Apr\u00e8s cette visite priv\u00e9e de la cath\u00e9drale, vous pourrez profiter d&#8217;une promenade autour de la ville avant de retourner \u00e0 Paris.<\/p>\n<p><strong>Tarifs :<\/strong><\/p>\n<table>\n<tbody>\n<tr>\n<td data-title=\"Column 1\">Mercedes Classe E<\/td>\n<td data-title=\"Column 1\">\u00a0Personnes : 4<\/td>\n<td data-title=\"Column 1\">Prix : 900\u20ac<\/td>\n<\/tr>\n<tr>\n<td data-title=\"Column 2\">Mercedes Classe V<\/td>\n<td data-title=\"Column 2\">\u00a0Personnes : 7<\/td>\n<td data-title=\"Column 2\">Prix : 1100\u20ac<\/td>\n<\/tr>\n<tr>\n<td data-title=\"Column 3\">Mercedes Classe S<\/td>\n<td data-title=\"Column 3\">\u00a0Personnes : 4<\/td>\n<td data-title=\"Column 3\">Prix : 1600\u20ac<\/td>\n<\/tr>\n<tr>\n<td data-title=\"Column 4\">Mercedes Sprinter<\/td>\n<td data-title=\"Column 4\">\u00a0Personnes : de 12 \u00e0 30<\/td>\n<td data-title=\"Column 4\">Prix : 2100\u20ac<\/td>\n<\/tr>\n<\/tbody>\n<\/table>\n<p>Pour r\u00e9server ce tour , merci de nous contacter par e-mail \u00e0 l&#8217;adresse suivante : contact@mydriverparis.com\n","protected":false},"excerpt":{"rendered":"","protected":false},"author":1,"featured_media":0,"parent":1324,"menu_order":0,"comment_status":"closed","ping_status":"closed","template":"","meta":{"om_disable_all_campaigns":false,"footnotes":""},"class_list":["post-1352","page","type-page","status-publish","hentry"],"_links":{"self":[{"href":"https:\/\/www.mydriverparis.com\/fr\/wp-json\/wp\/v2\/pages\/1352","targetHints":{"allow":["GET"]}}],"collection":[{"href":"https:\/\/www.mydriverparis.com\/fr\/wp-json\/wp\/v2\/pages"}],"about":[{"href":"https:\/\/www.mydriverparis.com\/fr\/wp-json\/wp\/v2\/types\/page"}],"author":[{"embeddable":true,"href":"https:\/\/www.mydriverparis.com\/fr\/wp-json\/wp\/v2\/users\/1"}],"replies":[{"embeddable":true,"href":"https:\/\/www.mydriverparis.com\/fr\/wp-json\/wp\/v2\/comments?post=1352"}],"version-history":[{"count":0,"href":"https:\/\/www.mydriverparis.com\/fr\/wp-json\/wp\/v2\/pages\/1352\/revisions"}],"up":[{"embeddable":true,"href":"https:\/\/www.mydriverparis.com\/fr\/wp-json\/wp\/v2\/pages\/1324"}],"wp:attachment":[{"href":"https:\/\/www.mydriverparis.com\/fr\/wp-json\/wp\/v2\/media?parent=1352"}],"curies":[{"name":"wp","href":"https:\/\/api.w.org\/{rel}","templated":true}]}}