{"id":1373,"date":"2018-03-27T18:00:06","date_gmt":"2018-03-27T16:00:06","guid":{"rendered":"https:\/\/www.mydriverparis.com\/?page_id=1373"},"modified":"2018-03-27T18:00:06","modified_gmt":"2018-03-27T16:00:06","slug":"roland-garros","status":"publish","type":"page","link":"https:\/\/www.mydriverparis.com\/fr\/evenements\/roland-garros\/","title":{"rendered":"Roland Garros"},"content":{"rendered":"<\/p>\n<div class=\"infobox_v3\">\n<div class=\"entete icon tennis\"><\/div>\n<div class=\"images\"><a class=\"image\" title=\"Logo de Roland Garros\" href=\"https:\/\/fr.wikipedia.org\/wiki\/Fichier:Logo_Roland-Garros.svg\" rel=\"nofollow noopener\" target=\"_blank\"><img loading=\"lazy\" decoding=\"async\" src=\"https:\/\/upload.wikimedia.org\/wikipedia\/fr\/thumb\/1\/1d\/Logo_Roland-Garros.svg\/110px-Logo_Roland-Garros.svg.png\" srcset=\"\/\/upload.wikimedia.org\/wikipedia\/fr\/thumb\/1\/1d\/Logo_Roland-Garros.svg\/165px-Logo_Roland-Garros.svg.png 1.5x, \/\/upload.wikimedia.org\/wikipedia\/fr\/thumb\/1\/1d\/Logo_Roland-Garros.svg\/220px-Logo_Roland-Garros.svg.png 2x\" alt=\"Internationaux de France de tennis\" width=\"110\" height=\"110\" data-file-width=\"350\" data-file-height=\"350\" \/><\/a><\/div>\n<div class=\"legend\">Roland-Garos\u00a0<small><span style=\"background-color: #ffffff; color: #333333; font-size: 16px;\">est un tournoi de tennis\u00a0<\/span><span style=\"background-color: #ffffff; color: #333333; font-size: 16px;\">sur terre battue\u00a0<\/span><span style=\"background-color: #ffffff; color: #333333; font-size: 16px;\">cr\u00e9\u00e9 en 1925<\/span><span style=\"background-color: #ffffff; color: #333333; font-size: 16px;\">\u00a0et qui se tient annuellement depuis 1928 \u00e0 Paris<\/span><span style=\"background-color: #ffffff; color: #333333; font-size: 16px;\">, dans le stade de Roland-Garros<\/span><span style=\"background-color: #ffffff; color: #333333; font-size: 16px;\">.\u00a0<\/span><span style=\"background-color: #ffffff; color: #333333; font-size: 16px;\">Organis\u00e9 par la F\u00e9d\u00e9ration fran\u00e7aise de tennis\u00a0<\/span><span style=\"background-color: #ffffff; color: #333333; font-size: 16px;\">\u00a0(FFT), il se d\u00e9roule sur la derni\u00e8re semaine de mai<\/span><span style=\"background-color: #ffffff; color: #333333; font-size: 16px;\">\u00a0et la premi\u00e8re semaine de juin<\/span><span style=\"background-color: #ffffff; color: #333333; font-size: 16px;\">. Il est l&#8217;un des quatre tournois du Grand Chelem<\/span><span style=\"background-color: #ffffff; color: #333333; font-size: 16px;\">.<\/span><br \/>\n<\/small><\/div>\n<\/div>\n<p>Les Internationaux de France de tennis sont le plus grand tournoi de la saison de tennis sur terre battue et le dernier tournoi du Grand Chelem se disputant sur cette surface\u00a0Il est consid\u00e9r\u00e9 comme le second plus prestigieux tournoi de tennis du monde apr\u00e8s le tournoi de Wimbledon.<sup id=\"cite_ref-6\" class=\"reference\"><\/sup><\/p>\n<p>Lors de la phase de qualifications, les joueurs ne pouvant\u00a0pr\u00e9tendre\u00a0\u00e0\u00a0entrer\u00a0dans le tableau final directement disputent un tournoi entre eux. En trois victoires, ils peuvent\u00a0parvenir\u00a0au tournoi principal. Chez les hommes, 128\u00a0joueurs disputent ce tournoi qualificatif, et seuls les 16\u00a0derniers disputeront le tournoi. Chez les femmes, elles sont 96 au d\u00e9part pour 12\u00a0places.<\/p>\n<p>Le nombre de spectateurs qui viennent sur le tournoi a, lui, \u00e9t\u00e9 de 455\u00a0621 l\u2019an dernier. Ils assistent aux matches sur les 24\u00a0courts de Roland-Garros arbitr\u00e9s par 304\u00a0arbitres et assist\u00e9s de 258\u00a0ramasseurs de balles.<\/p>\n<p>Vous pouvez d\u00e8s \u00e0 pr\u00e9sent r\u00e9server votre chauffeur priv\u00e9 VTC pour Roland Garros en nous envoyant votre demande par e-mail \u00e0 contact@mydriverparis.com ou directement via le formulaire de r\u00e9servation\n","protected":false},"excerpt":{"rendered":"","protected":false},"author":1,"featured_media":0,"parent":809,"menu_order":0,"comment_status":"closed","ping_status":"closed","template":"","meta":{"om_disable_all_campaigns":false,"footnotes":""},"class_list":["post-1373","page","type-page","status-publish","hentry"],"_links":{"self":[{"href":"https:\/\/www.mydriverparis.com\/fr\/wp-json\/wp\/v2\/pages\/1373","targetHints":{"allow":["GET"]}}],"collection":[{"href":"https:\/\/www.mydriverparis.com\/fr\/wp-json\/wp\/v2\/pages"}],"about":[{"href":"https:\/\/www.mydriverparis.com\/fr\/wp-json\/wp\/v2\/types\/page"}],"author":[{"embeddable":true,"href":"https:\/\/www.mydriverparis.com\/fr\/wp-json\/wp\/v2\/users\/1"}],"replies":[{"embeddable":true,"href":"https:\/\/www.mydriverparis.com\/fr\/wp-json\/wp\/v2\/comments?post=1373"}],"version-history":[{"count":0,"href":"https:\/\/www.mydriverparis.com\/fr\/wp-json\/wp\/v2\/pages\/1373\/revisions"}],"up":[{"embeddable":true,"href":"https:\/\/www.mydriverparis.com\/fr\/wp-json\/wp\/v2\/pages\/809"}],"wp:attachment":[{"href":"https:\/\/www.mydriverparis.com\/fr\/wp-json\/wp\/v2\/media?parent=1373"}],"curies":[{"name":"wp","href":"https:\/\/api.w.org\/{rel}","templated":true}]}}