{"id":2993,"date":"2018-12-17T18:42:38","date_gmt":"2018-12-17T17:42:38","guid":{"rendered":"https:\/\/www.mydriverparis.com\/mentions-legales\/"},"modified":"2018-12-17T18:46:09","modified_gmt":"2018-12-17T17:46:09","slug":"mentions-legales","status":"publish","type":"page","link":"https:\/\/www.mydriverparis.com\/fr\/mentions-legales\/","title":{"rendered":"Mentions l\u00e9gales"},"content":{"rendered":"<h1><span style=\"font-weight: 400;\">Mentions l\u00e9gales <\/span><\/h1>\n<h2><span style=\"font-weight: 400;\">Le pr\u00e9sent site Internet est \u00e9dit\u00e9 par la soci\u00e9t\u00e9 Kaventure.<\/span><\/h2>\n<p><span style=\"font-weight: 400;\">La soci\u00e9t\u00e9 <\/span><b>Kaventure <\/b><span style=\"font-weight: 400;\">: soci\u00e9t\u00e9 \u00e0 responsabilit\u00e9 limit\u00e9e au capital social de 5000 euros, immatricul\u00e9e au RCS de Manosque sous le num\u00e9ro 751 219 916 ;<\/span><\/p>\n<p><span style=\"font-weight: 400;\">ayant son si\u00e8ge social sis 3 chemin des ch\u00eanes vert 04700 Oraison;<\/span><\/p>\n<p><span style=\"font-weight: 400;\">immatricul\u00e9e au registre des exploitants de voitures de tourisme avec chauffeur sous le num\u00e9ro EVTC004120001; repr\u00e9sent\u00e9e par son repr\u00e9sentant l\u00e9gal en exercice, domicili\u00e9 en cette qualit\u00e9 audit si\u00e8ge, d\u00fbment habilit\u00e9 \u00e0 l\u2019effet des pr\u00e9sentes.<\/span><\/p>\n<p><span style=\"font-weight: 400;\">Le directeur de publication est Monsieur Sylvain Katchikian en qualit\u00e9 de G\u00e9rant de la soci\u00e9t\u00e9 Kaventure.<\/span><\/p>\n<p><span style=\"font-weight: 400;\">Le site WWW.MyDriverParis.COM est h\u00e9berg\u00e9 par la soci\u00e9t\u00e9 OVH au 2 Rue Kellermann, 59100 Roubaix<\/span><\/p>\n<p><span style=\"font-weight: 400;\">Pour toute r\u00e9clamation concernant ce site, vous pouvez contacter la soci\u00e9t\u00e9 par voie \u00e9lectronique \u00e0 l&#8217;adresse suivante : <\/span><a href=\"mailto:contact@mydriverparis.com\"><span style=\"font-weight: 400;\">contact@mydriverparis.com<\/span><\/a><\/p>\n<p><span style=\"font-weight: 400;\">Donn\u00e9es personnelles :<\/span><\/p>\n<p><span style=\"font-weight: 400;\">Conform\u00e9ment \u00e0 la loi Informatique et Libert\u00e9s du 6 janvier 1978 modifi\u00e9e par la loi du 6 ao\u00fbt 2004 relative \u00e0 la protection des personnes physiques \u00e0 l&#8217;\u00e9gard des traitements des donn\u00e9es \u00e0 caract\u00e8re personnel, tout utilisateur du site dispose, \u00e0 tout moment, d&#8217;un droit d&#8217;acc\u00e8s, de modification, de rectification ou de suppression des donn\u00e9es qui le concernent. Pour cela, l\u2019utilisateur pourra consulter et modifier ces donn\u00e9es via le site www.MyDriverParis.com directement ou devra faire sa demande soit par voie \u00e9lectronique \u00e0 l&#8217;adresse suivante : contact@MyDriverParis.com <\/span><\/p>\n<p><span style=\"font-weight: 400;\">Contenu des informations stock\u00e9es :<\/span><\/p>\n<p><span style=\"font-weight: 400;\">Conform\u00e9ment \u00e0 l\u2019article 6 de la loi du 21 juin 2004 pour la confiance dans l\u2019\u00e9conomie num\u00e9rique, en sa qualit\u00e9 d\u2019h\u00e9bergeur, la soci\u00e9t\u00e9 Kaventure est l\u00e9galement tenu de mettre en place un dispositif facilement accessible et visible, permettant \u00e0 quiconque de porter \u00e0 sa connaissance la diffusion, via le Site, du contenu portant sur :<\/span><\/p>\n<p><span style=\"font-weight: 400;\">l\u2019apologie de crimes contre l\u2019humanit\u00e9<\/span><\/p>\n<p><span style=\"font-weight: 400;\">l\u2019incitation \u00e0 la haine raciale<\/span><\/p>\n<p><span style=\"font-weight: 400;\">la pornographie enfantine<\/span><\/p>\n<p><span style=\"font-weight: 400;\">l\u2019incitation \u00e0 la violence<\/span><\/p>\n<p><span style=\"font-weight: 400;\">l\u2019atteinte \u00e0 la dignit\u00e9 humaine.<\/span><\/p>\n<p><span style=\"font-weight: 400;\">Vous pouvez \u00e9galement adresser un courrier circonstanci\u00e9 \u00e0 notre soci\u00e9t\u00e9 pr\u00e9cisant la date, votre identit\u00e9, l&#8217;adresse URL du contenu litigieux, sa description et l&#8217;identifiant de son auteur.<\/span><\/p>\n<p><span style=\"font-weight: 400;\">Suivant r\u00e9ception, par la soci\u00e9t\u00e9 Kaventure, d&#8217;un signalement adressant les infractions vis\u00e9es ci-avant, le contenu concern\u00e9 fera imm\u00e9diatement l&#8217;objet d&#8217;une suppression du Site et d&#8217;une information des autorit\u00e9s publiques comp\u00e9tentes.<\/span><\/p>\n<p><span style=\"font-weight: 400;\">A toutes fins utiles, il est rappel\u00e9 que le fait, pour toute personne, de pr\u00e9senter un contenu ou une activit\u00e9 comme \u00e9tant illicite dans le but d&#8217;en obtenir le retrait ou d&#8217;en faire cesser la diffusion, alors qu&#8217;elle sait cette information inexacte, est puni d&#8217;un an d&#8217;emprisonnement et de 15.000 euros d&#8217;amende.<\/span><\/p>\n<p><span style=\"font-weight: 400;\">Cookies :<\/span><\/p>\n<p><span style=\"font-weight: 400;\">Le site Internet www.MyDriverParis.com peut collecter des informations de mani\u00e8re automatique par l&#8217;utilisation de \u00ab cookies \u00bb (ou t\u00e9moins de connexion) qui permettent de suivre votre navigation sur le site. Un cookie ne permet pas \u00e0 la soci\u00e9t\u00e9 Kaventure de Vous identifier ; en revanche, il enregistre des informations relatives \u00e0 la navigation de votre ordinateur sur le site www.MyDriverParis.com afin d&#8217;\u00e9tablir les param\u00e8tres de la session durant votre connexion. Ces cookies permettent au site www.MyDriverParis.com de traiter vos demandes et d&#8217;assurer le bon fonctionnement du site Internet. Le site www.MyDriverParis.com utilise notamment les cookies pour m\u00e9moriser vos coordonn\u00e9es lors de votre identification afin que Vous n&#8217;ayez plus \u00e0 les fournir par la suite (cette m\u00e9morisation est optionnelle et Vous restez libre de modifier vos coordonn\u00e9es ult\u00e9rieurement). Vous avez toujours la possibilit\u00e9 de d\u00e9sactiver ou d&#8217;emp\u00eacher le placement de ces cookies ou d&#8217;\u00eatre inform\u00e9 de leur cr\u00e9ation en configurant votre navigateur \u00e0 travers un menu \u00ab options Internet \u00bb, \u00ab pr\u00e9f\u00e9rences \u00bb ou \u00ab s\u00e9curit\u00e9 \u00bb. La soci\u00e9t\u00e9 MyDriverParis Vous invite \u00e0 consulter la rubrique \u00ab aide \u00bb de votre navigateur Internet pour en savoir plus sur la fa\u00e7on de param\u00e9trer ces fonctions.<\/span><\/p>\n<p><span style=\"font-weight: 400;\">Contenu du Site www.MyDriverParis.com:<\/span><\/p>\n<p><span style=\"font-weight: 400;\">Le contenu du site www.MyDriverParis.com, la structure g\u00e9n\u00e9rale, les textes, les images, anim\u00e9es ou non, et les sons dont il est compos\u00e9 sont la propri\u00e9t\u00e9 exclusive de la soci\u00e9t\u00e9 Kaventure. Toute exploitation totale ou partielle du site Internet www.MyDriverParis.com, par quelques proc\u00e9d\u00e9s que ce soient, est interdite et constituerait une contrefa\u00e7on sanctionn\u00e9e par les articles L.335-2 et suivants du Code de la Propri\u00e9t\u00e9 intellectuelle.<\/span><\/p>\n<p><span style=\"font-weight: 400;\">Tous droits r\u00e9serv\u00e9s \u00a9 2017 MyDriverParis<\/span><\/p>\n","protected":false},"excerpt":{"rendered":"<p>Mentions l\u00e9gales Le pr\u00e9sent site Internet est \u00e9dit\u00e9 par la soci\u00e9t\u00e9 Kaventure. La soci\u00e9t\u00e9 Kaventure : soci\u00e9t\u00e9 \u00e0 responsabilit\u00e9 limit\u00e9e au capital social de 5000 euros, immatricul\u00e9e au RCS de Manosque sous le num\u00e9ro 751 219 916 ; ayant son si\u00e8ge social sis 3 chemin des ch\u00eanes vert 04700 Oraison; immatricul\u00e9e au registre des exploitants [&hellip;]<\/p>\n","protected":false},"author":1,"featured_media":0,"parent":0,"menu_order":0,"comment_status":"closed","ping_status":"closed","template":"","meta":{"om_disable_all_campaigns":false,"footnotes":""},"class_list":["post-2993","page","type-page","status-publish","hentry"],"_links":{"self":[{"href":"https:\/\/www.mydriverparis.com\/fr\/wp-json\/wp\/v2\/pages\/2993","targetHints":{"allow":["GET"]}}],"collection":[{"href":"https:\/\/www.mydriverparis.com\/fr\/wp-json\/wp\/v2\/pages"}],"about":[{"href":"https:\/\/www.mydriverparis.com\/fr\/wp-json\/wp\/v2\/types\/page"}],"author":[{"embeddable":true,"href":"https:\/\/www.mydriverparis.com\/fr\/wp-json\/wp\/v2\/users\/1"}],"replies":[{"embeddable":true,"href":"https:\/\/www.mydriverparis.com\/fr\/wp-json\/wp\/v2\/comments?post=2993"}],"version-history":[{"count":0,"href":"https:\/\/www.mydriverparis.com\/fr\/wp-json\/wp\/v2\/pages\/2993\/revisions"}],"wp:attachment":[{"href":"https:\/\/www.mydriverparis.com\/fr\/wp-json\/wp\/v2\/media?parent=2993"}],"curies":[{"name":"wp","href":"https:\/\/api.w.org\/{rel}","templated":true}]}}