{"id":3590,"date":"2019-02-22T16:52:07","date_gmt":"2019-02-22T15:52:07","guid":{"rendered":"https:\/\/www.mydriverparis.com\/chauffeur-prive-bordeaux\/"},"modified":"2019-02-22T18:08:04","modified_gmt":"2019-02-22T17:08:04","slug":"chauffeur-prive-bordeaux","status":"publish","type":"page","link":"https:\/\/www.mydriverparis.com\/fr\/chauffeur-prive-bordeaux\/","title":{"rendered":"Chauffeur Priv\u00e9 Bordeaux"},"content":{"rendered":"<p><br \/>\nBordeaux est l&#8217;un des plus grands sites urbains du patrimoine mondial de l&#8217;humanit\u00e9 avec ses nombreux tr\u00e9sors class\u00e9s \u00e0 l&#8217;Unesco. La ville offre une architecture de classe mondiale avec l&#8217;\u00e9l\u00e9gante sym\u00e9trie de la place de la Bourse, de nombreux palais parsem\u00e9s de mascarons (visages) taill\u00e9s dans la pierre, et les boulevards ombrag\u00e9s d&#8217;h\u00f4tels particuliers construits pour les n\u00e9gociants en vins du XVIIIe si\u00e8cle.<\/p>\n<p>Entour\u00e9e de vignobles verdoyants et ensoleill\u00e9s, Bordeaux est la capitale viticole la plus c\u00e9l\u00e8bre du monde. La viticulture est ici un art et une tradition ancestraux qui porte ses propres marques de fabrique et aucun autre vignoble ne produit autant de vin de qualit\u00e9.<\/p>\n<p>Bordeaux jouit d&#8217;une grande fiert\u00e9 et d&#8217;un savoir-faire local. Jumel\u00e9 \u00e0 la sc\u00e8ne gastronomique exceptionnelle de la ville &#8211; un m\u00e9lange insolent de cuisines traditionnelles fran\u00e7aises, de n\u00e9obistros exp\u00e9rimentaux et de restaurants fusion cr\u00e9atifs.<\/p>\n<p>Pour naviguer et d\u00e9couvrir les tr\u00e9sors de Bordeaux dans les meilleures conditions de confort, notre service de limousine vous propose des services de transfert sur mesure. En route pour une importante r\u00e9union d&#8217;affaires ou une visite guid\u00e9e des vins de Bordeaux ? Planifier un voyage touristique de la ville et de ses environs ? Besoin d&#8217;un chauffeur priv\u00e9 pour quelques heures ? Vous souhaitez trouver un autocar pour un groupe de touristes?<br \/>\n<\/p>\n<h2 style=\"text-align: center;\">Service de chauffeur \u00e0 Bordeaux<\/h2>\n<p><img loading=\"lazy\" decoding=\"async\" width=\"300\" height=\"147\" class=\"alignnone size-medium wp-image-1924 aligncenter\" src=\"https:\/\/www.mydriverparis.com\/wp-content\/uploads\/2018\/07\/bordeaux-private-driver-300x147.png\" alt=\"bordeaux private driver\" srcset=\"https:\/\/www.mydriverparis.com\/wp-content\/uploads\/2018\/07\/bordeaux-private-driver-300x147.png 300w, https:\/\/www.mydriverparis.com\/wp-content\/uploads\/2018\/07\/bordeaux-private-driver-100x49.png 100w, https:\/\/www.mydriverparis.com\/wp-content\/uploads\/2018\/07\/bordeaux-private-driver.png 672w\" sizes=\"auto, (max-width: 300px) 100vw, 300px\" \/><\/p>\n<h2 style=\"text-align: center;\">Votre Chauffeur Priv\u00e9 \u00e0 Bordeaux<\/h2>\n<h2><img loading=\"lazy\" decoding=\"async\" width=\"300\" height=\"132\" class=\"alignnone size-medium wp-image-1894 aligncenter\" src=\"https:\/\/www.mydriverparis.com\/wp-content\/uploads\/2018\/07\/private-chauffeur-finest-300x132.jpeg\" alt=\"private chauffeur finest\" srcset=\"https:\/\/www.mydriverparis.com\/wp-content\/uploads\/2018\/07\/private-chauffeur-finest-300x132.jpeg 300w, https:\/\/www.mydriverparis.com\/wp-content\/uploads\/2018\/07\/private-chauffeur-finest-100x44.jpeg 100w, https:\/\/www.mydriverparis.com\/wp-content\/uploads\/2018\/07\/private-chauffeur-finest.jpeg 600w\" sizes=\"auto, (max-width: 300px) 100vw, 300px\" \/><\/h2>\n<p>MyDriverParis vous garantit des services flexibles, rapides et professionnels, adapt\u00e9s \u00e0 des demandes et des circonstances vari\u00e9es.<\/p>\n<p>Vous pouvez r\u00e9server et vous d\u00e9tendre, MyDriverParis s&#8217;occupera de votre voyage avec ponctualit\u00e9 et professionnalisme.<\/p>\n<p>MyDriverParis vous propose des transferts au d\u00e9part de l&#8217;a\u00e9roport de Bordeaux (Bordeaux-M\u00e9rignac), des gares et des transferts de votre choix en Aquitaine, ou en Gironde (Gare Saint-Jean, Caud\u00e9ran-M\u00e9rignac Sation&#8230;), des Wine tours Bordeaux Saint Emilion Margaux et aussi des transferts de Bordeaux \u00e0 Paris. Profitez d&#8217;un moment de confort dans un v\u00e9hicule de derni\u00e8re g\u00e9n\u00e9ration de votre choix, et d\u00e9tendez-vous en laissant un de nos chauffeurs professionnels vous conduire \u00e0 votre destination.<\/p>\n","protected":false},"excerpt":{"rendered":"","protected":false},"author":1,"featured_media":0,"parent":0,"menu_order":0,"comment_status":"closed","ping_status":"closed","template":"","meta":{"om_disable_all_campaigns":false,"footnotes":""},"class_list":["post-3590","page","type-page","status-publish","hentry"],"_links":{"self":[{"href":"https:\/\/www.mydriverparis.com\/fr\/wp-json\/wp\/v2\/pages\/3590","targetHints":{"allow":["GET"]}}],"collection":[{"href":"https:\/\/www.mydriverparis.com\/fr\/wp-json\/wp\/v2\/pages"}],"about":[{"href":"https:\/\/www.mydriverparis.com\/fr\/wp-json\/wp\/v2\/types\/page"}],"author":[{"embeddable":true,"href":"https:\/\/www.mydriverparis.com\/fr\/wp-json\/wp\/v2\/users\/1"}],"replies":[{"embeddable":true,"href":"https:\/\/www.mydriverparis.com\/fr\/wp-json\/wp\/v2\/comments?post=3590"}],"version-history":[{"count":0,"href":"https:\/\/www.mydriverparis.com\/fr\/wp-json\/wp\/v2\/pages\/3590\/revisions"}],"wp:attachment":[{"href":"https:\/\/www.mydriverparis.com\/fr\/wp-json\/wp\/v2\/media?parent=3590"}],"curies":[{"name":"wp","href":"https:\/\/api.w.org\/{rel}","templated":true}]}}