{"id":3595,"date":"2019-02-22T16:55:51","date_gmt":"2019-02-22T15:55:51","guid":{"rendered":"https:\/\/www.mydriverparis.com\/chauffeur-prive-cannes\/"},"modified":"2019-02-22T18:10:22","modified_gmt":"2019-02-22T17:10:22","slug":"chauffeur-prive-cannes","status":"publish","type":"page","link":"https:\/\/www.mydriverparis.com\/fr\/chauffeur-prive-cannes\/","title":{"rendered":"Chauffeur Priv\u00e9 Cannes"},"content":{"rendered":"<p>La ville de Cannes est connue dans le monde entier pour son prestigieux Festival International du Film, qui se tient chaque ann\u00e9e au mois de mai au Palais des Congr\u00e8s.<\/p>\n<p>H\u00f4tels de luxe, notamment de style Belle Epoque, et boutiques de luxe bordent la Croisette, ce c\u00e9l\u00e8bre boulevard longeant la mer et ses plages de sable fin. Le quartier du Suquet, le vieux centre ville de Cannes, a conserv\u00e9 son atmosph\u00e8re pittoresque et abrite de nombreux restaurants.<\/p>\n<p>Cannes est situ\u00e9e au c\u0153ur de la C\u00f4te d&#8217;Azur, \u00e0 27 km \u00e0 l&#8217;est de l&#8217;a\u00e9roport Nice C\u00f4te d&#8217;Azur et \u00e0 l&#8217;ouest, \u00e0 4,5 km de l&#8217;a\u00e9roport Cannes-Mandelieu qui a pour mission l&#8217;aviation g\u00e9n\u00e9rale et le tourisme d&#8217;affaires. Bord\u00e9e au sud par des plages de sable fin, Cannes est entour\u00e9e au nord de communes et villages tels que Le Cannet, La Roquette-sur-Siagne, Mougins et Vallauris.<\/p>\n<h2 style=\"text-align: center;\">Service de chauffeur \u00e0 Cannes<\/h2>\n<p><img loading=\"lazy\" decoding=\"async\" width=\"300\" height=\"147\" class=\"alignnone size-medium wp-image-1968 aligncenter\" src=\"https:\/\/www.mydriverparis.com\/wp-content\/uploads\/2018\/07\/cannes-private-driver-300x147.jpg\" alt=\"cannes private driver\" srcset=\"https:\/\/www.mydriverparis.com\/wp-content\/uploads\/2018\/07\/cannes-private-driver-300x147.jpg 300w, https:\/\/www.mydriverparis.com\/wp-content\/uploads\/2018\/07\/cannes-private-driver-100x49.jpg 100w, https:\/\/www.mydriverparis.com\/wp-content\/uploads\/2018\/07\/cannes-private-driver.jpg 700w\" sizes=\"auto, (max-width: 300px) 100vw, 300px\" \/><\/p>\n<h2 style=\"text-align: center;\"><strong>Votre Chauffeur priv\u00e9 \u00e0 Cannes<\/strong><\/h2>\n<p><img loading=\"lazy\" decoding=\"async\" width=\"300\" height=\"132\" class=\"alignnone size-medium wp-image-1894 aligncenter\" src=\"https:\/\/www.mydriverparis.com\/wp-content\/uploads\/2018\/07\/private-chauffeur-finest-300x132.jpeg\" alt=\"private chauffeur finest\" srcset=\"https:\/\/www.mydriverparis.com\/wp-content\/uploads\/2018\/07\/private-chauffeur-finest-300x132.jpeg 300w, https:\/\/www.mydriverparis.com\/wp-content\/uploads\/2018\/07\/private-chauffeur-finest-100x44.jpeg 100w, https:\/\/www.mydriverparis.com\/wp-content\/uploads\/2018\/07\/private-chauffeur-finest.jpeg 600w\" sizes=\"auto, (max-width: 300px) 100vw, 300px\" \/>Pour naviguer et d\u00e9couvrir les tr\u00e9sors de Cannes de la mani\u00e8re la plus confortable, notre service de limousine vous propose des services de transfert sur mesure. En route pour une importante r\u00e9union d&#8217;affaires ? Planifier un voyage touristique de la ville et de ses environs ? Besoin d&#8217;un chauffeur priv\u00e9 pour quelques heures ? Vous souhaitez trouver un autocar pour un groupe de touristes ou de coll\u00e8gues ?<\/p>\n<p>MyDriverParis vous garantit des services flexibles, rapides et professionnels, adapt\u00e9s \u00e0 des demandes et des circonstances vari\u00e9es.<\/p>\n<p>Vous pouvez r\u00e9server et vous d\u00e9tendre, MyDriverParis s&#8217;occupera de votre voyage avec ponctualit\u00e9 et professionnalisme.<\/p>\n<p>MyDriverParis offre un service de transfert depuis les a\u00e9roports de Cannes (A\u00e9roport de Cannes &#8211; Mandelieu, Transfert depuis l&#8217;a\u00e9roport de Nice), les gares et les transferts de votre choix sur la C\u00f4te d&#8217;Azur (Gare Centrale de Cannes, Gare de La Bocca, Nice, Antibes&#8230;). Profitez d&#8217;un moment de confort dans un v\u00e9hicule de derni\u00e8re g\u00e9n\u00e9ration de votre choix, et d\u00e9tendez-vous en laissant un de nos chauffeurs professionnels vous conduire \u00e0 votre destination.<\/p>\n","protected":false},"excerpt":{"rendered":"","protected":false},"author":1,"featured_media":0,"parent":0,"menu_order":0,"comment_status":"closed","ping_status":"closed","template":"","meta":{"om_disable_all_campaigns":false,"footnotes":""},"class_list":["post-3595","page","type-page","status-publish","hentry"],"_links":{"self":[{"href":"https:\/\/www.mydriverparis.com\/fr\/wp-json\/wp\/v2\/pages\/3595","targetHints":{"allow":["GET"]}}],"collection":[{"href":"https:\/\/www.mydriverparis.com\/fr\/wp-json\/wp\/v2\/pages"}],"about":[{"href":"https:\/\/www.mydriverparis.com\/fr\/wp-json\/wp\/v2\/types\/page"}],"author":[{"embeddable":true,"href":"https:\/\/www.mydriverparis.com\/fr\/wp-json\/wp\/v2\/users\/1"}],"replies":[{"embeddable":true,"href":"https:\/\/www.mydriverparis.com\/fr\/wp-json\/wp\/v2\/comments?post=3595"}],"version-history":[{"count":0,"href":"https:\/\/www.mydriverparis.com\/fr\/wp-json\/wp\/v2\/pages\/3595\/revisions"}],"wp:attachment":[{"href":"https:\/\/www.mydriverparis.com\/fr\/wp-json\/wp\/v2\/media?parent=3595"}],"curies":[{"name":"wp","href":"https:\/\/api.w.org\/{rel}","templated":true}]}}