{"id":3601,"date":"2019-02-22T16:59:02","date_gmt":"2019-02-22T15:59:02","guid":{"rendered":"https:\/\/www.mydriverparis.com\/chauffeur-prive-courchevel\/"},"modified":"2019-02-22T18:12:42","modified_gmt":"2019-02-22T17:12:42","slug":"chauffeur-prive-courchevel","status":"publish","type":"page","link":"https:\/\/www.mydriverparis.com\/fr\/chauffeur-prive-courchevel\/","title":{"rendered":"Chauffeur Priv\u00e9 Courchevel"},"content":{"rendered":"<p>Courchevel est une station de ski des Alpes fran\u00e7aises. C&#8217;est un morceau des Trois Vall\u00e9es, les plus grands territoires de ski connect\u00e9s de la plan\u00e8te. Courchevel fait \u00e9galement r\u00e9f\u00e9rence aux villes de Courchevel 1300 (Le Praz), Courchevel 1550, Courchevel 1650 (Moriond), et Courchevel 1850, qui sont nomm\u00e9es pour leur hauteur en m\u00e8tres. Le point central de la retraite de Courchevel se trouve \u00e0 1 747 m. Le nom de Courchevel 1850 a \u00e9t\u00e9 choisi pour des raisons publicitaires pour faire face \u00e0 l&#8217;adversaire Val d&#8217;Is\u00e8re le plus m\u00e9pris\u00e9.<\/p>\n<p>C&#8217;est la zone Jardin Alpin de Courchevel 1850 qui est r\u00e9ellement situ\u00e9e \u00e0 1850 m\u00e8tres. Courchevel faisait partie de la coop\u00e9rative de Saint-Bon-Tarentaise, mais en 2017, elle a fusionn\u00e9 avec La Perri\u00e8re dans le nouveau collectif de Courchevel. Quel que soit leur nom, les lieux de travail r\u00e9glementaires du collectif ne sont pas situ\u00e9s \u00e0 Courchevel, mais dans la ville voisine de Saint Pierre Bon-Tarentaise. Courchevel se situe dans la vall\u00e9e de la Tarentaise, dans le d\u00e9partement de la Savoie, en Auvergne-Rh\u00f4ne-Alpes.<\/p>\n<h2 style=\"text-align: center;\">Service de Chauffeur Priv\u00e9 \u00e0 Courchevel<\/h2>\n<p><img loading=\"lazy\" decoding=\"async\" width=\"300\" height=\"146\" class=\"alignnone size-medium wp-image-3580 aligncenter\" src=\"https:\/\/www.mydriverparis.com\/wp-content\/uploads\/2019\/02\/courchevel-chauffeur-service-300x146.jpg\" alt=\"courchevel-chauffeur-service\" srcset=\"https:\/\/www.mydriverparis.com\/wp-content\/uploads\/2019\/02\/courchevel-chauffeur-service-300x146.jpg 300w, https:\/\/www.mydriverparis.com\/wp-content\/uploads\/2019\/02\/courchevel-chauffeur-service-768x375.jpg 768w, https:\/\/www.mydriverparis.com\/wp-content\/uploads\/2019\/02\/courchevel-chauffeur-service.jpg 1024w, https:\/\/www.mydriverparis.com\/wp-content\/uploads\/2019\/02\/courchevel-chauffeur-service-100x49.jpg 100w\" sizes=\"auto, (max-width: 300px) 100vw, 300px\" \/><\/p>\n<h2 style=\"text-align: center;\">Votre Chauffeur priv\u00e9 \u00e0 Courchevel<\/h2>\n<p><img loading=\"lazy\" decoding=\"async\" width=\"300\" height=\"169\" class=\"alignnone size-medium wp-image-3584 aligncenter\" src=\"https:\/\/www.mydriverparis.com\/wp-content\/uploads\/2019\/02\/transfer-paris-courchevel-v-class-300x169.jpg\" alt=\"transfer paris courchevel v class\" srcset=\"https:\/\/www.mydriverparis.com\/wp-content\/uploads\/2019\/02\/transfer-paris-courchevel-v-class-300x169.jpg 300w, https:\/\/www.mydriverparis.com\/wp-content\/uploads\/2019\/02\/transfer-paris-courchevel-v-class-768x431.jpg 768w, https:\/\/www.mydriverparis.com\/wp-content\/uploads\/2019\/02\/transfer-paris-courchevel-v-class-1024x575.jpg 1024w, https:\/\/www.mydriverparis.com\/wp-content\/uploads\/2019\/02\/transfer-paris-courchevel-v-class-100x56.jpg 100w, https:\/\/www.mydriverparis.com\/wp-content\/uploads\/2019\/02\/transfer-paris-courchevel-v-class.jpg 1200w\" sizes=\"auto, (max-width: 300px) 100vw, 300px\" \/>MyDriverParis vous garantit des services flexibles, rapides et professionnels, adapt\u00e9s \u00e0 des demandes et des circonstances vari\u00e9es.<\/p>\n<p>Vous pouvez r\u00e9server et vous d\u00e9tendre, MyDriverParis s&#8217;occupera de votre voyage avec ponctualit\u00e9 et professionnalisme.<\/p>\n<p>MyDriverParis offre un service de transfert de l&#8217;a\u00e9roport de Lyon et de l&#8217;a\u00e9roport de Bron \u00e0 Courchevel, des gares ou transferts de Paris \u00e0 Courchevel et des transferts de votre choix.\u00a0Profitez d&#8217;un moment de confort dans un v\u00e9hicule de derni\u00e8re g\u00e9n\u00e9ration de votre choix, et d\u00e9tendez-vous en laissant un de nos chauffeurs professionnels vous conduire \u00e0 votre destination.<\/p>\n","protected":false},"excerpt":{"rendered":"","protected":false},"author":1,"featured_media":0,"parent":0,"menu_order":0,"comment_status":"closed","ping_status":"closed","template":"excursion-template.php","meta":{"om_disable_all_campaigns":false,"footnotes":""},"class_list":["post-3601","page","type-page","status-publish","hentry"],"_links":{"self":[{"href":"https:\/\/www.mydriverparis.com\/fr\/wp-json\/wp\/v2\/pages\/3601","targetHints":{"allow":["GET"]}}],"collection":[{"href":"https:\/\/www.mydriverparis.com\/fr\/wp-json\/wp\/v2\/pages"}],"about":[{"href":"https:\/\/www.mydriverparis.com\/fr\/wp-json\/wp\/v2\/types\/page"}],"author":[{"embeddable":true,"href":"https:\/\/www.mydriverparis.com\/fr\/wp-json\/wp\/v2\/users\/1"}],"replies":[{"embeddable":true,"href":"https:\/\/www.mydriverparis.com\/fr\/wp-json\/wp\/v2\/comments?post=3601"}],"version-history":[{"count":0,"href":"https:\/\/www.mydriverparis.com\/fr\/wp-json\/wp\/v2\/pages\/3601\/revisions"}],"wp:attachment":[{"href":"https:\/\/www.mydriverparis.com\/fr\/wp-json\/wp\/v2\/media?parent=3601"}],"curies":[{"name":"wp","href":"https:\/\/api.w.org\/{rel}","templated":true}]}}