{"id":3605,"date":"2019-02-22T17:01:54","date_gmt":"2019-02-22T16:01:54","guid":{"rendered":"https:\/\/www.mydriverparis.com\/chauffeur-prive-lyon\/"},"modified":"2019-02-22T18:13:39","modified_gmt":"2019-02-22T17:13:39","slug":"chauffeur-prive-lyon","status":"publish","type":"page","link":"https:\/\/www.mydriverparis.com\/fr\/chauffeur-prive-lyon\/","title":{"rendered":"Chauffeur Priv\u00e9 Lyon"},"content":{"rendered":"<p><br \/>\nRiche d&#8217;une histoire mill\u00e9naire, Lyon est situ\u00e9e au confluent du Rh\u00f4ne et de la Sa\u00f4ne, au pied des impressionnantes collines de Fourvi\u00e8re et de la Croix Rousse.<\/p>\n<p>Vous y trouverez un patrimoine architectural remarquable. A travers ses diff\u00e9rents quartiers, Lyon pr\u00e9sente une architecture tr\u00e8s vari\u00e9e, des vestiges romains du quartier de Fourvi\u00e8re aux passages &#8220;traboule&#8221; du quartier Renaissance du Vieux-Lyon.<\/p>\n<p>Lyon est c\u00e9l\u00e8bre dans le monde entier pour l&#8217;art de vivre. Avec de nombreux restaurants \u00e9toil\u00e9s, des chefs c\u00e9l\u00e8bres, des restaurants &#8220;bouchon&#8221; typiques, des caf\u00e9s bistrots et des exp\u00e9riences culinaires avant-gardistes.<\/p>\n<p>La ville vibre avec de nombreux \u00e9v\u00e9nements. Parmi les plus c\u00e9l\u00e8bres, citons le Festival des Lumi\u00e8res, la Biennale d&#8217;Art Contemporain, la Biennale de Danse, les Nuits Sonores, les Nuits de Fourvi\u00e8re, les Quais du Polar et le Festival du Film du Grand Lyon.<br \/>\n<\/p>\n<h2 style=\"text-align: center;\">Service de chauffeur \u00e0\u00a0Lyon<\/h2>\n<p><img loading=\"lazy\" decoding=\"async\" width=\"300\" height=\"125\" class=\"alignnone size-medium wp-image-1907 aligncenter\" src=\"https:\/\/www.mydriverparis.com\/wp-content\/uploads\/2018\/07\/lyon_private_driver-300x125.jpg\" alt=\"lyon private driver\" srcset=\"https:\/\/www.mydriverparis.com\/wp-content\/uploads\/2018\/07\/lyon_private_driver-300x125.jpg 300w, https:\/\/www.mydriverparis.com\/wp-content\/uploads\/2018\/07\/lyon_private_driver-100x42.jpg 100w, https:\/\/www.mydriverparis.com\/wp-content\/uploads\/2018\/07\/lyon_private_driver.jpg 600w\" sizes=\"auto, (max-width: 300px) 100vw, 300px\" \/><\/p>\n<h2 style=\"text-align: center;\">Votre Chauffeur Priv\u00e9 \u00e0 Lyon<\/h2>\n<p><img loading=\"lazy\" decoding=\"async\" width=\"300\" height=\"132\" class=\"alignnone size-medium wp-image-1894 aligncenter\" src=\"https:\/\/www.mydriverparis.com\/wp-content\/uploads\/2018\/07\/private-chauffeur-finest-300x132.jpeg\" alt=\"private chauffeur finest\" srcset=\"https:\/\/www.mydriverparis.com\/wp-content\/uploads\/2018\/07\/private-chauffeur-finest-300x132.jpeg 300w, https:\/\/www.mydriverparis.com\/wp-content\/uploads\/2018\/07\/private-chauffeur-finest-100x44.jpeg 100w, https:\/\/www.mydriverparis.com\/wp-content\/uploads\/2018\/07\/private-chauffeur-finest.jpeg 600w\" sizes=\"auto, (max-width: 300px) 100vw, 300px\" \/>Pour naviguer et d\u00e9couvrir la belle ville de Lyon dans les meilleures conditions de confort, notre service de limousine vous propose des services de transfert sur mesure. En route pour une importante r\u00e9union d&#8217;affaires ? Planifier un voyage touristique de la ville et de ses environs ? Besoin d&#8217;un chauffeur priv\u00e9 pour quelques heures ? Vous souhaitez trouver un autocar pour un groupe de touristes ou de coll\u00e8gues ?<\/p>\n<p>MyDriverParis vous garantit des services flexibles, rapides et professionnels, adapt\u00e9s \u00e0 des demandes et des circonstances vari\u00e9es.<\/p>\n<p>Vous pouvez r\u00e9server et vous d\u00e9tendre, Mydriverparis s&#8217;occupera de votre voyage avec ponctualit\u00e9 et professionnalisme.<\/p>\n<p>MyDriverParis vous propose un service de transfert depuis les a\u00e9roports de Lyon (Lyon-Saint-Exup\u00e9ry ou Lyon-Bron), les gares de votre choix en Rh\u00f4ne-Alpes (Gare Lyon Part-Dieu, Lyon Saint Exup\u00e9ry, Valence&#8230;), transfert Paris &#8211; Lyon et retour. Profitez d&#8217;un moment de confort dans un v\u00e9hicule de derni\u00e8re g\u00e9n\u00e9ration de votre choix, et d\u00e9tendez-vous en laissant un de nos chauffeurs professionnels vous conduire \u00e0 votre destination.<\/p>\n","protected":false},"excerpt":{"rendered":"","protected":false},"author":1,"featured_media":0,"parent":0,"menu_order":0,"comment_status":"closed","ping_status":"closed","template":"","meta":{"om_disable_all_campaigns":false,"footnotes":""},"class_list":["post-3605","page","type-page","status-publish","hentry"],"_links":{"self":[{"href":"https:\/\/www.mydriverparis.com\/fr\/wp-json\/wp\/v2\/pages\/3605","targetHints":{"allow":["GET"]}}],"collection":[{"href":"https:\/\/www.mydriverparis.com\/fr\/wp-json\/wp\/v2\/pages"}],"about":[{"href":"https:\/\/www.mydriverparis.com\/fr\/wp-json\/wp\/v2\/types\/page"}],"author":[{"embeddable":true,"href":"https:\/\/www.mydriverparis.com\/fr\/wp-json\/wp\/v2\/users\/1"}],"replies":[{"embeddable":true,"href":"https:\/\/www.mydriverparis.com\/fr\/wp-json\/wp\/v2\/comments?post=3605"}],"version-history":[{"count":0,"href":"https:\/\/www.mydriverparis.com\/fr\/wp-json\/wp\/v2\/pages\/3605\/revisions"}],"wp:attachment":[{"href":"https:\/\/www.mydriverparis.com\/fr\/wp-json\/wp\/v2\/media?parent=3605"}],"curies":[{"name":"wp","href":"https:\/\/api.w.org\/{rel}","templated":true}]}}