{"id":3611,"date":"2019-02-22T17:05:06","date_gmt":"2019-02-22T16:05:06","guid":{"rendered":"https:\/\/www.mydriverparis.com\/chauffeur-prive-marseille\/"},"modified":"2019-02-22T18:14:24","modified_gmt":"2019-02-22T17:14:24","slug":"chauffeur-prive-marseille","status":"publish","type":"page","link":"https:\/\/www.mydriverparis.com\/fr\/chauffeur-prive-marseille\/","title":{"rendered":"Chauffeur Priv\u00e9 Marseille"},"content":{"rendered":"<p>Marseille abrite un m\u00e9lange \u00e9clectique et dynamique de personnes, une ville vraiment unique qui attire des visiteurs non seulement en tant que p\u00f4le \u00e9conomique r\u00e9gional, mais aussi pour sa culture. Que vous soyez touriste ou voyageur d&#8217;affaires, le meilleur moyen pour tout visiteur de Marseille est de r\u00e9server avec notre service de chauffeur pour se d\u00e9placer dans le style et le confort que seul un service de voiture priv\u00e9e peut offrir. Nos chauffeurs ne sont que des locaux anglophones dipl\u00f4m\u00e9s d&#8217;\u00e9tat, ce qui nous permet d&#8217;assurer une conduite en toute s\u00e9curit\u00e9 o\u00f9 que vous alliez \u00e0 Marseille ou en Provence.<\/p>\n<p>Pour naviguer et d\u00e9couvrir la belle ville de Marseille dans les meilleures conditions de confort, notre service de limousine vous propose des services de transfert sur mesure. En route pour une importante r\u00e9union d&#8217;affaires ? Planifier un voyage touristique de la ville et de ses environs ? Besoin d&#8217;un chauffeur priv\u00e9 pour quelques heures ? Vous souhaitez trouver un autocar pour un groupe de touristes ?<\/p>\n<h2 style=\"text-align: center;\">Service de chauffeur \u00e0 Marseille<\/h2>\n<p><img loading=\"lazy\" decoding=\"async\" width=\"300\" height=\"194\" class=\"alignnone size-medium wp-image-1892 aligncenter\" src=\"https:\/\/www.mydriverparis.com\/wp-content\/uploads\/2018\/07\/marseille-300x194.jpg\" alt=\"\" srcset=\"https:\/\/www.mydriverparis.com\/wp-content\/uploads\/2018\/07\/marseille-300x194.jpg 300w, https:\/\/www.mydriverparis.com\/wp-content\/uploads\/2018\/07\/marseille-100x65.jpg 100w, https:\/\/www.mydriverparis.com\/wp-content\/uploads\/2018\/07\/marseille.jpg 600w\" sizes=\"auto, (max-width: 300px) 100vw, 300px\" \/><\/p>\n<h2 style=\"text-align: center;\">Votre Chauffeur Priv\u00e9 \u00e0 Marseille<\/h2>\n<p><img loading=\"lazy\" decoding=\"async\" width=\"300\" height=\"132\" class=\"alignnone size-medium wp-image-1894 aligncenter\" src=\"https:\/\/www.mydriverparis.com\/wp-content\/uploads\/2018\/07\/private-chauffeur-finest-300x132.jpeg\" alt=\"\" srcset=\"https:\/\/www.mydriverparis.com\/wp-content\/uploads\/2018\/07\/private-chauffeur-finest-300x132.jpeg 300w, https:\/\/www.mydriverparis.com\/wp-content\/uploads\/2018\/07\/private-chauffeur-finest-100x44.jpeg 100w, https:\/\/www.mydriverparis.com\/wp-content\/uploads\/2018\/07\/private-chauffeur-finest.jpeg 600w\" sizes=\"auto, (max-width: 300px) 100vw, 300px\" \/>MyDriverParis vous garantit des services flexibles, rapides et professionnels, adapt\u00e9s \u00e0 des demandes et des circonstances vari\u00e9es.<\/p>\n<p>Vous pouvez r\u00e9server et vous d\u00e9tendre, MyDriverParis s&#8217;occupera de votre voyage avec ponctualit\u00e9 et professionnalisme.<\/p>\n<p>MyDriverParis offre un service de transfert depuis l&#8217;a\u00e9roport de Marseille, Castellet et Toulon-Hyeres, les gares de Marseille Saint Charles, Aix en Provence, Toulon, et le transfert de Marseille \u00e0 Paris . Profitez d&#8217;un moment de confort dans un v\u00e9hicule de derni\u00e8re g\u00e9n\u00e9ration de votre choix, et d\u00e9tendez-vous en laissant un de nos chauffeurs professionnels vous conduire \u00e0 votre destination.<\/p>\n","protected":false},"excerpt":{"rendered":"","protected":false},"author":1,"featured_media":0,"parent":0,"menu_order":0,"comment_status":"closed","ping_status":"closed","template":"","meta":{"om_disable_all_campaigns":false,"footnotes":""},"class_list":["post-3611","page","type-page","status-publish","hentry"],"_links":{"self":[{"href":"https:\/\/www.mydriverparis.com\/fr\/wp-json\/wp\/v2\/pages\/3611","targetHints":{"allow":["GET"]}}],"collection":[{"href":"https:\/\/www.mydriverparis.com\/fr\/wp-json\/wp\/v2\/pages"}],"about":[{"href":"https:\/\/www.mydriverparis.com\/fr\/wp-json\/wp\/v2\/types\/page"}],"author":[{"embeddable":true,"href":"https:\/\/www.mydriverparis.com\/fr\/wp-json\/wp\/v2\/users\/1"}],"replies":[{"embeddable":true,"href":"https:\/\/www.mydriverparis.com\/fr\/wp-json\/wp\/v2\/comments?post=3611"}],"version-history":[{"count":0,"href":"https:\/\/www.mydriverparis.com\/fr\/wp-json\/wp\/v2\/pages\/3611\/revisions"}],"wp:attachment":[{"href":"https:\/\/www.mydriverparis.com\/fr\/wp-json\/wp\/v2\/media?parent=3611"}],"curies":[{"name":"wp","href":"https:\/\/api.w.org\/{rel}","templated":true}]}}