{"id":3616,"date":"2019-02-22T17:08:04","date_gmt":"2019-02-22T16:08:04","guid":{"rendered":"https:\/\/www.mydriverparis.com\/chauffeur-prive-nice\/"},"modified":"2019-02-22T18:15:07","modified_gmt":"2019-02-22T17:15:07","slug":"chauffeur-prive-nice","status":"publish","type":"page","link":"https:\/\/www.mydriverparis.com\/fr\/chauffeur-prive-nice\/","title":{"rendered":"Chauffeur Priv\u00e9 Nice"},"content":{"rendered":"<p>Capitale de la C\u00f4te d&#8217;Azur, Nice est situ\u00e9e entre mer et montagne, dans le sud de la France et en Europe centrale, \u00e0 quelques kilom\u00e8tres de la fronti\u00e8re italienne. Ville d&#8217;histoire, de culture, d&#8217;art, de cr\u00e9ation, d&#8217;\u00e9v\u00e9nements, de loisirs, de nature, de douceur, de saveurs&#8230;. Nice cultive le charme de sa diff\u00e9rence en offrant une multitude de visites et d&#8217;activit\u00e9s.<\/p>\n<p>Nice, avec ses jardins impeccablement fleuris, ses esp\u00e8ces m\u00e9diterran\u00e9ennes et exotiques, ses petits h\u00f4tels-boutiques, ses palais aux belles fa\u00e7ades class\u00e9es, ses boutiques de mode repr\u00e9sentant les plus grandes marques de haute couture et de parfums fran\u00e7ais, son artisanat, ses nombreux mus\u00e9es et galeries d&#8217;art, ses restaurants de renom et petits restaurants typiques, ses vins exceptionnels issus de tr\u00e8s vieilles vignes, est une destination id\u00e9ale pour tous. Son front de mer \u00e9l\u00e9gant, ses march\u00e9s color\u00e9s et ses parfums incomparables, sa vieille ville aux rues typiques et anim\u00e9es, ses tr\u00e9sors d&#8217;art baroque, ses b\u00e2timents dont l&#8217;architecture refl\u00e8te la splendeur du pass\u00e9, ses petites places pleines de charme, ses caf\u00e9s, sa terrasse de pubs que vous pourrez manger comme en hiver, son carnaval de renomm\u00e9e internationale et ses nombreux festivals sont tous des composantes du romantisme et de la vie fran\u00e7aise \u00e0 l&#8217;ann\u00e9e.<\/p>\n<h2 style=\"text-align: center;\">Service de chauffeur \u00e0\u00a0<strong>Nice<\/strong><\/h2>\n<h2><strong><img loading=\"lazy\" decoding=\"async\" width=\"300\" height=\"167\" class=\"alignnone size-medium wp-image-1971 aligncenter\" src=\"https:\/\/www.mydriverparis.com\/wp-content\/uploads\/2018\/07\/nice-private-driver-300x167.jpg\" alt=\"nice private driver\" srcset=\"https:\/\/www.mydriverparis.com\/wp-content\/uploads\/2018\/07\/nice-private-driver-300x167.jpg 300w, https:\/\/www.mydriverparis.com\/wp-content\/uploads\/2018\/07\/nice-private-driver-768x427.jpg 768w, https:\/\/www.mydriverparis.com\/wp-content\/uploads\/2018\/07\/nice-private-driver-100x56.jpg 100w, https:\/\/www.mydriverparis.com\/wp-content\/uploads\/2018\/07\/nice-private-driver-110x60.jpg 110w, https:\/\/www.mydriverparis.com\/wp-content\/uploads\/2018\/07\/nice-private-driver.jpg 800w\" sizes=\"auto, (max-width: 300px) 100vw, 300px\" \/><\/strong><\/h2>\n<p><\/p>\n<h2 style=\"text-align: center;\"><strong>Votre Chauffeur Priv\u00e9 \u00e0 Nice<\/strong><\/h2>\n<h2><strong><img loading=\"lazy\" decoding=\"async\" width=\"300\" height=\"132\" class=\"alignnone size-medium wp-image-1894 aligncenter\" src=\"https:\/\/www.mydriverparis.com\/wp-content\/uploads\/2018\/07\/private-chauffeur-finest-300x132.jpeg\" alt=\"private chauffeur finest\" srcset=\"https:\/\/www.mydriverparis.com\/wp-content\/uploads\/2018\/07\/private-chauffeur-finest-300x132.jpeg 300w, https:\/\/www.mydriverparis.com\/wp-content\/uploads\/2018\/07\/private-chauffeur-finest-100x44.jpeg 100w, https:\/\/www.mydriverparis.com\/wp-content\/uploads\/2018\/07\/private-chauffeur-finest.jpeg 600w\" sizes=\"auto, (max-width: 300px) 100vw, 300px\" \/><\/strong><\/h2>\n<p>Pour naviguer et d\u00e9couvrir les tr\u00e9sors de Nice de la mani\u00e8re la plus confortable, notre service de limousine vous propose des services de transfert sur mesure. En route pour une importante r\u00e9union d&#8217;affaires ? Planifier un voyage touristique de la ville et de ses environs ? Besoin d&#8217;un chauffeur priv\u00e9 pour quelques heures ? Vous souhaitez trouver un autocar pour un groupe de touristes ou de coll\u00e8gues ?<\/p>\n<p>Mydriverparis vous garantit un service flexible, rapide et professionnel, adapt\u00e9 \u00e0 vos besoins et aux circonstances.<\/p>\n<p>Vous pouvez r\u00e9server et vous d\u00e9tendre, MyDriverParis s&#8217;occupera de votre voyage avec ponctualit\u00e9 et professionnalisme.<\/p>\n<p>MyDriverParis offre des services de transfert depuis les a\u00e9roports de Nice (A\u00e9roport de Nice, Cannes &#8211; A\u00e9roport Mandelieu), les gares et les transferts de votre choix sur la C\u00f4te d&#8217;Azur (Nice, Cannes, Monte Carlo, Antibes&#8230;). Profitez d&#8217;un moment de confort dans un v\u00e9hicule de derni\u00e8re g\u00e9n\u00e9ration de votre choix, et d\u00e9tendez-vous en laissant un de nos chauffeurs professionnels vous conduire \u00e0 votre destination.<\/p>\n","protected":false},"excerpt":{"rendered":"","protected":false},"author":1,"featured_media":0,"parent":0,"menu_order":0,"comment_status":"closed","ping_status":"closed","template":"","meta":{"om_disable_all_campaigns":false,"footnotes":""},"class_list":["post-3616","page","type-page","status-publish","hentry"],"_links":{"self":[{"href":"https:\/\/www.mydriverparis.com\/fr\/wp-json\/wp\/v2\/pages\/3616","targetHints":{"allow":["GET"]}}],"collection":[{"href":"https:\/\/www.mydriverparis.com\/fr\/wp-json\/wp\/v2\/pages"}],"about":[{"href":"https:\/\/www.mydriverparis.com\/fr\/wp-json\/wp\/v2\/types\/page"}],"author":[{"embeddable":true,"href":"https:\/\/www.mydriverparis.com\/fr\/wp-json\/wp\/v2\/users\/1"}],"replies":[{"embeddable":true,"href":"https:\/\/www.mydriverparis.com\/fr\/wp-json\/wp\/v2\/comments?post=3616"}],"version-history":[{"count":0,"href":"https:\/\/www.mydriverparis.com\/fr\/wp-json\/wp\/v2\/pages\/3616\/revisions"}],"wp:attachment":[{"href":"https:\/\/www.mydriverparis.com\/fr\/wp-json\/wp\/v2\/media?parent=3616"}],"curies":[{"name":"wp","href":"https:\/\/api.w.org\/{rel}","templated":true}]}}