{"id":6423,"date":"2020-04-13T17:58:48","date_gmt":"2020-04-13T15:58:48","guid":{"rendered":"https:\/\/www.mydriverparis.com\/?page_id=6423"},"modified":"2020-04-14T14:28:12","modified_gmt":"2020-04-14T12:28:12","slug":"aeroport-marseille","status":"publish","type":"page","link":"https:\/\/www.mydriverparis.com\/fr\/aeroport-marseille\/","title":{"rendered":"Transfert A\u00e9roport Marseille Provence"},"content":{"rendered":"<p><\/p>\n<p>Marseille abrite un m\u00e9lange \u00e9clectique et dynamique de personnes, une ville vraiment unique qui attire des visiteurs non seulement en tant que p\u00f4le \u00e9conomique r\u00e9gional, mais aussi pour sa culture. Que vous soyez touriste ou voyageur d\u2019affaires, le meilleur moyen pour tout visiteur de Marseille est de r\u00e9server avec notre <a href=\"\/?page_id=6449\">service de chauffeur priv\u00e9 \u00e0 Marseille<\/a> pour se d\u00e9placer dans le style et le confort que seul un service de voiture priv\u00e9e peut offrir.<\/p>\n<p>Nos chauffeurs ne sont que des locaux anglophones dipl\u00f4m\u00e9s d\u2019\u00e9tat, ce qui nous permet d\u2019assurer une conduite en toute s\u00e9curit\u00e9 o\u00f9 que vous alliez \u00e0 Marseille ou en Provence. Notre <a href=\"\/?page_id=6455\">service VTC \u00e0 Marseille<\/a> \u00a0propose les plus hauts standards de professionnalisme et de discr\u00e9tion.<\/p>\n<p>Marseille poss\u00e8de le plus grand port du pays sur la c\u00f4te m\u00e9diterran\u00e9enne et l\u2019a\u00e9roport Marseille-Provence est le principal a\u00e9roport de la r\u00e9gion de Marseille. Il est situ\u00e9 dans la commune de Marignane. Avec notre service de <a href=\"\/?page_id=6423\">transfert a\u00e9roport \u00e0 Marseille<\/a>, votre chauffeur priv\u00e9 sera l\u00e0 avec une pancarte, heureux de vous aider avec vos bagages et de r\u00e9pondre \u00e0 toutes vos questions sur votre voyage.<\/p>\n<p>On peut trouver de nombreux monuments et sites naturels de renomm\u00e9e mondiale, comme la basilique Notre-Dame de la Garde, les Calanques et le Mucem. Pour vous d\u00e9placer entre ces diff\u00e9rents sites, nous proposons la meilleure<a href=\"\/?page_id=6439\"> alternatives aux taxis \u00e0 Marseille<\/a><\/p>\n<p><\/p>\n","protected":false},"excerpt":{"rendered":"","protected":false},"author":1,"featured_media":0,"parent":0,"menu_order":0,"comment_status":"closed","ping_status":"closed","template":"","meta":{"om_disable_all_campaigns":false,"footnotes":""},"class_list":["post-6423","page","type-page","status-publish","hentry"],"_links":{"self":[{"href":"https:\/\/www.mydriverparis.com\/fr\/wp-json\/wp\/v2\/pages\/6423","targetHints":{"allow":["GET"]}}],"collection":[{"href":"https:\/\/www.mydriverparis.com\/fr\/wp-json\/wp\/v2\/pages"}],"about":[{"href":"https:\/\/www.mydriverparis.com\/fr\/wp-json\/wp\/v2\/types\/page"}],"author":[{"embeddable":true,"href":"https:\/\/www.mydriverparis.com\/fr\/wp-json\/wp\/v2\/users\/1"}],"replies":[{"embeddable":true,"href":"https:\/\/www.mydriverparis.com\/fr\/wp-json\/wp\/v2\/comments?post=6423"}],"version-history":[{"count":0,"href":"https:\/\/www.mydriverparis.com\/fr\/wp-json\/wp\/v2\/pages\/6423\/revisions"}],"wp:attachment":[{"href":"https:\/\/www.mydriverparis.com\/fr\/wp-json\/wp\/v2\/media?parent=6423"}],"curies":[{"name":"wp","href":"https:\/\/api.w.org\/{rel}","templated":true}]}}