{"id":6477,"date":"2020-04-14T13:40:36","date_gmt":"2020-04-14T11:40:36","guid":{"rendered":"https:\/\/www.mydriverparis.com\/?page_id=6477"},"modified":"2020-04-14T14:25:58","modified_gmt":"2020-04-14T12:25:58","slug":"service-vtc-cannes","status":"publish","type":"page","link":"https:\/\/www.mydriverparis.com\/fr\/service-vtc-cannes\/","title":{"rendered":"Service VTC \u00e0 Cannes"},"content":{"rendered":"<p><\/p>\n<p>Cannes est aujourd\u2019hui mondialement connue pour ses festivals\u00a0du film\u00a0et de la\u00a0plaisance\u00a0et pour sa\u00a0Croisette\u00a0bord\u00e9e de quelques\u00a0palaces. Que vous soyez touriste ou voyageur d\u2019affaires, le meilleur moyen pour tout visiteur de Cannes est de r\u00e9server avec notre <a href=\"\/?page_id=6483\">service de chauffeur priv\u00e9 \u00e0 Cannes<\/a>\u00a0pour se d\u00e9placer dans le style et le confort que seul un service de voiture priv\u00e9e peut offrir.<\/p>\n<p>Nos chauffeurs ne sont que des locaux anglophones dipl\u00f4m\u00e9s d\u2019\u00e9tat, ce qui nous permet d\u2019assurer une conduite en toute s\u00e9curit\u00e9 o\u00f9 que vous alliez \u00e0 Cannes ou dans la c\u00f4te d&#8217;azur. Notre <a href=\"\/?page_id=6477\">service VTC \u00e0 Cannes<\/a> propose les plus hauts standards de professionnalisme et de discr\u00e9tion.<\/p>\n<p>L&#8217;a\u00e9roport principal de la r\u00e9gion c\u00f4te d&#8217;azur et \u00e0 proximit\u00e9 de Cannes est celui de Nice. Avec notre service de <a href=\"\/?page_id=6489\">transfert a\u00e9roport \u00e0 Nice<\/a>, votre chauffeur priv\u00e9 sera l\u00e0 avec une pancarte, heureux de vous aider avec vos bagages et de r\u00e9pondre \u00e0 toutes vos questions sur votre voyage vers Cannes.<\/p>\n<p>Dot\u00e9e d&#8217;une industrie de pointe, d\u2019un petit a\u00e9roport d&#8217;affaires, de plusieurs ports et d\u2019un palais des congr\u00e8s, ancr\u00e9e dans la Baie de Cannes, bord\u00e9e par le Massif de l&#8217;Esterel \u00e0 l&#8217;ouest, le Golfe Juan \u00e0 l&#8217;est et la mer M\u00e9diterran\u00e9e, c&#8217;est une ville magnifique \u00e0 visiter. Pour vous d\u00e9placer entre ces diff\u00e9rents sites, nous proposons la meilleure<a href=\"\/?page_id=6471\"> alternatives aux taxis \u00e0 Cannes<\/a><\/p>\n<p><\/p>\n","protected":false},"excerpt":{"rendered":"","protected":false},"author":1,"featured_media":0,"parent":0,"menu_order":0,"comment_status":"closed","ping_status":"closed","template":"","meta":{"om_disable_all_campaigns":false,"footnotes":""},"class_list":["post-6477","page","type-page","status-publish","hentry"],"_links":{"self":[{"href":"https:\/\/www.mydriverparis.com\/fr\/wp-json\/wp\/v2\/pages\/6477","targetHints":{"allow":["GET"]}}],"collection":[{"href":"https:\/\/www.mydriverparis.com\/fr\/wp-json\/wp\/v2\/pages"}],"about":[{"href":"https:\/\/www.mydriverparis.com\/fr\/wp-json\/wp\/v2\/types\/page"}],"author":[{"embeddable":true,"href":"https:\/\/www.mydriverparis.com\/fr\/wp-json\/wp\/v2\/users\/1"}],"replies":[{"embeddable":true,"href":"https:\/\/www.mydriverparis.com\/fr\/wp-json\/wp\/v2\/comments?post=6477"}],"version-history":[{"count":0,"href":"https:\/\/www.mydriverparis.com\/fr\/wp-json\/wp\/v2\/pages\/6477\/revisions"}],"wp:attachment":[{"href":"https:\/\/www.mydriverparis.com\/fr\/wp-json\/wp\/v2\/media?parent=6477"}],"curies":[{"name":"wp","href":"https:\/\/api.w.org\/{rel}","templated":true}]}}