{"id":6489,"date":"2020-04-14T13:46:55","date_gmt":"2020-04-14T11:46:55","guid":{"rendered":"https:\/\/www.mydriverparis.com\/?page_id=6489"},"modified":"2020-04-14T14:23:53","modified_gmt":"2020-04-14T12:23:53","slug":"aeroport-nice","status":"publish","type":"page","link":"https:\/\/www.mydriverparis.com\/fr\/aeroport-nice\/","title":{"rendered":"Transfert A\u00e9roport Nice"},"content":{"rendered":"<p><\/p>\n<p>Situ\u00e9e entre mer et montagne, capitale \u00e9conomique et culturelle de la\u00a0C\u00f4te d&#8217;Azur, Nice b\u00e9n\u00e9ficie d&#8217;importants atouts naturels.. Que vous soyez touriste ou voyageur d\u2019affaires, le meilleur moyen pour tout visiteur de Nice est de r\u00e9server avec notre <a href=\"\/?page_id=6516\">service de chauffeur priv\u00e9 \u00e0 Nice <\/a>pour se d\u00e9placer dans le style et le confort que seul un service de voiture priv\u00e9e peut offrir.<\/p>\n<p>Nos chauffeurs ne sont que des locaux anglophones dipl\u00f4m\u00e9s d\u2019\u00e9tat, ce qui nous permet d\u2019assurer une conduite en toute s\u00e9curit\u00e9 o\u00f9 que vous alliez \u00e0 Nice ou en c\u00f4te d&#8217;azur. Notre <a href=\"\/?page_id=6504\">service VTC \u00e0 Nice<\/a> \u00a0propose les plus hauts standards de professionnalisme et de discr\u00e9tion.<\/p>\n<p>Elle dispose \u00e9galement du troisi\u00e8me\u00a0a\u00e9roport de France et de deux\u00a0palais des congr\u00e8s\u00a0consacr\u00e9s au\u00a0tourisme d&#8217;affaires.. Avec notre service de <a href=\"\/?page_id=6489\">transfert a\u00e9roport \u00e0 Nice<\/a>, votre chauffeur priv\u00e9 sera l\u00e0 avec une pancarte, heureux de vous aider avec vos bagages et de r\u00e9pondre \u00e0 toutes vos questions sur votre voyage.<\/p>\n<p>Nice poss\u00e8de de nombreux mus\u00e9es , un th\u00e9\u00e2tre national, un op\u00e9ra, une biblioth\u00e8que \u00e0 vocation r\u00e9gionale, un conservatoire \u00e0 rayonnement r\u00e9gional et des salles de concert. Pour vous d\u00e9placer entre ces diff\u00e9rents sites, nous proposons la meilleure<a href=\"\/?page_id=6510\"> alternatives aux taxis \u00e0 Nice<\/a><\/p>\n<p><\/p>\n","protected":false},"excerpt":{"rendered":"","protected":false},"author":1,"featured_media":0,"parent":0,"menu_order":0,"comment_status":"closed","ping_status":"closed","template":"","meta":{"om_disable_all_campaigns":false,"footnotes":""},"class_list":["post-6489","page","type-page","status-publish","hentry"],"_links":{"self":[{"href":"https:\/\/www.mydriverparis.com\/fr\/wp-json\/wp\/v2\/pages\/6489","targetHints":{"allow":["GET"]}}],"collection":[{"href":"https:\/\/www.mydriverparis.com\/fr\/wp-json\/wp\/v2\/pages"}],"about":[{"href":"https:\/\/www.mydriverparis.com\/fr\/wp-json\/wp\/v2\/types\/page"}],"author":[{"embeddable":true,"href":"https:\/\/www.mydriverparis.com\/fr\/wp-json\/wp\/v2\/users\/1"}],"replies":[{"embeddable":true,"href":"https:\/\/www.mydriverparis.com\/fr\/wp-json\/wp\/v2\/comments?post=6489"}],"version-history":[{"count":0,"href":"https:\/\/www.mydriverparis.com\/fr\/wp-json\/wp\/v2\/pages\/6489\/revisions"}],"wp:attachment":[{"href":"https:\/\/www.mydriverparis.com\/fr\/wp-json\/wp\/v2\/media?parent=6489"}],"curies":[{"name":"wp","href":"https:\/\/api.w.org\/{rel}","templated":true}]}}