{"id":6540,"date":"2020-04-14T14:15:58","date_gmt":"2020-04-14T12:15:58","guid":{"rendered":"https:\/\/www.mydriverparis.com\/?page_id=6540"},"modified":"2020-04-14T14:16:02","modified_gmt":"2020-04-14T12:16:02","slug":"chauffeur-prive-monaco","status":"publish","type":"page","link":"https:\/\/www.mydriverparis.com\/fr\/chauffeur-prive-monaco\/","title":{"rendered":"Chauffeur priv\u00e9 \u00e0 Monaco"},"content":{"rendered":"<p><\/p>\n<p>La principaut\u00e9 de Monaco est un \u00c9tat enserr\u00e9 dans le territoire de la\u00a0R\u00e9publique fran\u00e7aise. Que vous soyez touriste ou voyageur d\u2019affaires, le meilleur moyen pour tout visiteur de Monaco est de r\u00e9server avec notre <a href=\"\/?page_id=6540\">service de chauffeur priv\u00e9 \u00e0 Monaco <\/a>pour se d\u00e9placer dans le style et le confort que seul un service de voiture priv\u00e9e peut offrir.<\/p>\n<p>Nos chauffeurs ne sont que des locaux anglophones dipl\u00f4m\u00e9s d\u2019\u00e9tat, ce qui nous permet d\u2019assurer une conduite en toute s\u00e9curit\u00e9 o\u00f9 que vous alliez \u00e0 Monaco ou en c\u00f4te d&#8217;azur. Notre <a href=\"https:\/\/www.mydriverparis.com\/fr\/service-vtc-monaco\/\">service VTC \u00e0 Monaco<\/a>\u00a0 propose les plus hauts standards de professionnalisme et de discr\u00e9tion.<\/p>\n<p>La principaut\u00e9 b\u00e9n\u00e9ficie d\u2019un\u00a0climat m\u00e9diterran\u00e9en\u00a0particuli\u00e8rement cl\u00e9ment et dispose de nombreuses installations h\u00f4teli\u00e8res de luxe. Le\u00a0Grand Prix de Formule 1 de Monaco\u00a0s\u2019y d\u00e9roule chaque ann\u00e9e. Avec notre service de <a href=\"\/?page_id=6489\">transfert a\u00e9roport \u00e0 Nice<\/a>, votre chauffeur priv\u00e9 sera l\u00e0 avec une pancarte, heureux de vous aider avec vos bagages et de r\u00e9pondre \u00e0 toutes vos questions sur votre voyage.<\/p>\n<p>Le\u00a0casino de Monte-Carlo, le\u00a0mus\u00e9e oc\u00e9anographique\u00a0et le\u00a0Palais princier attirent tout au long de l&#8217;ann\u00e9e de nombreux touristes. Pour vous d\u00e9placer entre ces diff\u00e9rents sites, nous proposons la meilleure<a href=\"https:\/\/www.mydriverparis.com\/fr\/taxi-monaco\/\"> alternatives aux taxis \u00e0 Monaco<\/a><\/p>\n<p><\/p>\n","protected":false},"excerpt":{"rendered":"","protected":false},"author":1,"featured_media":0,"parent":0,"menu_order":0,"comment_status":"closed","ping_status":"closed","template":"","meta":{"om_disable_all_campaigns":false,"footnotes":""},"class_list":["post-6540","page","type-page","status-publish","hentry"],"_links":{"self":[{"href":"https:\/\/www.mydriverparis.com\/fr\/wp-json\/wp\/v2\/pages\/6540","targetHints":{"allow":["GET"]}}],"collection":[{"href":"https:\/\/www.mydriverparis.com\/fr\/wp-json\/wp\/v2\/pages"}],"about":[{"href":"https:\/\/www.mydriverparis.com\/fr\/wp-json\/wp\/v2\/types\/page"}],"author":[{"embeddable":true,"href":"https:\/\/www.mydriverparis.com\/fr\/wp-json\/wp\/v2\/users\/1"}],"replies":[{"embeddable":true,"href":"https:\/\/www.mydriverparis.com\/fr\/wp-json\/wp\/v2\/comments?post=6540"}],"version-history":[{"count":0,"href":"https:\/\/www.mydriverparis.com\/fr\/wp-json\/wp\/v2\/pages\/6540\/revisions"}],"wp:attachment":[{"href":"https:\/\/www.mydriverparis.com\/fr\/wp-json\/wp\/v2\/media?parent=6540"}],"curies":[{"name":"wp","href":"https:\/\/api.w.org\/{rel}","templated":true}]}}