{"id":6583,"date":"2020-04-14T14:44:16","date_gmt":"2020-04-14T12:44:16","guid":{"rendered":"https:\/\/www.mydriverparis.com\/?page_id=6583"},"modified":"2020-04-14T14:44:19","modified_gmt":"2020-04-14T12:44:19","slug":"chauffeur-prive-aix-en-provence","status":"publish","type":"page","link":"https:\/\/www.mydriverparis.com\/fr\/chauffeur-prive-aix-en-provence\/","title":{"rendered":"Chauffeur priv\u00e9 \u00e0 Aix En Provence"},"content":{"rendered":"<p><\/p>\n<p>Aix-en-Provence est une ville universitaire de la r\u00e9gion Provence-Alpes-C\u00f4te d&#8217;Azur, dans le Sud de la France. Que vous soyez touriste ou voyageur d\u2019affaires, le meilleur moyen pour tout visiteur de Aix en Provence est de r\u00e9server avec notre <a href=\"\/?page_id=6583\">service de chauffeur priv\u00e9 \u00e0 Aix en Provence <\/a>pour se d\u00e9placer dans le style et le confort que seul un service de voiture priv\u00e9e peut offrir.<\/p>\n<p>Nos chauffeurs ne sont que des locaux anglophones dipl\u00f4m\u00e9s d\u2019\u00e9tat, ce qui nous permet d\u2019assurer une conduite en toute s\u00e9curit\u00e9 o\u00f9 que vous alliez \u00e0 Aix en Provence. Notre <a href=\"\/?page_id=6552\">service VTC \u00e0 <\/a><a href=\"\/?page_id=6583\">Aix en Provence<\/a>\u00a0 propose les plus hauts standards de professionnalisme et de discr\u00e9tion.<\/p>\n<p>Aix-en-Provence se situe \u00e0 32 kilom\u00e8tres au nord de\u00a0Marseille\u00a0et de la\u00a0mer M\u00e9diterran\u00e9e<sup id=\"cite_ref-2\" class=\"reference\"><\/sup>, entre le massif de la\u00a0Sainte-Victoire\u00a0\u00e0 l&#8217;est et la\u00a0cha\u00eene de la Tr\u00e9varesse \u00e0 l&#8217;ouest. Avec notre service de <a href=\"\/?page_id=6423\">transfert a\u00e9roport \u00e0 Marseille<\/a>, votre chauffeur priv\u00e9 sera l\u00e0 avec une pancarte, heureux de vous aider avec vos bagages et de r\u00e9pondre \u00e0 toutes vos questions sur votre voyage.<\/p>\n<p>Ville thermale depuis l&#8217;Antiquit\u00e9, Aix-en-Provence dispose d&#8217;un important patrimoine culturel (architecture,\u00a0mus\u00e9e Granet,\u00a0festival d&#8217;art lyrique,\u00a0Grand Th\u00e9\u00e2tre de Provence, etc.) et s&#8217;affirme comme un important p\u00f4le touristique. Pour vous d\u00e9placer entre ces diff\u00e9rents sites, nous proposons la meilleure<a href=\"\/?page_id=6576\"> alternative aux taxis \u00e0 Aix en Provence<\/a><\/p>\n<p><\/p>\n","protected":false},"excerpt":{"rendered":"","protected":false},"author":1,"featured_media":0,"parent":0,"menu_order":0,"comment_status":"closed","ping_status":"closed","template":"","meta":{"om_disable_all_campaigns":false,"footnotes":""},"class_list":["post-6583","page","type-page","status-publish","hentry"],"_links":{"self":[{"href":"https:\/\/www.mydriverparis.com\/fr\/wp-json\/wp\/v2\/pages\/6583","targetHints":{"allow":["GET"]}}],"collection":[{"href":"https:\/\/www.mydriverparis.com\/fr\/wp-json\/wp\/v2\/pages"}],"about":[{"href":"https:\/\/www.mydriverparis.com\/fr\/wp-json\/wp\/v2\/types\/page"}],"author":[{"embeddable":true,"href":"https:\/\/www.mydriverparis.com\/fr\/wp-json\/wp\/v2\/users\/1"}],"replies":[{"embeddable":true,"href":"https:\/\/www.mydriverparis.com\/fr\/wp-json\/wp\/v2\/comments?post=6583"}],"version-history":[{"count":0,"href":"https:\/\/www.mydriverparis.com\/fr\/wp-json\/wp\/v2\/pages\/6583\/revisions"}],"wp:attachment":[{"href":"https:\/\/www.mydriverparis.com\/fr\/wp-json\/wp\/v2\/media?parent=6583"}],"curies":[{"name":"wp","href":"https:\/\/api.w.org\/{rel}","templated":true}]}}