{"id":6599,"date":"2020-04-14T14:55:08","date_gmt":"2020-04-14T12:55:08","guid":{"rendered":"https:\/\/www.mydriverparis.com\/?page_id=6599"},"modified":"2020-04-14T15:00:58","modified_gmt":"2020-04-14T13:00:58","slug":"chauffeur-prive-avignon","status":"publish","type":"page","link":"https:\/\/www.mydriverparis.com\/fr\/chauffeur-prive-avignon\/","title":{"rendered":"Chauffeur priv\u00e9 \u00e0 Avignon"},"content":{"rendered":"<p><\/p>\n<p>Avignon, ville de Provence dans le sud-est de la France, est travers\u00e9e par le Rh\u00f4ne. Que vous soyez touriste ou voyageur d\u2019affaires, le meilleur moyen pour tout visiteur de Avignon est de r\u00e9server avec notre <a href=\"\/?page_id=6599\">service de chauffeur priv\u00e9 \u00e0 Avignon <\/a>pour se d\u00e9placer dans le style et le confort que seul un service de voiture priv\u00e9e peut offrir.<\/p>\n<p>Nos chauffeurs ne sont que des locaux anglophones dipl\u00f4m\u00e9s d\u2019\u00e9tat, ce qui nous permet d\u2019assurer une conduite en toute s\u00e9curit\u00e9 o\u00f9 que vous alliez \u00e0 Avignon. Notre <a href=\"\/?page_id=6605\">service VTC \u00e0 Avignon<\/a>\u00a0 propose les plus hauts standards de professionnalisme et de discr\u00e9tion.<\/p>\n<p>Surnomm\u00e9e la \u00ab\u00a0cit\u00e9 des papes\u00a0\u00bb en raison de la pr\u00e9sence des papes de\u00a01309\u00a0\u00e0\u00a01423, elle est actuellement la plus grande ville et la pr\u00e9fecture du\u00a0d\u00e9partement\u00a0de Vaucluse.. Avec notre service de <a href=\"\/?page_id=6423\">transfert a\u00e9roport \u00e0 Marseille<\/a>, votre chauffeur priv\u00e9 sera l\u00e0 avec une pancarte, heureux de vous aider avec vos bagages et de r\u00e9pondre \u00e0 toutes vos questions sur votre voyage.<\/p>\n<p>C&#8217;est l&#8217;une des rares villes fran\u00e7aises \u00e0 avoir conserv\u00e9 ses remparts et son centre historique, compos\u00e9 du\u00a0palais des papes, de l&#8217;ensemble \u00e9piscopal, du\u00a0rocher des Doms\u00a0et du\u00a0pont d\u2019Avignon. Pour vous d\u00e9placer entre ces diff\u00e9rents sites, nous proposons la meilleure<a href=\"\/?page_id=6593\"> alternative aux taxis \u00e0 Avignon<\/a><\/p>\n<p><span style=\"font-size: inherit;\"><\/span><\/p>\n","protected":false},"excerpt":{"rendered":"","protected":false},"author":1,"featured_media":0,"parent":0,"menu_order":0,"comment_status":"closed","ping_status":"closed","template":"","meta":{"om_disable_all_campaigns":false,"footnotes":""},"class_list":["post-6599","page","type-page","status-publish","hentry"],"_links":{"self":[{"href":"https:\/\/www.mydriverparis.com\/fr\/wp-json\/wp\/v2\/pages\/6599","targetHints":{"allow":["GET"]}}],"collection":[{"href":"https:\/\/www.mydriverparis.com\/fr\/wp-json\/wp\/v2\/pages"}],"about":[{"href":"https:\/\/www.mydriverparis.com\/fr\/wp-json\/wp\/v2\/types\/page"}],"author":[{"embeddable":true,"href":"https:\/\/www.mydriverparis.com\/fr\/wp-json\/wp\/v2\/users\/1"}],"replies":[{"embeddable":true,"href":"https:\/\/www.mydriverparis.com\/fr\/wp-json\/wp\/v2\/comments?post=6599"}],"version-history":[{"count":0,"href":"https:\/\/www.mydriverparis.com\/fr\/wp-json\/wp\/v2\/pages\/6599\/revisions"}],"wp:attachment":[{"href":"https:\/\/www.mydriverparis.com\/fr\/wp-json\/wp\/v2\/media?parent=6599"}],"curies":[{"name":"wp","href":"https:\/\/api.w.org\/{rel}","templated":true}]}}