{"id":6654,"date":"2020-04-14T15:51:20","date_gmt":"2020-04-14T13:51:20","guid":{"rendered":"https:\/\/www.mydriverparis.com\/?page_id=6654"},"modified":"2020-04-14T15:53:04","modified_gmt":"2020-04-14T13:53:04","slug":"lyon-aeroport","status":"publish","type":"page","link":"https:\/\/www.mydriverparis.com\/fr\/lyon-aeroport\/","title":{"rendered":"Transfert A\u00e9roport Lyon"},"content":{"rendered":"<p><\/p>\n<p>Par sa population, Lyon constitue la&nbsp;troisi\u00e8me commune de France. Que vous soyez touriste ou voyageur d\u2019affaires, le meilleur moyen pour tout visiteur de Lyon est de r\u00e9server avec notre <a href=\"\/?page_id=6636\">service de chauffeur priv\u00e9 \u00e0 Lyon <\/a>pour se d\u00e9placer dans le style et le confort que seul un service de voiture priv\u00e9e peut offrir.<\/p>\n<p>Nos chauffeurs ne sont que des locaux anglophones dipl\u00f4m\u00e9s d\u2019\u00e9tat, ce qui nous permet d\u2019assurer une conduite en toute s\u00e9curit\u00e9 o\u00f9 que vous alliez \u00e0 Lyon. Notre <a href=\"\/?page_id=6630\">service VTC \u00e0 <\/a><a href=\"\/?page_id=6630\">Lyon<\/a>&nbsp; propose les plus hauts standards de professionnalisme et de discr\u00e9tion.<\/p>\n<p>Situ\u00e9e entre le massif central&nbsp;\u00e0 l&#8217;ouest et le&nbsp;massif alpin&nbsp;\u00e0 l&#8217;est, la ville de Lyon occupe une position strat\u00e9gique dans la circulation nord-sud en&nbsp;Europe. Avec notre service de <a href=\"\/?page_id=6654\">transfert a\u00e9roport \u00e0 Lyon<\/a>, votre chauffeur priv\u00e9 sera l\u00e0 avec une pancarte, heureux de vous aider avec vos bagages et de r\u00e9pondre \u00e0 toutes vos questions sur votre voyage.<\/p>\n<p>La ville a conserv\u00e9 un patrimoine architectural important allant de l&#8217;\u00e9poque romaine au <abbr class=\"abbr\" title=\"20\u1d49 si\u00e8cle\"><span class=\"romain\">xx<\/span><sup>e<\/sup><\/abbr>&nbsp;si\u00e8cle en passant par la Renaissance et, \u00e0 ce titre, les quartiers du&nbsp;Vieux Lyon, de la colline de&nbsp;Fourvi\u00e8re, de la&nbsp;Presqu&#8217;\u00eele&nbsp;et des&nbsp;pentes de la Croix-Rousse&nbsp;sont inscrits sur la liste du&nbsp;patrimoine mondial&nbsp;de l&#8217;UNESCO. Pour vous d\u00e9placer entre ces diff\u00e9rents sites, nous proposons la meilleure<a href=\"\/?page_id=6619\"> alternative aux taxis \u00e0 Lyon<\/a><\/p>\n<p><\/p>\n","protected":false},"excerpt":{"rendered":"","protected":false},"author":1,"featured_media":0,"parent":0,"menu_order":0,"comment_status":"closed","ping_status":"closed","template":"","meta":{"om_disable_all_campaigns":false,"footnotes":""},"class_list":["post-6654","page","type-page","status-publish","hentry"],"_links":{"self":[{"href":"https:\/\/www.mydriverparis.com\/fr\/wp-json\/wp\/v2\/pages\/6654","targetHints":{"allow":["GET"]}}],"collection":[{"href":"https:\/\/www.mydriverparis.com\/fr\/wp-json\/wp\/v2\/pages"}],"about":[{"href":"https:\/\/www.mydriverparis.com\/fr\/wp-json\/wp\/v2\/types\/page"}],"author":[{"embeddable":true,"href":"https:\/\/www.mydriverparis.com\/fr\/wp-json\/wp\/v2\/users\/1"}],"replies":[{"embeddable":true,"href":"https:\/\/www.mydriverparis.com\/fr\/wp-json\/wp\/v2\/comments?post=6654"}],"version-history":[{"count":0,"href":"https:\/\/www.mydriverparis.com\/fr\/wp-json\/wp\/v2\/pages\/6654\/revisions"}],"wp:attachment":[{"href":"https:\/\/www.mydriverparis.com\/fr\/wp-json\/wp\/v2\/media?parent=6654"}],"curies":[{"name":"wp","href":"https:\/\/api.w.org\/{rel}","templated":true}]}}