{"id":7330,"date":"2021-05-18T11:08:41","date_gmt":"2021-05-18T09:08:41","guid":{"rendered":"https:\/\/www.mydriverparis.com\/transfert-paris-beaune\/"},"modified":"2021-05-18T11:08:42","modified_gmt":"2021-05-18T09:08:42","slug":"transfert-paris-beaune","status":"publish","type":"page","link":"https:\/\/www.mydriverparis.com\/fr\/transfert-paris-beaune\/","title":{"rendered":"Transfert Paris Beaune"},"content":{"rendered":"<span style=\"font-weight: 400;\">MyDriverParis vous offre un voyage facile et confortable avec un chauffeur priv\u00e9 et une voiture de luxe de Paris \u00e0 Beaune et retour. Avec MyDriverParis vous aurez :<\/span><\/p>\n<ul>\n<li style=\"font-weight: 400;\" aria-level=\"1\"><span style=\"font-weight: 400;\">Transferts priv\u00e9s de Paris \u00e0 Beaune<\/span><\/li>\n<li style=\"font-weight: 400;\" aria-level=\"1\"><span style=\"font-weight: 400;\">Un transport fiable de porte \u00e0 porte<\/span><\/li>\n<li style=\"font-weight: 400;\" aria-level=\"1\"><span style=\"font-weight: 400;\">Prix fixes<\/span><\/li>\n<li style=\"font-weight: 400;\" aria-level=\"1\"><span style=\"font-weight: 400;\">Paiement par carte, virement bancaire<\/span><\/li>\n<li style=\"font-weight: 400;\" aria-level=\"1\"><span style=\"font-weight: 400;\">Chauffeurs professionnels<\/span><\/li>\n<\/ul>\n<p><span style=\"font-weight: 400;\">Notre chauffeur peut venir vous chercher \u00e0 l&#8217;a\u00e9roport, \u00e0 la gare ou n&#8217;importe o\u00f9 dans Paris et vous conduire directement \u00e0 Beaune. Gr\u00e2ce \u00e0 notre service de luxe, vous pourrez profiter d\u2019un agr\u00e9able moment pour ce long trajet de Paris \u00e0 Beaune, tout en restant d\u00e9tendu dans les si\u00e8ges de l&#8217;une de nos voitures haut de gamme.<\/span><\/p>\n<p><img loading=\"lazy\" decoding=\"async\" width=\"300\" height=\"126\" class=\"alignnone size-medium wp-image-1541\" src=\"https:\/\/www.mydriverparis.com\/wp-content\/uploads\/2018\/05\/Transfer-Paris-Beaune-300x126.png\" alt=\"Transfer Paris Beaune\" srcset=\"https:\/\/www.mydriverparis.com\/wp-content\/uploads\/2018\/05\/Transfer-Paris-Beaune-300x126.png 300w, https:\/\/www.mydriverparis.com\/wp-content\/uploads\/2018\/05\/Transfer-Paris-Beaune-768x322.png 768w, https:\/\/www.mydriverparis.com\/wp-content\/uploads\/2018\/05\/Transfer-Paris-Beaune-100x42.png 100w, https:\/\/www.mydriverparis.com\/wp-content\/uploads\/2018\/05\/Transfer-Paris-Beaune.png 793w\" sizes=\"auto, (max-width: 300px) 100vw, 300px\" \/><\/p>\n<p><span style=\"font-weight: 400;\">La distance entre Paris et Beaune est d&#8217;environ 450 km pour une dur\u00e9e de trajet estim\u00e9e \u00e0 6 heures et 30 minutes.<\/span><\/p>\n<p><span style=\"font-weight: 400;\">Choisissez parmi une large flotte de v\u00e9hicules haut de gamme , c\u2019est la meilleure alternative Taxi Paris \u00e0 Beaune.<\/span><\/p>\n<p><span style=\"font-weight: 400;\">Pour les grands groupes, nous pouvons \u00e9galement fournir des minibus et des bus.<\/span><\/p>\n<p><span style=\"font-weight: 400;\">Si vous avez besoin de quelque chose de sp\u00e9cial pour ce voyage de Paris \u00e0 Beaune, n&#8217;h\u00e9sitez pas \u00e0 nous contacter ! Nous pouvons nous adapter \u00e0 chaque transfert pour r\u00e9pondre \u00e0 tous vos besoins.<\/span>\n","protected":false},"excerpt":{"rendered":"","protected":false},"author":1,"featured_media":0,"parent":0,"menu_order":0,"comment_status":"closed","ping_status":"closed","template":"excursion-template.php","meta":{"om_disable_all_campaigns":false,"footnotes":""},"class_list":["post-7330","page","type-page","status-publish","hentry"],"_links":{"self":[{"href":"https:\/\/www.mydriverparis.com\/fr\/wp-json\/wp\/v2\/pages\/7330","targetHints":{"allow":["GET"]}}],"collection":[{"href":"https:\/\/www.mydriverparis.com\/fr\/wp-json\/wp\/v2\/pages"}],"about":[{"href":"https:\/\/www.mydriverparis.com\/fr\/wp-json\/wp\/v2\/types\/page"}],"author":[{"embeddable":true,"href":"https:\/\/www.mydriverparis.com\/fr\/wp-json\/wp\/v2\/users\/1"}],"replies":[{"embeddable":true,"href":"https:\/\/www.mydriverparis.com\/fr\/wp-json\/wp\/v2\/comments?post=7330"}],"version-history":[{"count":1,"href":"https:\/\/www.mydriverparis.com\/fr\/wp-json\/wp\/v2\/pages\/7330\/revisions"}],"predecessor-version":[{"id":7331,"href":"https:\/\/www.mydriverparis.com\/fr\/wp-json\/wp\/v2\/pages\/7330\/revisions\/7331"}],"wp:attachment":[{"href":"https:\/\/www.mydriverparis.com\/fr\/wp-json\/wp\/v2\/media?parent=7330"}],"curies":[{"name":"wp","href":"https:\/\/api.w.org\/{rel}","templated":true}]}}