{"id":76018,"date":"2026-04-17T13:30:52","date_gmt":"2026-04-17T11:30:52","guid":{"rendered":"https:\/\/www.mydriverparis.com\/?page_id=76018"},"modified":"2026-04-17T13:46:52","modified_gmt":"2026-04-17T11:46:52","slug":"location-mercedes-classe-v-avec-chauffeur-paris","status":"publish","type":"page","link":"https:\/\/www.mydriverparis.com\/fr\/location-mercedes-classe-v-avec-chauffeur-paris\/","title":{"rendered":"Location Mercedes Classe V avec Chauffeur \u00e0 Paris"},"content":{"rendered":"","protected":false},"excerpt":{"rendered":"<p>Louez une Mercedes Classe V avec chauffeur priv\u00e9 \u00e0 Paris. Jusqu&#8217;\u00e0 7 passagers, 6 bagages. Transfert CDG\/Orly d\u00e8s 150 \u20ac, tout inclus.<\/p>\n","protected":false},"author":1,"featured_media":76020,"parent":0,"menu_order":0,"comment_status":"closed","ping_status":"closed","template":"fleet-template.php","meta":{"om_disable_all_campaigns":false,"footnotes":""},"class_list":["post-76018","page","type-page","status-publish","has-post-thumbnail","hentry"],"_links":{"self":[{"href":"https:\/\/www.mydriverparis.com\/fr\/wp-json\/wp\/v2\/pages\/76018","targetHints":{"allow":["GET"]}}],"collection":[{"href":"https:\/\/www.mydriverparis.com\/fr\/wp-json\/wp\/v2\/pages"}],"about":[{"href":"https:\/\/www.mydriverparis.com\/fr\/wp-json\/wp\/v2\/types\/page"}],"author":[{"embeddable":true,"href":"https:\/\/www.mydriverparis.com\/fr\/wp-json\/wp\/v2\/users\/1"}],"replies":[{"embeddable":true,"href":"https:\/\/www.mydriverparis.com\/fr\/wp-json\/wp\/v2\/comments?post=76018"}],"version-history":[{"count":1,"href":"https:\/\/www.mydriverparis.com\/fr\/wp-json\/wp\/v2\/pages\/76018\/revisions"}],"predecessor-version":[{"id":76019,"href":"https:\/\/www.mydriverparis.com\/fr\/wp-json\/wp\/v2\/pages\/76018\/revisions\/76019"}],"wp:featuredmedia":[{"embeddable":true,"href":"https:\/\/www.mydriverparis.com\/fr\/wp-json\/wp\/v2\/media\/76020"}],"wp:attachment":[{"href":"https:\/\/www.mydriverparis.com\/fr\/wp-json\/wp\/v2\/media?parent=76018"}],"curies":[{"name":"wp","href":"https:\/\/api.w.org\/{rel}","templated":true}]}}