{"id":806,"date":"2017-10-10T17:19:52","date_gmt":"2017-10-10T15:19:52","guid":{"rendered":"https:\/\/www.mydriverparis.com\/index.php\/a-propos\/"},"modified":"2024-01-09T14:41:07","modified_gmt":"2024-01-09T13:41:07","slug":"a-propos","status":"publish","type":"page","link":"https:\/\/www.mydriverparis.com\/fr\/a-propos\/","title":{"rendered":"\u00c0 propos"},"content":{"rendered":"<p><h4 class=\"text-xl font-title\">Notre Mission<\/h4><div class=\"mt-2 mb-6 w-20 h-0.5 bg-primary-500\"><\/div><b>MyDriverParis,<\/b>\u00a0votre chauffeur VTC \u00e0 Paris est l\u00e0 pour vous et propose un\u00a0<strong>confort premium<\/strong>\u00a0durant votre voyage. Quel que soit votre besoin, transfert Gare, A\u00e9roport, Visite touristique, rendez-vous, mariage, s\u00e9minaire.<\/p>\n<p>R\u00e9servez votre VTC \u00e0 Paris en profitant d&#8217;un service premium et de chauffeurs exp\u00e9riment\u00e9s. Prix fixes et service sur-mesure.<h4 class=\"text-xl font-title\">Notre exp\u00e9rience<\/h4><div class=\"mt-2 mb-6 w-20 h-0.5 bg-primary-500\"><\/div>Nos chauffeurs comp\u00e9tents parlent plusieurs langues, vous pouvez donc demander un chauffeur parlant votre langue maternelle, quel que soit le pays de votre r\u00e9servation.<\/p>\n<ul>\n<li>V\u00e9hicules haut de gamme<\/li>\n<li>Des conducteurs professionnels<\/li>\n<li>Service fiable et de luxe<\/li>\n<li>Une exp\u00e9rience sur mesure pour vos besoins<\/li>\n<\/ul>\n<p><h4 class=\"text-xl font-title\">Notre soci\u00e9t\u00e9<\/h4><div class=\"mt-2 mb-6 w-20 h-0.5 bg-primary-500\"><\/div><span lang=\"fr\"><strong>MyDriverParis<\/strong>\u00a0est une soci\u00e9t\u00e9 de Transport de personnes VTC avec Chauffeur haut de gamme et v\u00e9hicule situ\u00e9e dans Paris. Nous sommes fiers de notre marque prestigieuse et renomm\u00e9e, reconnue pour son haut niveau de service, sa discr\u00e9tion et sa s\u00e9curit\u00e9.<\/span><\/p>\n","protected":false},"excerpt":{"rendered":"","protected":false},"author":1,"featured_media":0,"parent":0,"menu_order":0,"comment_status":"closed","ping_status":"closed","template":"excursion-template.php","meta":{"om_disable_all_campaigns":false,"footnotes":""},"class_list":["post-806","page","type-page","status-publish","hentry"],"_links":{"self":[{"href":"https:\/\/www.mydriverparis.com\/fr\/wp-json\/wp\/v2\/pages\/806","targetHints":{"allow":["GET"]}}],"collection":[{"href":"https:\/\/www.mydriverparis.com\/fr\/wp-json\/wp\/v2\/pages"}],"about":[{"href":"https:\/\/www.mydriverparis.com\/fr\/wp-json\/wp\/v2\/types\/page"}],"author":[{"embeddable":true,"href":"https:\/\/www.mydriverparis.com\/fr\/wp-json\/wp\/v2\/users\/1"}],"replies":[{"embeddable":true,"href":"https:\/\/www.mydriverparis.com\/fr\/wp-json\/wp\/v2\/comments?post=806"}],"version-history":[{"count":1,"href":"https:\/\/www.mydriverparis.com\/fr\/wp-json\/wp\/v2\/pages\/806\/revisions"}],"predecessor-version":[{"id":12453,"href":"https:\/\/www.mydriverparis.com\/fr\/wp-json\/wp\/v2\/pages\/806\/revisions\/12453"}],"wp:attachment":[{"href":"https:\/\/www.mydriverparis.com\/fr\/wp-json\/wp\/v2\/media?parent=806"}],"curies":[{"name":"wp","href":"https:\/\/api.w.org\/{rel}","templated":true}]}}