{"id":810,"date":"2017-10-10T17:28:37","date_gmt":"2017-10-10T15:28:37","guid":{"rendered":"https:\/\/www.mydriverparis.com\/index.php\/fashion-week\/"},"modified":"2018-03-27T17:43:01","modified_gmt":"2018-03-27T15:43:01","slug":"fashion-week","status":"publish","type":"page","link":"https:\/\/www.mydriverparis.com\/fr\/evenements\/fashion-week\/","title":{"rendered":"Fashion Week"},"content":{"rendered":"<img loading=\"lazy\" decoding=\"async\" width=\"300\" height=\"137\" class=\"alignnone size-medium wp-image-906\" src=\"https:\/\/www.mydriverparis.com\/wp-content\/uploads\/2017\/10\/paris-fashion-week-300x137.jpg\" alt=\"\" srcset=\"https:\/\/www.mydriverparis.com\/wp-content\/uploads\/2017\/10\/paris-fashion-week-300x137.jpg 300w, https:\/\/www.mydriverparis.com\/wp-content\/uploads\/2017\/10\/paris-fashion-week-768x352.jpg 768w, https:\/\/www.mydriverparis.com\/wp-content\/uploads\/2017\/10\/paris-fashion-week-1024x469.jpg 1024w, https:\/\/www.mydriverparis.com\/wp-content\/uploads\/2017\/10\/paris-fashion-week-100x46.jpg 100w, https:\/\/www.mydriverparis.com\/wp-content\/uploads\/2017\/10\/paris-fashion-week.jpg 1170w\" sizes=\"auto, (max-width: 300px) 100vw, 300px\" \/><\/p>\n<p>La\u00a0Paris Fashion Week\u00a0(aussi appel\u00e9e la \u00ab\u00a0Semaine de la mode \u00e0 Paris\u00a0\u00bb ou \u00ab\u00a0Fashion week de Paris\u00a0\u00bb) est une c\u00e9l\u00e8bre\u00a0semaine de d\u00e9fil\u00e9s, qui, sous sa forme actuelle, a lieu tous les six mois, depuis 1973, \u00e0\u00a0Paris, en France, avec des \u00e9v\u00e9nements consacr\u00e9s \u00e0 la\u00a0haute couture, d\u2019autres consacr\u00e9s au\u00a0pr\u00eat-\u00e0-porter\u00a0ou \u00e0 la mode masculine (\u00e0 chaque fois printemps-\u00e9t\u00e9 et automne-hiver).<\/p>\n<p>Vous pouvez d\u00e8s \u00e0 pr\u00e9sent r\u00e9server votre chauffeur priv\u00e9 VTC pour la fashion week.\n","protected":false},"excerpt":{"rendered":"","protected":false},"author":1,"featured_media":0,"parent":809,"menu_order":0,"comment_status":"closed","ping_status":"closed","template":"excursion-template.php","meta":{"om_disable_all_campaigns":false,"footnotes":""},"class_list":["post-810","page","type-page","status-publish","hentry"],"_links":{"self":[{"href":"https:\/\/www.mydriverparis.com\/fr\/wp-json\/wp\/v2\/pages\/810","targetHints":{"allow":["GET"]}}],"collection":[{"href":"https:\/\/www.mydriverparis.com\/fr\/wp-json\/wp\/v2\/pages"}],"about":[{"href":"https:\/\/www.mydriverparis.com\/fr\/wp-json\/wp\/v2\/types\/page"}],"author":[{"embeddable":true,"href":"https:\/\/www.mydriverparis.com\/fr\/wp-json\/wp\/v2\/users\/1"}],"replies":[{"embeddable":true,"href":"https:\/\/www.mydriverparis.com\/fr\/wp-json\/wp\/v2\/comments?post=810"}],"version-history":[{"count":0,"href":"https:\/\/www.mydriverparis.com\/fr\/wp-json\/wp\/v2\/pages\/810\/revisions"}],"up":[{"embeddable":true,"href":"https:\/\/www.mydriverparis.com\/fr\/wp-json\/wp\/v2\/pages\/809"}],"wp:attachment":[{"href":"https:\/\/www.mydriverparis.com\/fr\/wp-json\/wp\/v2\/media?parent=810"}],"curies":[{"name":"wp","href":"https:\/\/api.w.org\/{rel}","templated":true}]}}