{"id":811,"date":"2017-10-10T17:28:59","date_gmt":"2017-10-10T15:28:59","guid":{"rendered":"https:\/\/www.mydriverparis.com\/index.php\/maison-objet\/"},"modified":"2018-03-27T17:06:58","modified_gmt":"2018-03-27T15:06:58","slug":"maison-objet","status":"publish","type":"page","link":"https:\/\/www.mydriverparis.com\/fr\/evenements\/maison-objet\/","title":{"rendered":"Maison &#038; Objet"},"content":{"rendered":"<img loading=\"lazy\" decoding=\"async\" width=\"300\" height=\"124\" class=\"alignnone size-medium wp-image-911\" src=\"https:\/\/www.mydriverparis.com\/wp-content\/uploads\/2017\/10\/Best-Design-Trade-Shows-2017-You-Should-Visit-Maison-Objet-300x124.jpg\" alt=\"\" srcset=\"https:\/\/www.mydriverparis.com\/wp-content\/uploads\/2017\/10\/Best-Design-Trade-Shows-2017-You-Should-Visit-Maison-Objet-300x124.jpg 300w, https:\/\/www.mydriverparis.com\/wp-content\/uploads\/2017\/10\/Best-Design-Trade-Shows-2017-You-Should-Visit-Maison-Objet-768x317.jpg 768w, https:\/\/www.mydriverparis.com\/wp-content\/uploads\/2017\/10\/Best-Design-Trade-Shows-2017-You-Should-Visit-Maison-Objet-100x41.jpg 100w, https:\/\/www.mydriverparis.com\/wp-content\/uploads\/2017\/10\/Best-Design-Trade-Shows-2017-You-Should-Visit-Maison-Objet.jpg 800w\" sizes=\"auto, (max-width: 300px) 100vw, 300px\" \/><\/p>\n<p>Le grand salon\u00a0Maison &amp; Objet\u00a0est de retour au Parc des Expositions de Villepinte pour une nouvelle \u00e9dition riche en nouvelles tendances et nouveaux talents. Ce rendez-vous r\u00e9serv\u00e9 aux professionnels explorera tout l\u2019univers de la maison, de la d\u00e9co aux arts de la table, en passant par les accessoires et le textile.\u00a0<br class=\"autobr\" \/>Avec\u00a03000 marques\u00a0dont 45% internationales, plus de 130 000 m\u00b2 de stands et\u00a070 000 visiteurs, &#8220;M&amp;O&#8221; est l\u2019\u00e9v\u00e9nement r\u00e9f\u00e9rence de tous les acteurs de l\u2019art de vivre, de la mode-maison, de la d\u00e9coration d\u2019int\u00e9rieur et du design, chaque ann\u00e9e en janvier et septembre \u00e0 Paris.<\/p>\n<p>Le rendez-vous des professionnels de la d\u00e9coration r\u00e9v\u00e8le les strat\u00e9gies retail qui fonctionnent, les tendances \u00e9mergentes du secteur ou encore les derniers mat\u00e9riaux.<\/p>\n<p>Vous pouvez d\u00e8s \u00e0 pr\u00e9sent r\u00e9server votre chauffeur priv\u00e9 VTC pour Maison et Objet.\n","protected":false},"excerpt":{"rendered":"","protected":false},"author":1,"featured_media":0,"parent":809,"menu_order":0,"comment_status":"closed","ping_status":"closed","template":"excursion-template.php","meta":{"om_disable_all_campaigns":false,"footnotes":""},"class_list":["post-811","page","type-page","status-publish","hentry"],"_links":{"self":[{"href":"https:\/\/www.mydriverparis.com\/fr\/wp-json\/wp\/v2\/pages\/811","targetHints":{"allow":["GET"]}}],"collection":[{"href":"https:\/\/www.mydriverparis.com\/fr\/wp-json\/wp\/v2\/pages"}],"about":[{"href":"https:\/\/www.mydriverparis.com\/fr\/wp-json\/wp\/v2\/types\/page"}],"author":[{"embeddable":true,"href":"https:\/\/www.mydriverparis.com\/fr\/wp-json\/wp\/v2\/users\/1"}],"replies":[{"embeddable":true,"href":"https:\/\/www.mydriverparis.com\/fr\/wp-json\/wp\/v2\/comments?post=811"}],"version-history":[{"count":0,"href":"https:\/\/www.mydriverparis.com\/fr\/wp-json\/wp\/v2\/pages\/811\/revisions"}],"up":[{"embeddable":true,"href":"https:\/\/www.mydriverparis.com\/fr\/wp-json\/wp\/v2\/pages\/809"}],"wp:attachment":[{"href":"https:\/\/www.mydriverparis.com\/fr\/wp-json\/wp\/v2\/media?parent=811"}],"curies":[{"name":"wp","href":"https:\/\/api.w.org\/{rel}","templated":true}]}}