{"id":813,"date":"2017-10-10T17:30:08","date_gmt":"2017-10-10T15:30:08","guid":{"rendered":"https:\/\/www.mydriverparis.com\/index.php\/salon-du-bourget\/"},"modified":"2018-03-27T17:04:51","modified_gmt":"2018-03-27T15:04:51","slug":"salon-du-bourget","status":"publish","type":"page","link":"https:\/\/www.mydriverparis.com\/fr\/evenements\/salon-du-bourget\/","title":{"rendered":"Salon du Bourget"},"content":{"rendered":"<img loading=\"lazy\" decoding=\"async\" width=\"178\" height=\"182\" class=\"alignnone size-full wp-image-914\" src=\"https:\/\/www.mydriverparis.com\/wp-content\/uploads\/2017\/10\/1880324-1-logo.jpg\" alt=\"\" srcset=\"https:\/\/www.mydriverparis.com\/wp-content\/uploads\/2017\/10\/1880324-1-logo.jpg 178w, https:\/\/www.mydriverparis.com\/wp-content\/uploads\/2017\/10\/1880324-1-logo-98x100.jpg 98w\" sizes=\"auto, (max-width: 178px) 100vw, 178px\" \/><\/p>\n<p>Le Salon International de l\u2019A\u00e9ronautique et de l\u2019Espace est organis\u00e9 par le SIAE, filiale du\u00a0Groupement des Industries Fran\u00e7aises A\u00e9ronautiques et Spatiales (GIFAS).<br \/>\nLa 53<sup>e<\/sup>\u00a0\u00a0\u00e9dition du salon aura lieu au Parc des Expositions du Bourget du\u00a017\u00a0au 23\u00a0juin 2019\u00a0et r\u00e9unira de nouveau l\u2019ensemble des acteurs de l\u2019industrie mondiale autour des derni\u00e8res innovations technologiques. Les 4 premiers jours du salon seront r\u00e9serv\u00e9s aux professionnels suivis de 3 jours pour le Grand Public.<\/p>\n<p>A chaque \u00e9dition du Salon, pr\u00e8s de 150 a\u00e9ronefs sont pr\u00e9sent\u00e9s aux visiteurs.<br \/>\nParmi ces a\u00e9ronefs, une partie effectue des pr\u00e9sentations en vol quotidiennes chaque apr\u00e8s-midi.<br \/>\nToujours spectaculaires, souvent \u00e9tonnantes, les pr\u00e9sentations a\u00e9riennes constituent un des moments forts du Salon et permettent aux exposants de montrer leur savoir-faire technologique et aux visiteurs de d\u00e9couvrir les derni\u00e8res nouveaut\u00e9s en la mati\u00e8re<\/p>\n<p>Vous pouvez d\u00e8s \u00e0 pr\u00e9sent r\u00e9server votre chauffeur priv\u00e9 VTC pour le salon du bourget.\n","protected":false},"excerpt":{"rendered":"","protected":false},"author":1,"featured_media":0,"parent":809,"menu_order":0,"comment_status":"closed","ping_status":"closed","template":"excursion-template.php","meta":{"om_disable_all_campaigns":false,"footnotes":""},"class_list":["post-813","page","type-page","status-publish","hentry"],"_links":{"self":[{"href":"https:\/\/www.mydriverparis.com\/fr\/wp-json\/wp\/v2\/pages\/813","targetHints":{"allow":["GET"]}}],"collection":[{"href":"https:\/\/www.mydriverparis.com\/fr\/wp-json\/wp\/v2\/pages"}],"about":[{"href":"https:\/\/www.mydriverparis.com\/fr\/wp-json\/wp\/v2\/types\/page"}],"author":[{"embeddable":true,"href":"https:\/\/www.mydriverparis.com\/fr\/wp-json\/wp\/v2\/users\/1"}],"replies":[{"embeddable":true,"href":"https:\/\/www.mydriverparis.com\/fr\/wp-json\/wp\/v2\/comments?post=813"}],"version-history":[{"count":0,"href":"https:\/\/www.mydriverparis.com\/fr\/wp-json\/wp\/v2\/pages\/813\/revisions"}],"up":[{"embeddable":true,"href":"https:\/\/www.mydriverparis.com\/fr\/wp-json\/wp\/v2\/pages\/809"}],"wp:attachment":[{"href":"https:\/\/www.mydriverparis.com\/fr\/wp-json\/wp\/v2\/media?parent=813"}],"curies":[{"name":"wp","href":"https:\/\/api.w.org\/{rel}","templated":true}]}}