{"id":815,"date":"2017-10-10T17:31:13","date_gmt":"2017-10-10T15:31:13","guid":{"rendered":"https:\/\/www.mydriverparis.com\/index.php\/tarifs\/"},"modified":"2018-03-27T17:40:19","modified_gmt":"2018-03-27T15:40:19","slug":"tarifs","status":"publish","type":"page","link":"https:\/\/www.mydriverparis.com\/fr\/tarifs\/","title":{"rendered":"Tarifs"},"content":{"rendered":"[service_rates_page column_1_title=&#8221;Tarif Horaire&#8221; column_1_desc=&#8221;D\u00e9placements professionnels&#8221; column_2_title=&#8221;Forfait jour&#8221; column_2_desc=&#8221;Mariage, Fashion week&#8221; column_3_title=&#8221;Transfert A\u00e9roport&#8221; column_3_desc=&#8221;Prix fixe&#8221; call_to_action_text=&#8221;R\u00e9server votre voiture avec chauffeur et profiter d&#8217;un d\u00e9placement agr\u00e9able dans une voiture luxueuse&#8221; call_to_action_button_text=&#8221;R\u00e9servation en ligne&#8221; call_to_action_button_url=&#8221;https:\/\/www.mydriverparis.com\/index.php\/booking\/&#8221;]\n","protected":false},"excerpt":{"rendered":"","protected":false},"author":1,"featured_media":0,"parent":0,"menu_order":0,"comment_status":"closed","ping_status":"closed","template":"","meta":{"om_disable_all_campaigns":false,"footnotes":""},"class_list":["post-815","page","type-page","status-publish","hentry"],"_links":{"self":[{"href":"https:\/\/www.mydriverparis.com\/fr\/wp-json\/wp\/v2\/pages\/815","targetHints":{"allow":["GET"]}}],"collection":[{"href":"https:\/\/www.mydriverparis.com\/fr\/wp-json\/wp\/v2\/pages"}],"about":[{"href":"https:\/\/www.mydriverparis.com\/fr\/wp-json\/wp\/v2\/types\/page"}],"author":[{"embeddable":true,"href":"https:\/\/www.mydriverparis.com\/fr\/wp-json\/wp\/v2\/users\/1"}],"replies":[{"embeddable":true,"href":"https:\/\/www.mydriverparis.com\/fr\/wp-json\/wp\/v2\/comments?post=815"}],"version-history":[{"count":0,"href":"https:\/\/www.mydriverparis.com\/fr\/wp-json\/wp\/v2\/pages\/815\/revisions"}],"wp:attachment":[{"href":"https:\/\/www.mydriverparis.com\/fr\/wp-json\/wp\/v2\/media?parent=815"}],"curies":[{"name":"wp","href":"https:\/\/api.w.org\/{rel}","templated":true}]}}