{"id":75007,"date":"2026-04-10T09:52:04","date_gmt":"2026-04-10T07:52:04","guid":{"rendered":"https:\/\/www.mydriverparis.com\/?page_id=75007"},"modified":"2026-04-10T09:52:04","modified_gmt":"2026-04-10T07:52:04","slug":"servico-vip-meet-greet-aeroportos-estacoes","status":"publish","type":"page","link":"https:\/\/www.mydriverparis.com\/pt-pt\/our-services\/servico-vip-meet-greet-aeroportos-estacoes\/","title":{"rendered":"Servi\u00e7o VIP Meet and Greet em Aeroportos e Esta\u00e7\u00f5es"},"content":{"rendered":"","protected":false},"excerpt":{"rendered":"","protected":false},"author":1,"featured_media":0,"parent":1053,"menu_order":0,"comment_status":"closed","ping_status":"closed","template":"excursion-template.php","meta":{"om_disable_all_campaigns":false,"footnotes":""},"class_list":["post-75007","page","type-page","status-publish","hentry"],"_links":{"self":[{"href":"https:\/\/www.mydriverparis.com\/pt-pt\/wp-json\/wp\/v2\/pages\/75007","targetHints":{"allow":["GET"]}}],"collection":[{"href":"https:\/\/www.mydriverparis.com\/pt-pt\/wp-json\/wp\/v2\/pages"}],"about":[{"href":"https:\/\/www.mydriverparis.com\/pt-pt\/wp-json\/wp\/v2\/types\/page"}],"author":[{"embeddable":true,"href":"https:\/\/www.mydriverparis.com\/pt-pt\/wp-json\/wp\/v2\/users\/1"}],"replies":[{"embeddable":true,"href":"https:\/\/www.mydriverparis.com\/pt-pt\/wp-json\/wp\/v2\/comments?post=75007"}],"version-history":[{"count":2,"href":"https:\/\/www.mydriverparis.com\/pt-pt\/wp-json\/wp\/v2\/pages\/75007\/revisions"}],"predecessor-version":[{"id":75009,"href":"https:\/\/www.mydriverparis.com\/pt-pt\/wp-json\/wp\/v2\/pages\/75007\/revisions\/75009"}],"up":[{"embeddable":true,"href":"https:\/\/www.mydriverparis.com\/pt-pt\/wp-json\/wp\/v2\/pages\/1053"}],"wp:attachment":[{"href":"https:\/\/www.mydriverparis.com\/pt-pt\/wp-json\/wp\/v2\/media?parent=75007"}],"curies":[{"name":"wp","href":"https:\/\/api.w.org\/{rel}","templated":true}]}}